{"id":1387,"date":"2019-05-03T13:36:27","date_gmt":"2019-05-03T11:36:27","guid":{"rendered":"http:\/\/www.kananas.com\/uplegess\/?page_id=1387"},"modified":"2019-05-07T12:34:42","modified_gmt":"2019-05-07T10:34:42","slug":"lingenieur-citoyen-2","status":"publish","type":"page","link":"https:\/\/www.kananas.com\/uplegess\/nos-publications\/lingenieur-citoyen-2\/","title":{"rendered":"L&rsquo;ing\u00e9nieur citoyen"},"content":{"rendered":"<p><img loading=\"lazy\" decoding=\"async\" class=\"size-medium wp-image-1377 alignleft\" src=\"http:\/\/www.kananas.com\/uplegess\/wp-content\/uploads\/sites\/992\/2019\/05\/couv_citoyen_bd-212x300.jpg\" alt=\"\" width=\"212\" height=\"300\" srcset=\"https:\/\/www.kananas.com\/uplegess\/wp-content\/uploads\/sites\/992\/2019\/05\/couv_citoyen_bd-212x300.jpg 212w, https:\/\/www.kananas.com\/uplegess\/wp-content\/uploads\/sites\/992\/2019\/05\/couv_citoyen_bd.jpg 481w\" sizes=\"auto, (max-width: 212px) 100vw, 212px\" \/><\/p>\n<p>&nbsp;<\/p>\n<p><strong>Ouvrage paru en 2017 sous la direction de <\/strong><\/p>\n<p><strong>Enrique SANCHEZ-ALBARRACIN et J\u00f6rg ESCHENAUER.<\/strong><\/p>\n<p>Les articles r\u00e9unis dans cet ouvrage sont le fruit du 42e congr\u00e8s de l&rsquo;UPLEGESS, qui a eu lieu \u00e0 l\u2019\u00c9cole centrale de Lyon et qui avait pour objectif de d\u00e9montrer l\u2019existence d\u2019un dialogue fructueux entre les enseignants de langues et cultures (L&amp;C) et de sciences humaines et sociales (SHS) intervenant dans les Grandes \u00c9coles dans le cadre de la formation des ing\u00e9nieurs.<\/p>\n<p>&nbsp;<\/p>\n<p>&nbsp;<\/p>\n<blockquote><p>Pour en savoir plus et commander le livre : <strong><a href=\"https:\/\/www.presses-des-ponts.fr\/notre-librairie\/360-lingenieur-citoyen.html\" target=\"_blank\" rel=\"noopener noreferrer\">\u00c9ditions Presse des Ponts<\/a><\/strong><\/p><\/blockquote>\n","protected":false},"excerpt":{"rendered":"<p>&nbsp; Ouvrage paru en 2017 sous la direction de Enrique SANCHEZ-ALBARRACIN et J\u00f6rg ESCHENAUER. Les articles r\u00e9unis dans cet ouvrage sont le fruit du 42e congr\u00e8s de l&rsquo;UPLEGESS, qui a eu lieu \u00e0 l\u2019\u00c9cole centrale de Lyon et qui avait pour objectif de d\u00e9montrer l\u2019existence d\u2019un dialogue fructueux entre les enseignants de langues et cultures (L&amp;C) et de sciences humaines<\/p>\n","protected":false},"author":1025,"featured_media":0,"parent":27,"menu_order":0,"comment_status":"closed","ping_status":"closed","template":"","meta":{"_crdt_document":"","footnotes":""},"class_list":["post-1387","page","type-page","status-publish","hentry"],"_links":{"self":[{"href":"https:\/\/www.kananas.com\/uplegess\/wp-json\/wp\/v2\/pages\/1387","targetHints":{"allow":["GET"]}}],"collection":[{"href":"https:\/\/www.kananas.com\/uplegess\/wp-json\/wp\/v2\/pages"}],"about":[{"href":"https:\/\/www.kananas.com\/uplegess\/wp-json\/wp\/v2\/types\/page"}],"author":[{"embeddable":true,"href":"https:\/\/www.kananas.com\/uplegess\/wp-json\/wp\/v2\/users\/1025"}],"replies":[{"embeddable":true,"href":"https:\/\/www.kananas.com\/uplegess\/wp-json\/wp\/v2\/comments?post=1387"}],"version-history":[{"count":5,"href":"https:\/\/www.kananas.com\/uplegess\/wp-json\/wp\/v2\/pages\/1387\/revisions"}],"predecessor-version":[{"id":1410,"href":"https:\/\/www.kananas.com\/uplegess\/wp-json\/wp\/v2\/pages\/1387\/revisions\/1410"}],"up":[{"embeddable":true,"href":"https:\/\/www.kananas.com\/uplegess\/wp-json\/wp\/v2\/pages\/27"}],"wp:attachment":[{"href":"https:\/\/www.kananas.com\/uplegess\/wp-json\/wp\/v2\/media?parent=1387"}],"curies":[{"name":"wp","href":"https:\/\/api.w.org\/{rel}","templated":true}]}}