{"id":1459,"date":"2019-05-19T16:25:41","date_gmt":"2019-05-19T14:25:41","guid":{"rendered":"http:\/\/www.kananas.com\/uplegess\/?page_id=1459"},"modified":"2022-03-31T09:22:32","modified_gmt":"2022-03-31T07:22:32","slug":"inscription-et-infos-pratiques","status":"publish","type":"page","link":"https:\/\/www.kananas.com\/uplegess\/seminaire-de-formation\/archives-seminaires\/inscription-et-infos-pratiques\/","title":{"rendered":"S\u00e9minaire Avril 2022 &#8211; info et inscription"},"content":{"rendered":"<p><strong>Du jeudi 14 avril 2022 \u00e0 14h au vendredi 15 avril \u00e0 17h \u00e0 l\u2019Ecole des Ponts ParisTech<\/strong><\/p>\n<ul>\n<li>S\u00e9minaire et atelier de formation :\u00a0<strong><em>Pratiquer et \u00e9valuer l\u2019approche performative en didactique des langues<\/em><\/strong><\/li>\n<\/ul>\n","protected":false},"excerpt":{"rendered":"<p>Du jeudi 14 avril 2022 \u00e0 14h au vendredi 15 avril \u00e0 17h \u00e0 l\u2019Ecole des Ponts ParisTech S\u00e9minaire et atelier de formation :\u00a0Pratiquer et \u00e9valuer l\u2019approche performative en didactique des langues<\/p>\n","protected":false},"author":1147,"featured_media":0,"parent":462,"menu_order":0,"comment_status":"closed","ping_status":"closed","template":"","meta":{"_crdt_document":"","footnotes":""},"class_list":["post-1459","page","type-page","status-publish","hentry"],"_links":{"self":[{"href":"https:\/\/www.kananas.com\/uplegess\/wp-json\/wp\/v2\/pages\/1459","targetHints":{"allow":["GET"]}}],"collection":[{"href":"https:\/\/www.kananas.com\/uplegess\/wp-json\/wp\/v2\/pages"}],"about":[{"href":"https:\/\/www.kananas.com\/uplegess\/wp-json\/wp\/v2\/types\/page"}],"author":[{"embeddable":true,"href":"https:\/\/www.kananas.com\/uplegess\/wp-json\/wp\/v2\/users\/1147"}],"replies":[{"embeddable":true,"href":"https:\/\/www.kananas.com\/uplegess\/wp-json\/wp\/v2\/comments?post=1459"}],"version-history":[{"count":16,"href":"https:\/\/www.kananas.com\/uplegess\/wp-json\/wp\/v2\/pages\/1459\/revisions"}],"predecessor-version":[{"id":2519,"href":"https:\/\/www.kananas.com\/uplegess\/wp-json\/wp\/v2\/pages\/1459\/revisions\/2519"}],"up":[{"embeddable":true,"href":"https:\/\/www.kananas.com\/uplegess\/wp-json\/wp\/v2\/pages\/462"}],"wp:attachment":[{"href":"https:\/\/www.kananas.com\/uplegess\/wp-json\/wp\/v2\/media?parent=1459"}],"curies":[{"name":"wp","href":"https:\/\/api.w.org\/{rel}","templated":true}]}}