{"id":1638,"date":"2019-10-25T15:03:07","date_gmt":"2019-10-25T13:03:07","guid":{"rendered":"http:\/\/www.kananas.com\/uplegess\/?page_id=1638"},"modified":"2020-03-20T18:59:45","modified_gmt":"2020-03-20T17:59:45","slug":"journees-detudes-de-2019-2020","status":"publish","type":"page","link":"https:\/\/www.kananas.com\/uplegess\/journees-detudes-cge\/journees-detudes-de-2019-2020\/","title":{"rendered":"Journ\u00e9es d&rsquo;\u00e9tudes de 2019-2020"},"content":{"rendered":"<blockquote><p><span style=\"font-size: 12pt\"><strong><span style=\"color: #999999\"><span id=\"OBJ_PREFIX_DWT562_com_zimbra_date\" class=\"Object\" role=\"link\">Jeudi 30 janvier 2020<\/span> \u00e0 Paris<\/span><\/strong> : <span style=\"color: #33cccc\"><strong>l&rsquo;enjeu de la m\u00e9diatio<\/strong><strong>n<\/strong><\/span> pour l&rsquo;enseignement dans nos \u00e9coles d&rsquo;ing\u00e9nieurs et de management.<br \/>\n<\/span><span style=\"font-size: 12pt\">Journ\u00e9e co-organis\u00e9e avec le laboratoire IMT-DIDALANG\u00a0<\/span><\/p><\/blockquote>\n<blockquote><p><span style=\"font-size: 12pt\"><strong><span style=\"color: #999999\"><span id=\"OBJ_PREFIX_DWT563_com_zimbra_date\" class=\"Object\" role=\"link\"><img loading=\"lazy\" decoding=\"async\" class=\"wp-image-1810 alignright\" src=\"http:\/\/www.kananas.com\/uplegess\/wp-content\/uploads\/sites\/992\/2020\/03\/t\u00e9l\u00e9chargement-1-300x114.jpg\" alt=\"\" width=\"179\" height=\"68\" srcset=\"https:\/\/www.kananas.com\/uplegess\/wp-content\/uploads\/sites\/992\/2020\/03\/t\u00e9l\u00e9chargement-1-300x114.jpg 300w, https:\/\/www.kananas.com\/uplegess\/wp-content\/uploads\/sites\/992\/2020\/03\/t\u00e9l\u00e9chargement-1.jpg 364w\" sizes=\"auto, (max-width: 179px) 100vw, 179px\" \/>Jeudi 9 avril 2020<\/span> \u00e0 Paris <\/span><\/strong>: <span style=\"color: #33cccc\"><strong>Une meilleure capacit\u00e9 auditive peut-elle am\u00e9liorer l\u2019apprentissage des langues\u00a0?<\/strong><\/span><br \/>\n<\/span><span style=\"font-size: 12pt\"><em>Pour trouver des r\u00e9ponses \u00e0 cette question, nous partirons du constat qu&rsquo;avant le langage, il y a le son et que l&rsquo;action langagi\u00e8re vient apr\u00e8s la r\u00e9ception du son. Une meilleure \u00e9coute n&rsquo;est-elle pas la condition n\u00e9cessaire pour une meilleure prononciation ?<\/em><\/span><\/p><\/blockquote>\n<p>&nbsp;<\/p>\n","protected":false},"excerpt":{"rendered":"<p>Jeudi 30 janvier 2020 \u00e0 Paris : l&rsquo;enjeu de la m\u00e9diation pour l&rsquo;enseignement dans nos \u00e9coles d&rsquo;ing\u00e9nieurs et de management. Journ\u00e9e co-organis\u00e9e avec le laboratoire IMT-DIDALANG\u00a0 Jeudi 9 avril 2020 \u00e0 Paris : Une meilleure capacit\u00e9 auditive peut-elle am\u00e9liorer l\u2019apprentissage des langues\u00a0? Pour trouver des r\u00e9ponses \u00e0 cette question, nous partirons du constat qu&rsquo;avant le langage, il y a le<\/p>\n","protected":false},"author":1147,"featured_media":0,"parent":806,"menu_order":0,"comment_status":"closed","ping_status":"closed","template":"","meta":{"_crdt_document":"","footnotes":""},"class_list":["post-1638","page","type-page","status-publish","hentry"],"_links":{"self":[{"href":"https:\/\/www.kananas.com\/uplegess\/wp-json\/wp\/v2\/pages\/1638","targetHints":{"allow":["GET"]}}],"collection":[{"href":"https:\/\/www.kananas.com\/uplegess\/wp-json\/wp\/v2\/pages"}],"about":[{"href":"https:\/\/www.kananas.com\/uplegess\/wp-json\/wp\/v2\/types\/page"}],"author":[{"embeddable":true,"href":"https:\/\/www.kananas.com\/uplegess\/wp-json\/wp\/v2\/users\/1147"}],"replies":[{"embeddable":true,"href":"https:\/\/www.kananas.com\/uplegess\/wp-json\/wp\/v2\/comments?post=1638"}],"version-history":[{"count":16,"href":"https:\/\/www.kananas.com\/uplegess\/wp-json\/wp\/v2\/pages\/1638\/revisions"}],"predecessor-version":[{"id":1836,"href":"https:\/\/www.kananas.com\/uplegess\/wp-json\/wp\/v2\/pages\/1638\/revisions\/1836"}],"up":[{"embeddable":true,"href":"https:\/\/www.kananas.com\/uplegess\/wp-json\/wp\/v2\/pages\/806"}],"wp:attachment":[{"href":"https:\/\/www.kananas.com\/uplegess\/wp-json\/wp\/v2\/media?parent=1638"}],"curies":[{"name":"wp","href":"https:\/\/api.w.org\/{rel}","templated":true}]}}