{"id":2157,"date":"2021-03-25T19:31:58","date_gmt":"2021-03-25T18:31:58","guid":{"rendered":"http:\/\/www.kananas.com\/uplegess\/?page_id=2157"},"modified":"2022-01-31T18:04:28","modified_gmt":"2022-01-31T17:04:28","slug":"journees-detudes-2020-2021","status":"publish","type":"page","link":"https:\/\/www.kananas.com\/uplegess\/journees-detudes-cge\/journees-detudes-2020-2021\/","title":{"rendered":"Journ\u00e9es d&rsquo;\u00e9tudes 2020-2021"},"content":{"rendered":"<p style=\"text-align: left\">9 avril 2021 9h \u2013 13h \u2013 Visio Conf\u00e9rence\/Zoom<\/p>\n<blockquote>\n<p style=\"text-align: left\"><strong>SON, SENSIBILITE AUDITIVE ET ENSEIGNEMENT-APPRENTISSAGE DES LANGUES<\/strong><\/p>\n<p style=\"text-align: left\"><em><strong>Une meilleure sensibilit\u00e9 auditive peut-elle am\u00e9liorer l\u2019apprentissage des langues<\/strong>\u00a0?<\/em><\/p>\n<\/blockquote>\n<hr \/>\n<p>18 mars 2021 &#8211; <strong>Une rencontre avec Hartmut Rosa, <\/strong><strong>sociologue et philosophe allemand,<\/strong><\/p>\n<blockquote><p>10h-12h &#8211; le webinaire :\u00a0\u00bb<span style=\"font-size: 14pt\"><em>COVID 19 : crise et opportunit\u00e9 de la r\u00e9sonance dans la soci\u00e9t\u00e9 d&rsquo;acc\u00e9l\u00e9ration de la modernit\u00e9 tardive.\u00a0\u00bb<\/em><\/span><\/p>\n<p>14h-16h &#8211; l&rsquo;atelier : <span style=\"font-size: 14pt\">\u00ab\u00a0<em>Transitions et r\u00e9sonance, le monde d&rsquo;apr\u00e8s.\u00a0\u00bb<\/em><\/span><\/p><\/blockquote>\n","protected":false},"excerpt":{"rendered":"<p>9 avril 2021 9h \u2013 13h \u2013 Visio Conf\u00e9rence\/Zoom SON, SENSIBILITE AUDITIVE ET ENSEIGNEMENT-APPRENTISSAGE DES LANGUES Une meilleure sensibilit\u00e9 auditive peut-elle am\u00e9liorer l\u2019apprentissage des langues\u00a0? 18 mars 2021 &#8211; Une rencontre avec Hartmut Rosa, sociologue et philosophe allemand, 10h-12h &#8211; le webinaire :\u00a0\u00bbCOVID 19 : crise et opportunit\u00e9 de la r\u00e9sonance dans la soci\u00e9t\u00e9 d&rsquo;acc\u00e9l\u00e9ration de la modernit\u00e9 tardive.\u00a0\u00bb 14h-16h<\/p>\n","protected":false},"author":1147,"featured_media":0,"parent":806,"menu_order":0,"comment_status":"closed","ping_status":"closed","template":"","meta":{"_crdt_document":"","footnotes":""},"class_list":["post-2157","page","type-page","status-publish","hentry"],"_links":{"self":[{"href":"https:\/\/www.kananas.com\/uplegess\/wp-json\/wp\/v2\/pages\/2157","targetHints":{"allow":["GET"]}}],"collection":[{"href":"https:\/\/www.kananas.com\/uplegess\/wp-json\/wp\/v2\/pages"}],"about":[{"href":"https:\/\/www.kananas.com\/uplegess\/wp-json\/wp\/v2\/types\/page"}],"author":[{"embeddable":true,"href":"https:\/\/www.kananas.com\/uplegess\/wp-json\/wp\/v2\/users\/1147"}],"replies":[{"embeddable":true,"href":"https:\/\/www.kananas.com\/uplegess\/wp-json\/wp\/v2\/comments?post=2157"}],"version-history":[{"count":3,"href":"https:\/\/www.kananas.com\/uplegess\/wp-json\/wp\/v2\/pages\/2157\/revisions"}],"predecessor-version":[{"id":2472,"href":"https:\/\/www.kananas.com\/uplegess\/wp-json\/wp\/v2\/pages\/2157\/revisions\/2472"}],"up":[{"embeddable":true,"href":"https:\/\/www.kananas.com\/uplegess\/wp-json\/wp\/v2\/pages\/806"}],"wp:attachment":[{"href":"https:\/\/www.kananas.com\/uplegess\/wp-json\/wp\/v2\/media?parent=2157"}],"curies":[{"name":"wp","href":"https:\/\/api.w.org\/{rel}","templated":true}]}}