{"id":2426,"date":"2022-01-28T18:54:56","date_gmt":"2022-01-28T17:54:56","guid":{"rendered":"http:\/\/www.kananas.com\/uplegess\/?page_id=2426"},"modified":"2022-06-20T19:19:46","modified_gmt":"2022-06-20T17:19:46","slug":"congres-2022","status":"publish","type":"page","link":"https:\/\/www.kananas.com\/uplegess\/congres\/archives\/congres-2022\/","title":{"rendered":"Congr\u00e8s 2022"},"content":{"rendered":"<h6 style=\"text-align: left\">49e Congr\u00e8s de l&rsquo;UPLEGESS du 15 au 18 juin 2022<\/h6>\n<h6 style=\"text-align: left\">\u00e0 l&rsquo;Ecole nationale des Arts et M\u00e9tiers d&rsquo;Aix-en-Provence<\/h6>\n<blockquote>\n<h4 style=\"text-align: left\"><strong>Les <\/strong>enjeux du discours dans l&rsquo;apprentissage des lang<strong>ues et cultures : <\/strong><strong>de l&rsquo;implicite \u00e0 l&rsquo;explicite<\/strong><\/h4>\n<\/blockquote>\n<h4><strong><a href=\"https:\/\/www.kananas.com\/uplegess\/wp-content\/uploads\/sites\/992\/2022\/06\/PROGRAMME-ABSTRACTS-.pdf\" target=\"_blank\" rel=\"noopener\">le programme du congr\u00e8s et les r\u00e9sum\u00e9s des communications<\/a><\/strong><\/h4>\n<h4><a href=\"https:\/\/www.kananas.com\/uplegess\/wp-content\/uploads\/sites\/992\/2022\/06\/Cahier_des_exposants_Aix2022_VF.pdf\" target=\"_blank\" rel=\"noopener\">le cahier des exposants<\/a><\/h4>\n<h4><a href=\"https:\/\/www.kananas.com\/uplegess\/uplegess\/nos-partenaires\/\" target=\"_blank\" rel=\"noopener\">nos partenaires<\/a><\/h4>\n<h4><a style=\"font-size: 0.95em\" href=\"http:\/\/www.kananas.com\/uplegess\/wp-content\/uploads\/sites\/992\/2022\/01\/Appel-a-com.-49e-Congres-UPLEGESS.pdf\">appel \u00e0 com. 49e Congr\u00e8s UPLEGESS\u00a0<\/a><\/h4>\n<p>&nbsp;<\/p>\n","protected":false},"excerpt":{"rendered":"<p>49e Congr\u00e8s de l&rsquo;UPLEGESS du 15 au 18 juin 2022 \u00e0 l&rsquo;Ecole nationale des Arts et M\u00e9tiers d&rsquo;Aix-en-Provence Les enjeux du discours dans l&rsquo;apprentissage des langues et cultures : de l&rsquo;implicite \u00e0 l&rsquo;explicite le programme du congr\u00e8s et les r\u00e9sum\u00e9s des communications le cahier des exposants nos partenaires appel \u00e0 com. 49e Congr\u00e8s UPLEGESS\u00a0 &nbsp;<\/p>\n","protected":false},"author":1147,"featured_media":0,"parent":533,"menu_order":0,"comment_status":"closed","ping_status":"closed","template":"","meta":{"_crdt_document":"","footnotes":""},"class_list":["post-2426","page","type-page","status-publish","hentry"],"_links":{"self":[{"href":"https:\/\/www.kananas.com\/uplegess\/wp-json\/wp\/v2\/pages\/2426","targetHints":{"allow":["GET"]}}],"collection":[{"href":"https:\/\/www.kananas.com\/uplegess\/wp-json\/wp\/v2\/pages"}],"about":[{"href":"https:\/\/www.kananas.com\/uplegess\/wp-json\/wp\/v2\/types\/page"}],"author":[{"embeddable":true,"href":"https:\/\/www.kananas.com\/uplegess\/wp-json\/wp\/v2\/users\/1147"}],"replies":[{"embeddable":true,"href":"https:\/\/www.kananas.com\/uplegess\/wp-json\/wp\/v2\/comments?post=2426"}],"version-history":[{"count":40,"href":"https:\/\/www.kananas.com\/uplegess\/wp-json\/wp\/v2\/pages\/2426\/revisions"}],"predecessor-version":[{"id":2820,"href":"https:\/\/www.kananas.com\/uplegess\/wp-json\/wp\/v2\/pages\/2426\/revisions\/2820"}],"up":[{"embeddable":true,"href":"https:\/\/www.kananas.com\/uplegess\/wp-json\/wp\/v2\/pages\/533"}],"wp:attachment":[{"href":"https:\/\/www.kananas.com\/uplegess\/wp-json\/wp\/v2\/media?parent=2426"}],"curies":[{"name":"wp","href":"https:\/\/api.w.org\/{rel}","templated":true}]}}