{"id":2547,"date":"2022-04-04T17:33:55","date_gmt":"2022-04-04T15:33:55","guid":{"rendered":"http:\/\/www.kananas.com\/uplegess\/?page_id=2547"},"modified":"2022-06-09T08:22:13","modified_gmt":"2022-06-09T06:22:13","slug":"presentation-du-gt-langues-modim","status":"publish","type":"page","link":"https:\/\/www.kananas.com\/uplegess\/presentation-du-gt-langues-modim\/","title":{"rendered":"Pr\u00e9sentation du GT Langues Modim"},"content":{"rendered":"<p style=\"text-align: right\">Contact : anne.cognet@insa-lyon.fr et isabel.strelow-antunes@insa-lyon.fr<\/p>\n<h5><strong>Animation du groupe, 3 enseignantes de l&rsquo;INSA Lyon<\/strong><\/h5>\n<ul>\n<li>Anne Cognet, <span style=\"font-size: 0.95em\">enseignante d\u2019italien<\/span><span style=\"font-size: 0.95em\">\u00a0\u00a0<\/span><\/li>\n<li><span style=\"font-size: 0.95em\">Isabel Strelow Antunes, enseignante de portugais<\/span><\/li>\n<li><span style=\"font-size: 0.95em\">Yulia Nouvelot, enseignante de russe<\/span><\/li>\n<\/ul>\n<blockquote><p>La plupart de nos \u00e9tablissements proposent aujourd\u2019hui \u00e0 leurs \u00e9l\u00e8ves l\u2019enseignement d\u2019une dizaine de langues et cultures diff\u00e9rentes.<\/p>\n<p>Enrichir nos \u00e9changes en ouvrant grand les portes de l\u2019Uplegess \u00e0 des coll\u00e8gues enseignants de langues et cultures vari\u00e9es, tel est le pari du groupe de langues MoDimes*\u00a0: le russe, le chinois, le portugais, le japonais, l\u2019italien, le hindi, l\u2019arabe, le su\u00e9dois, le cor\u00e9en, l\u2019h\u00e9breu, le polonais, le grec et bien d\u2019autres encore.<\/p><\/blockquote>\n<p>*<span style=\"font-size: 10pt\"><em>Les langues MoDimes sont les langues moins enseign\u00e9es et moins diffus\u00e9es dans un contexte donn\u00e9 (pour le public d\u2019\u00e9l\u00e8ves qui nous concernent il s\u2019agit de langues moins enseign\u00e9es et moins diffus\u00e9es dans le secondaire en France).<\/em><\/span><\/p>\n<p>&nbsp;<\/p>\n<hr \/>\n<p>&nbsp;<\/p>\n<p><strong>Fonctionnement et rendez-vous\u00a0<\/strong><\/p>\n<ul>\n<li><strong>Le premier rendez-vous des langues MoDimes<\/strong> \u00e9tait en pr\u00e9sentiel \u00e0 Lyon le <strong>31 mars 2022<\/strong> lors d\u2019une demi-journ\u00e9e GCE <em>(voir l\u2019appel et le compte rendu \u00e0 l\u2019onglet <a href=\"https:\/\/www.kananas.com\/uplegess\/2021-2022-journees\/\" target=\"_blank\" rel=\"noopener\">journ\u00e9es d&rsquo;\u00e9tudes CGE<\/a> et<a href=\"https:\/\/www.kananas.com\/uplegess\/archives-gt-langues-modim\/\" target=\"_blank\" rel=\"noopener\"> dans les archives ci-dessous<\/a>).<\/em><\/li>\n<li><strong>Un rendez-vous en distanciel<\/strong> est envisag\u00e9 pour la prochaine journ\u00e9e du GT langues Modimes (<strong>dans l\u2019hiver 22-23<\/strong>).<\/li>\n<li>D\u2019autres rendez-vous en pr\u00e9sentiel seront envisag\u00e9s par la suite<\/li>\n<\/ul>\n<p>&nbsp;<\/p>\n<hr \/>\n<p>&nbsp;<\/p>\n<p><strong>En attendant la prochaine journ\u00e9e, <\/strong>ce que nous proposons aux coll\u00e8gues de langues MoDimes, c\u2019est de nous transmettre leurs coordonn\u00e9es via mail* &#8211; s\u2019 ils veulent \u00eatre en relation avec des coll\u00e8gues de leur langue et\/ou avec tous les coll\u00e8gues de langues MoDimes pour\u00a0:<\/p>\n<ul>\n<li><strong>\u00e9changer<\/strong> des ressources et aussi des id\u00e9es pour la promotion de leurs langues<\/li>\n<li><strong>r\u00e9fl\u00e9chir<\/strong> ensemble \u00e0 un th\u00e8me pour le prochain rendez-vous en distanciel et aux modalit\u00e9s : sous-groupes par langues (par ex chinois, portugais, etc.) ou toutes langues MoDimes ensemble, ou les deux successivement.<\/li>\n<li><strong>r\u00e9fl\u00e9chir<\/strong> \u00e0 un autre nom pour le groupe (LPE ? = langues peu enseign\u00e9es ?) n\u2019h\u00e9sitez pas \u00e0 faire des suggestions\u2026<\/li>\n<\/ul>\n<p>*<span style=\"font-size: 10pt\"><em>Nous avons d\u00e9j\u00e0 une base de contacts \u00e9tablis autour de la journ\u00e9e du 31 mars<\/em><\/span><\/p>\n<p>&nbsp;<\/p>\n<p><span style=\"font-size: 14pt\"><em>Nous serons pr\u00e9sentes (Anne et Isabel) \u00e0 notre congr\u00e8s 2022 \u00e0 Aix du mercredi 15 apr\u00e8s-midi au vendredi 17 \u00e0 midi, pour \u00e9changer sur la journ\u00e9e de lancement du groupe qui a eu lieu le 31 mars et sur la suite. <\/em><\/span><\/p>\n","protected":false},"excerpt":{"rendered":"<p>Contact : anne.cognet@insa-lyon.fr et isabel.strelow-antunes@insa-lyon.fr Animation du groupe, 3 enseignantes de l&rsquo;INSA Lyon Anne Cognet, enseignante d\u2019italien\u00a0\u00a0 Isabel Strelow Antunes, enseignante de portugais Yulia Nouvelot, enseignante de russe La plupart de nos \u00e9tablissements proposent aujourd\u2019hui \u00e0 leurs \u00e9l\u00e8ves l\u2019enseignement d\u2019une dizaine de langues et cultures diff\u00e9rentes. Enrichir nos \u00e9changes en ouvrant grand les portes de l\u2019Uplegess \u00e0 des coll\u00e8gues enseignants<\/p>\n","protected":false},"author":1147,"featured_media":0,"parent":0,"menu_order":0,"comment_status":"closed","ping_status":"closed","template":"","meta":{"_crdt_document":"","footnotes":""},"class_list":["post-2547","page","type-page","status-publish","hentry"],"_links":{"self":[{"href":"https:\/\/www.kananas.com\/uplegess\/wp-json\/wp\/v2\/pages\/2547","targetHints":{"allow":["GET"]}}],"collection":[{"href":"https:\/\/www.kananas.com\/uplegess\/wp-json\/wp\/v2\/pages"}],"about":[{"href":"https:\/\/www.kananas.com\/uplegess\/wp-json\/wp\/v2\/types\/page"}],"author":[{"embeddable":true,"href":"https:\/\/www.kananas.com\/uplegess\/wp-json\/wp\/v2\/users\/1147"}],"replies":[{"embeddable":true,"href":"https:\/\/www.kananas.com\/uplegess\/wp-json\/wp\/v2\/comments?post=2547"}],"version-history":[{"count":8,"href":"https:\/\/www.kananas.com\/uplegess\/wp-json\/wp\/v2\/pages\/2547\/revisions"}],"predecessor-version":[{"id":2781,"href":"https:\/\/www.kananas.com\/uplegess\/wp-json\/wp\/v2\/pages\/2547\/revisions\/2781"}],"wp:attachment":[{"href":"https:\/\/www.kananas.com\/uplegess\/wp-json\/wp\/v2\/media?parent=2547"}],"curies":[{"name":"wp","href":"https:\/\/api.w.org\/{rel}","templated":true}]}}