{"id":2576,"date":"2022-04-04T17:47:41","date_gmt":"2022-04-04T15:47:41","guid":{"rendered":"http:\/\/www.kananas.com\/uplegess\/?page_id=2576"},"modified":"2022-04-04T18:50:25","modified_gmt":"2022-04-04T16:50:25","slug":"intro","status":"publish","type":"page","link":"https:\/\/www.kananas.com\/uplegess\/intro\/","title":{"rendered":"En 2 mots, le congr\u00e8s"},"content":{"rendered":"<p><span style=\"font-size: 12pt\"><img loading=\"lazy\" decoding=\"async\" class=\"size-full wp-image-2639 alignleft\" src=\"http:\/\/www.kananas.com\/uplegess\/wp-content\/uploads\/sites\/992\/2022\/04\/congres.jpg\" alt=\"\" width=\"295\" height=\"171\" \/>De mani\u00e8re g\u00e9n\u00e9rale, des enseignants de langues des grandes \u00e9coles et de l\u2019enseignement sup\u00e9rieur se rendent dans un \u00e9tablissement dispos\u00e9 \u00e0 accueillir cet \u00e9v\u00e9nement significatif o\u00f9 des \u00e9changes et des r\u00e9flexions sur des axes sp\u00e9cifiques ont lieu.<\/span><\/p>\n<p><span style=\"font-size: 12pt\">Des conf\u00e9renciers sp\u00e9cialistes et des communicants proposent de partager leur positionnement et leur exp\u00e9rience vis-\u00e0-vis de la th\u00e9matique du Congr\u00e8s afin de lancer le d\u00e9bat. Des tables rondes permettent aussi le dialogue entre des repr\u00e9sentants des institutions ou des sp\u00e9cialistes qui incarnent un r\u00f4le d\u00e9terminant li\u00e9 \u00e0 l\u2019enseignement des langues. \u00a0<\/span><\/p>\n","protected":false},"excerpt":{"rendered":"<p>De mani\u00e8re g\u00e9n\u00e9rale, des enseignants de langues des grandes \u00e9coles et de l\u2019enseignement sup\u00e9rieur se rendent dans un \u00e9tablissement dispos\u00e9 \u00e0 accueillir cet \u00e9v\u00e9nement significatif o\u00f9 des \u00e9changes et des r\u00e9flexions sur des axes sp\u00e9cifiques ont lieu. Des conf\u00e9renciers sp\u00e9cialistes et des communicants proposent de partager leur positionnement et leur exp\u00e9rience vis-\u00e0-vis de la th\u00e9matique du Congr\u00e8s afin de lancer<\/p>\n","protected":false},"author":1147,"featured_media":0,"parent":0,"menu_order":0,"comment_status":"closed","ping_status":"closed","template":"","meta":{"_crdt_document":"","footnotes":""},"class_list":["post-2576","page","type-page","status-publish","hentry"],"_links":{"self":[{"href":"https:\/\/www.kananas.com\/uplegess\/wp-json\/wp\/v2\/pages\/2576","targetHints":{"allow":["GET"]}}],"collection":[{"href":"https:\/\/www.kananas.com\/uplegess\/wp-json\/wp\/v2\/pages"}],"about":[{"href":"https:\/\/www.kananas.com\/uplegess\/wp-json\/wp\/v2\/types\/page"}],"author":[{"embeddable":true,"href":"https:\/\/www.kananas.com\/uplegess\/wp-json\/wp\/v2\/users\/1147"}],"replies":[{"embeddable":true,"href":"https:\/\/www.kananas.com\/uplegess\/wp-json\/wp\/v2\/comments?post=2576"}],"version-history":[{"count":5,"href":"https:\/\/www.kananas.com\/uplegess\/wp-json\/wp\/v2\/pages\/2576\/revisions"}],"predecessor-version":[{"id":2640,"href":"https:\/\/www.kananas.com\/uplegess\/wp-json\/wp\/v2\/pages\/2576\/revisions\/2640"}],"wp:attachment":[{"href":"https:\/\/www.kananas.com\/uplegess\/wp-json\/wp\/v2\/media?parent=2576"}],"curies":[{"name":"wp","href":"https:\/\/api.w.org\/{rel}","templated":true}]}}