{"id":2577,"date":"2022-04-04T17:47:41","date_gmt":"2022-04-04T15:47:41","guid":{"rendered":"http:\/\/www.kananas.com\/uplegess\/?page_id=2577"},"modified":"2025-01-22T19:27:08","modified_gmt":"2025-01-22T18:27:08","slug":"intro-2","status":"publish","type":"page","link":"https:\/\/www.kananas.com\/uplegess\/intro-2\/","title":{"rendered":"En 2 mots"},"content":{"rendered":"<p><span style=\"font-size: 12pt;font-family: georgia, palatino, serif\"><img loading=\"lazy\" decoding=\"async\" class=\"wp-image-2610 alignleft\" src=\"http:\/\/www.kananas.com\/uplegess\/wp-content\/uploads\/sites\/992\/2022\/04\/oiseau.jpg\" alt=\"\" width=\"248\" height=\"154\" \/>Bienvenue sur le site de l&rsquo;UPLEGESS&#8230; ou un espace qui permet aux enseignants de langues des grandes \u00e9coles et de l&rsquo;enseignement sup\u00e9rieur de s&rsquo;adresser au grand public, et d&rsquo;expliquer pourquoi ils \u00e9prouvent le besoin de se rencontrer, d\u2019\u00e9changer sur leurs pratiques, de partager leurs questionnements et de faire \u00e9voluer des projets communs.\u00a0<\/span><\/p>\n<p><span style=\"font-family: georgia, palatino, serif;font-size: 12pt;background-color: #ffffff\">Ces pages vous sont destin\u00e9es, membres de l\u2019UPLEGESS, ainsi qu&rsquo;\u00e0 tous ceux qui veulent conna\u00eetre nos activit\u00e9s et participer \u00e0 nos rencontres,\u00a0 qu&rsquo;ils soient des acteurs de l\u2019\u00e9ducation, des \u00e9tudiants, ou simplement des \u00ab citoyens \u00bb soucieux de l\u2019avenir des langues et de leur place dans la soci\u00e9t\u00e9.<\/span><\/p>\n","protected":false},"excerpt":{"rendered":"<p>Bienvenue sur le site de l&rsquo;UPLEGESS&#8230; ou un espace qui permet aux enseignants de langues des grandes \u00e9coles et de l&rsquo;enseignement sup\u00e9rieur de s&rsquo;adresser au grand public, et d&rsquo;expliquer pourquoi ils \u00e9prouvent le besoin de se rencontrer, d\u2019\u00e9changer sur leurs pratiques, de partager leurs questionnements et de faire \u00e9voluer des projets communs.\u00a0 Ces pages vous sont destin\u00e9es, membres de l\u2019UPLEGESS,<\/p>\n","protected":false},"author":1147,"featured_media":0,"parent":0,"menu_order":0,"comment_status":"closed","ping_status":"closed","template":"","meta":{"_crdt_document":"","footnotes":""},"class_list":["post-2577","page","type-page","status-publish","hentry"],"_links":{"self":[{"href":"https:\/\/www.kananas.com\/uplegess\/wp-json\/wp\/v2\/pages\/2577","targetHints":{"allow":["GET"]}}],"collection":[{"href":"https:\/\/www.kananas.com\/uplegess\/wp-json\/wp\/v2\/pages"}],"about":[{"href":"https:\/\/www.kananas.com\/uplegess\/wp-json\/wp\/v2\/types\/page"}],"author":[{"embeddable":true,"href":"https:\/\/www.kananas.com\/uplegess\/wp-json\/wp\/v2\/users\/1147"}],"replies":[{"embeddable":true,"href":"https:\/\/www.kananas.com\/uplegess\/wp-json\/wp\/v2\/comments?post=2577"}],"version-history":[{"count":6,"href":"https:\/\/www.kananas.com\/uplegess\/wp-json\/wp\/v2\/pages\/2577\/revisions"}],"predecessor-version":[{"id":3534,"href":"https:\/\/www.kananas.com\/uplegess\/wp-json\/wp\/v2\/pages\/2577\/revisions\/3534"}],"wp:attachment":[{"href":"https:\/\/www.kananas.com\/uplegess\/wp-json\/wp\/v2\/media?parent=2577"}],"curies":[{"name":"wp","href":"https:\/\/api.w.org\/{rel}","templated":true}]}}