{"id":2579,"date":"2022-04-04T17:47:41","date_gmt":"2022-04-04T15:47:41","guid":{"rendered":"http:\/\/www.kananas.com\/uplegess\/?page_id=2579"},"modified":"2022-04-05T19:13:07","modified_gmt":"2022-04-05T17:13:07","slug":"intro-3","status":"publish","type":"page","link":"https:\/\/www.kananas.com\/uplegess\/intro-3\/","title":{"rendered":"En 2 mots, le s\u00e9minaire"},"content":{"rendered":"<p><span style=\"color: #000000\"><strong><img loading=\"lazy\" decoding=\"async\" class=\"wp-image-2682 alignleft\" src=\"http:\/\/www.kananas.com\/uplegess\/wp-content\/uploads\/sites\/992\/2022\/04\/seminaire-300x200.jpeg\" alt=\"\" width=\"254\" height=\"169\" srcset=\"https:\/\/www.kananas.com\/uplegess\/wp-content\/uploads\/sites\/992\/2022\/04\/seminaire-300x200.jpeg 300w, https:\/\/www.kananas.com\/uplegess\/wp-content\/uploads\/sites\/992\/2022\/04\/seminaire-768x512.jpeg 768w, https:\/\/www.kananas.com\/uplegess\/wp-content\/uploads\/sites\/992\/2022\/04\/seminaire-90x60.jpeg 90w, https:\/\/www.kananas.com\/uplegess\/wp-content\/uploads\/sites\/992\/2022\/04\/seminaire.jpeg 923w\" sizes=\"auto, (max-width: 254px) 100vw, 254px\" \/><\/strong><span style=\"font-size: 14pt\">La formation de formateurs se confirme au sein de l&rsquo;UPLEGESS\u00a0 avec 1 s\u00e9minaire&#8230; pour f\u00e9d\u00e9rer notre r\u00e9seau, explorer ensemble des questions p\u00e9dagogiques et renforcer nos comp\u00e9tences.<\/span><\/span><\/p>\n<p>En 2017, Martine Dubreucq et C\u00e9cile Brossaud proposaient un premier s\u00e9minaire qui permettait de <strong>\u00ab\u00a0comprendre, exp\u00e9rimenter et concevoir l&rsquo;hybride\u00a0\u00bb.<\/strong> Le choix avait \u00e9t\u00e9 fait de se mettre au vert d\u00e9but juillet, non loin de Montpellier, au coeur des vignes du Pic Saint-Loup. Coup\u00e9s du monde et des environnements de travail, les participants ont pu,\u00a0 d\u00e9couvrir et essayer de nouvelles fa\u00e7ons de concevoir et animer leurs cours vers plus d&rsquo;hybridit\u00e9 tout en envisageant leur rentr\u00e9e universitaire avec un regain de motivation et de nouveaux objectifs.<\/p>\n<p>En 2019, nous avons propos\u00e9 <strong>un s\u00e9minaire ax\u00e9 sur l&rsquo;\u00e9naction anim\u00e9 par des formatrices venues du monde du th\u00e9\u00e2tre et des arts.<\/strong> Pour m\u00e9moire, <a href=\"http:\/\/www.kananas.com\/uplegess\/seminaire-de-formation\/archives-seminaires\/\" target=\"_blank\" rel=\"noopener noreferrer\">le d\u00e9tail du programme et l&rsquo;explication du concept cl\u00e9 de l&rsquo;\u00e9naction \u00ab\u00a0Les langues en mouvement\u00a0\u00bb dans les archives.<\/a><\/p>\n<p>Cette ann\u00e9e, avec un retour au pr\u00e9sentiel, nous proposons de nous retrouver du Jeudi 14 avril 2022 \u00e0 14h au vendredi 15 avril \u00e0 17h \u00e0 l\u2019Ecole des Ponts ParisTech, pour un s\u00e9minaire et atelier de formation : <a href=\"http:\/\/www.kananas.com\/uplegess\/seminaire-de-formation\/archives-seminaires\/inscription-et-infos-pratiques\/\" target=\"_blank\" rel=\"noopener\"><strong>Pratiquer et \u00e9valuer l\u2019approche performative en didactique des langues.\u00a0<\/strong><\/a><\/p>\n","protected":false},"excerpt":{"rendered":"<p>La formation de formateurs se confirme au sein de l&rsquo;UPLEGESS\u00a0 avec 1 s\u00e9minaire&#8230; pour f\u00e9d\u00e9rer notre r\u00e9seau, explorer ensemble des questions p\u00e9dagogiques et renforcer nos comp\u00e9tences. En 2017, Martine Dubreucq et C\u00e9cile Brossaud proposaient un premier s\u00e9minaire qui permettait de \u00ab\u00a0comprendre, exp\u00e9rimenter et concevoir l&rsquo;hybride\u00a0\u00bb. Le choix avait \u00e9t\u00e9 fait de se mettre au vert d\u00e9but juillet, non loin de<\/p>\n","protected":false},"author":1147,"featured_media":0,"parent":0,"menu_order":0,"comment_status":"closed","ping_status":"closed","template":"","meta":{"_crdt_document":"","footnotes":""},"class_list":["post-2579","page","type-page","status-publish","hentry"],"_links":{"self":[{"href":"https:\/\/www.kananas.com\/uplegess\/wp-json\/wp\/v2\/pages\/2579","targetHints":{"allow":["GET"]}}],"collection":[{"href":"https:\/\/www.kananas.com\/uplegess\/wp-json\/wp\/v2\/pages"}],"about":[{"href":"https:\/\/www.kananas.com\/uplegess\/wp-json\/wp\/v2\/types\/page"}],"author":[{"embeddable":true,"href":"https:\/\/www.kananas.com\/uplegess\/wp-json\/wp\/v2\/users\/1147"}],"replies":[{"embeddable":true,"href":"https:\/\/www.kananas.com\/uplegess\/wp-json\/wp\/v2\/comments?post=2579"}],"version-history":[{"count":5,"href":"https:\/\/www.kananas.com\/uplegess\/wp-json\/wp\/v2\/pages\/2579\/revisions"}],"predecessor-version":[{"id":2684,"href":"https:\/\/www.kananas.com\/uplegess\/wp-json\/wp\/v2\/pages\/2579\/revisions\/2684"}],"wp:attachment":[{"href":"https:\/\/www.kananas.com\/uplegess\/wp-json\/wp\/v2\/media?parent=2579"}],"curies":[{"name":"wp","href":"https:\/\/api.w.org\/{rel}","templated":true}]}}