{"id":2642,"date":"2022-04-04T18:53:34","date_gmt":"2022-04-04T16:53:34","guid":{"rendered":"http:\/\/www.kananas.com\/uplegess\/?page_id=2642"},"modified":"2022-04-05T13:28:48","modified_gmt":"2022-04-05T11:28:48","slug":"en-2-mots-les-journees-detude-cge","status":"publish","type":"page","link":"https:\/\/www.kananas.com\/uplegess\/journees-detudes-cge\/en-2-mots-les-journees-detude-cge\/","title":{"rendered":"En 2 mots, les journ\u00e9es d&rsquo;\u00e9tude CGE"},"content":{"rendered":"<p><img loading=\"lazy\" decoding=\"async\" class=\"wp-image-2672 alignleft\" src=\"http:\/\/www.kananas.com\/uplegess\/wp-content\/uploads\/sites\/992\/2022\/04\/oiseauCGE.jpeg\" alt=\"\" width=\"246\" height=\"164\" srcset=\"https:\/\/www.kananas.com\/uplegess\/wp-content\/uploads\/sites\/992\/2022\/04\/oiseauCGE.jpeg 770w, https:\/\/www.kananas.com\/uplegess\/wp-content\/uploads\/sites\/992\/2022\/04\/oiseauCGE-300x200.jpeg 300w, https:\/\/www.kananas.com\/uplegess\/wp-content\/uploads\/sites\/992\/2022\/04\/oiseauCGE-768x512.jpeg 768w, https:\/\/www.kananas.com\/uplegess\/wp-content\/uploads\/sites\/992\/2022\/04\/oiseauCGE-90x60.jpeg 90w\" sizes=\"auto, (max-width: 246px) 100vw, 246px\" \/>Dans le cadre de la <strong>Conf\u00e9rence des Grandes \u00c9coles,<\/strong>\u00a0le CA de l&rsquo;UPLEGESS coordonne le groupe de travail\u00a0<strong><em>Langues<\/em><\/strong>\u00a0de la commission\u00a0<strong><em>Formation.\u00a0<\/em><\/strong><\/p>\n<p>Ainsi, notre association organise chaque ann\u00e9e, <strong>deux ou trois journ\u00e9es d&rsquo;\u00e9tudes et d&rsquo;\u00e9change de bonnes pratiques<\/strong> sur :<\/p>\n<p>Les enjeux de l&rsquo;enseignement des langues-cultures et de l&rsquo;internationalisation des formations dans les Grandes \u00c9coles d&rsquo;Ing\u00e9nieur et de Management.<\/p>\n","protected":false},"excerpt":{"rendered":"<p>Dans le cadre de la Conf\u00e9rence des Grandes \u00c9coles,\u00a0le CA de l&rsquo;UPLEGESS coordonne le groupe de travail\u00a0Langues\u00a0de la commission\u00a0Formation.\u00a0 Ainsi, notre association organise chaque ann\u00e9e, deux ou trois journ\u00e9es d&rsquo;\u00e9tudes et d&rsquo;\u00e9change de bonnes pratiques sur : Les enjeux de l&rsquo;enseignement des langues-cultures et de l&rsquo;internationalisation des formations dans les Grandes \u00c9coles d&rsquo;Ing\u00e9nieur et de Management.<\/p>\n","protected":false},"author":1147,"featured_media":0,"parent":806,"menu_order":0,"comment_status":"closed","ping_status":"closed","template":"","meta":{"_crdt_document":"","footnotes":""},"class_list":["post-2642","page","type-page","status-publish","hentry"],"_links":{"self":[{"href":"https:\/\/www.kananas.com\/uplegess\/wp-json\/wp\/v2\/pages\/2642","targetHints":{"allow":["GET"]}}],"collection":[{"href":"https:\/\/www.kananas.com\/uplegess\/wp-json\/wp\/v2\/pages"}],"about":[{"href":"https:\/\/www.kananas.com\/uplegess\/wp-json\/wp\/v2\/types\/page"}],"author":[{"embeddable":true,"href":"https:\/\/www.kananas.com\/uplegess\/wp-json\/wp\/v2\/users\/1147"}],"replies":[{"embeddable":true,"href":"https:\/\/www.kananas.com\/uplegess\/wp-json\/wp\/v2\/comments?post=2642"}],"version-history":[{"count":2,"href":"https:\/\/www.kananas.com\/uplegess\/wp-json\/wp\/v2\/pages\/2642\/revisions"}],"predecessor-version":[{"id":2673,"href":"https:\/\/www.kananas.com\/uplegess\/wp-json\/wp\/v2\/pages\/2642\/revisions\/2673"}],"up":[{"embeddable":true,"href":"https:\/\/www.kananas.com\/uplegess\/wp-json\/wp\/v2\/pages\/806"}],"wp:attachment":[{"href":"https:\/\/www.kananas.com\/uplegess\/wp-json\/wp\/v2\/media?parent=2642"}],"curies":[{"name":"wp","href":"https:\/\/api.w.org\/{rel}","templated":true}]}}