{"id":29,"date":"2018-06-24T19:23:40","date_gmt":"2018-06-24T17:23:40","guid":{"rendered":"http:\/\/www.kananas.com\/monassociation3722\/?page_id=29"},"modified":"2023-09-25T11:57:40","modified_gmt":"2023-09-25T09:57:40","slug":"nos-activites","status":"publish","type":"page","link":"https:\/\/www.kananas.com\/uplegess\/calendrier-des-evenements-2022-2023\/nos-activites\/","title":{"rendered":"Ev\u00e9nements 21-22"},"content":{"rendered":"<h3>JUIN<\/h3>\n<h6>49e Congr\u00e8s de l\u2019UPLEGESS du 15 au 18 juin 2022<\/h6>\n<h6>\u00e0 l\u2019Ecole nationale des Arts et M\u00e9tiers d\u2019Aix-en-Provence<\/h6>\n<blockquote>\n<h4><strong>Les\u00a0<\/strong>enjeux du discours dans l\u2019apprentissage des lang<strong>ues et cultures :\u00a0<\/strong><strong>de l\u2019implicite \u00e0 l\u2019explicite<\/strong><\/h4>\n<\/blockquote>\n<h4><strong><a href=\"https:\/\/www.kananas.com\/uplegess\/wp-content\/uploads\/sites\/992\/2022\/06\/PROGRAMME-ABSTRACTS-.pdf\" target=\"_blank\" rel=\"noopener\">Voici le programme du congr\u00e8s et les r\u00e9sum\u00e9s des communications<\/a><\/strong><\/h4>\n<h4><a href=\"https:\/\/www.kananas.com\/uplegess\/wp-content\/uploads\/sites\/992\/2022\/06\/Cahier_des_exposants_Aix2022_VF.pdf\" target=\"_blank\" rel=\"noopener\">D\u00e9couvrez le cahier des exposants<\/a><\/h4>\n<h4><a href=\"https:\/\/www.kananas.com\/uplegess\/uplegess\/nos-partenaires\/\" target=\"_blank\" rel=\"noopener\">Retrouvez nos partenaires<\/a><\/h4>\n<hr \/>\n<h3><strong>AVRIL<\/strong><\/h3>\n<p><strong>Jeudi 14 avril 2022 \u00e0 l\u2019Ecole des Ponts ParisTech<\/strong><\/p>\n<ul>\n<li>Demi-journ\u00e9e d\u2019\u00e9tudes du groupe de travail Langues de la commission Formation de la Conf\u00e9rence des Grandes Ecoles (CGE) : <strong><em>L\u2019\u00e9valuation dans tous ses \u00e9tats : Bilan d\u2019exp\u00e9riences \u00e9valuatives et approche par comp\u00e9tences<\/em><\/strong><\/li>\n<li><a href=\"http:\/\/www.kananas.com\/uplegess\/wp-content\/uploads\/sites\/992\/2022\/01\/VF_journee-CGE_Presentation-14-avril-2022.docx\"><strong>En savoir plus<\/strong><\/a>\u00a0(t\u00e9l\u00e9charger .doc)<\/li>\n<li><strong><a href=\"https:\/\/www.helloasso.com\/associations\/union-des-professeurs-de-langues-etrangeres-des-grandes-ecoles-et-des-etablissements-superieurs-scientifiques\/evenements\/demie-journee-d-etudes-du-groupe-de-travail-langues-de-la-commission-formation\">Inscription<\/a><\/strong><\/li>\n<\/ul>\n<hr \/>\n<p><strong>du jeudi 14 avril 2022 \u00e0 14h au vendredi 15 avril \u00e0 17h \u00e0 l\u2019Ecole des Ponts ParisTech<\/strong><\/p>\n<ul>\n<li>S\u00e9minaire et atelier de formation : <strong><em>Pratiquer et \u00e9valuer l\u2019approche performative en didactique des langues<\/em><\/strong><\/li>\n<li><a href=\"http:\/\/www.kananas.com\/uplegess\/wp-content\/uploads\/sites\/992\/2022\/01\/VF_Formation-2022_04_1415_Pratiquer-et-evaluer-lapproche-performative-en-didactique-des-langues.docx\"><strong>En savoir plus<\/strong><\/a> (t\u00e9lecharger.doc)<\/li>\n<\/ul>\n<hr \/>\n<h3><strong>MARS<\/strong><\/h3>\n<p><strong>Jeudi 31 mars 2022 \u00e0 l\u2019INSA Lyon<\/strong><\/p>\n<ul>\n<li>Demi-journ\u00e9e de lancement du groupe de travail Langues MoDimes : <strong><em>Quelle importance des langues MoDimes \u2013 langues moins diffus\u00e9es et moins enseign\u00e9es*-\u00a0dans la formation de l\u2019ing\u00e9nieur humaniste ?<\/em><\/strong><\/li>\n<li><a href=\"http:\/\/www.kananas.com\/uplegess\/2022\/01\/20\/2400\/\"><strong>En savoir plus<\/strong><\/a><\/li>\n<\/ul>\n","protected":false},"excerpt":{"rendered":"<p>JUIN 49e Congr\u00e8s de l\u2019UPLEGESS du 15 au 18 juin 2022 \u00e0 l\u2019Ecole nationale des Arts et M\u00e9tiers d\u2019Aix-en-Provence Les\u00a0enjeux du discours dans l\u2019apprentissage des langues et cultures :\u00a0de l\u2019implicite \u00e0 l\u2019explicite Voici le programme du congr\u00e8s et les r\u00e9sum\u00e9s des communications D\u00e9couvrez le cahier des exposants Retrouvez nos partenaires AVRIL Jeudi 14 avril 2022 \u00e0 l\u2019Ecole des Ponts ParisTech<\/p>\n","protected":false},"author":1025,"featured_media":0,"parent":2827,"menu_order":0,"comment_status":"closed","ping_status":"closed","template":"","meta":{"_crdt_document":"","footnotes":""},"class_list":["post-29","page","type-page","status-publish","hentry"],"_links":{"self":[{"href":"https:\/\/www.kananas.com\/uplegess\/wp-json\/wp\/v2\/pages\/29","targetHints":{"allow":["GET"]}}],"collection":[{"href":"https:\/\/www.kananas.com\/uplegess\/wp-json\/wp\/v2\/pages"}],"about":[{"href":"https:\/\/www.kananas.com\/uplegess\/wp-json\/wp\/v2\/types\/page"}],"author":[{"embeddable":true,"href":"https:\/\/www.kananas.com\/uplegess\/wp-json\/wp\/v2\/users\/1025"}],"replies":[{"embeddable":true,"href":"https:\/\/www.kananas.com\/uplegess\/wp-json\/wp\/v2\/comments?post=29"}],"version-history":[{"count":80,"href":"https:\/\/www.kananas.com\/uplegess\/wp-json\/wp\/v2\/pages\/29\/revisions"}],"predecessor-version":[{"id":3123,"href":"https:\/\/www.kananas.com\/uplegess\/wp-json\/wp\/v2\/pages\/29\/revisions\/3123"}],"up":[{"embeddable":true,"href":"https:\/\/www.kananas.com\/uplegess\/wp-json\/wp\/v2\/pages\/2827"}],"wp:attachment":[{"href":"https:\/\/www.kananas.com\/uplegess\/wp-json\/wp\/v2\/media?parent=29"}],"curies":[{"name":"wp","href":"https:\/\/api.w.org\/{rel}","templated":true}]}}