{"id":2927,"date":"2023-03-13T12:02:28","date_gmt":"2023-03-13T11:02:28","guid":{"rendered":"https:\/\/www.kananas.com\/uplegess\/?page_id=2927"},"modified":"2023-05-16T13:02:47","modified_gmt":"2023-05-16T11:02:47","slug":"congres-2023","status":"publish","type":"page","link":"https:\/\/www.kananas.com\/uplegess\/congres\/congres-2023\/","title":{"rendered":"Congr\u00e8s 2023 &#8211; toutes les informations (programme, logistique&#8230;)"},"content":{"rendered":"<blockquote><p><strong><a href=\"https:\/\/view.genial.ly\/63eb5b1dac13b0001985b2e2\/interactive-content-congres-uplegess\" target=\"_blank\" rel=\"noopener\">Voici le lien vers un document (Genially)<\/a> qui reprend toutes les informations du congr\u00e8s.<\/strong><\/p><\/blockquote>\n<p><strong>49e congr\u00e8s de l&rsquo;UPLEGESS du 14 au 17 juin 2023<\/strong>\u00a0<em>s<\/em><em>ous le Haut Patronage de la Conf\u00e9rence des Grandes Ecoles (CGE), <\/em><em>de la Commission des Titres d\u2019Ing\u00e9nieur\u00a0 (CTI)\u00a0\u00a0\u00a0\u00a0\u00a0\u00a0 <\/em><em>et de la Commission d\u2019Evaluation des Formations et Dipl\u00f4mes de Gestion (CEFDG)<\/em><\/p>\n<p><strong>\u00e0 l&rsquo;Ecole sup\u00e9rieure de techniques a\u00e9ronautiques et de construction automobile <\/strong>(ESTACA) Campus Paris Saclay,<strong> \u00e0 Saint-Quentin-en-Yvelines (78)<\/strong><\/p>\n<p style=\"text-align: center\"><span style=\"color: #33cccc;font-size: 1.25em;font-weight: bold\">Innover dans l\u2019enseignement des langues et cultures : <\/span><\/p>\n<p style=\"text-align: center\"><span style=\"color: #33cccc;font-size: 1.25em;font-weight: bold\">entre injonction, besoins et n\u00e9cessit\u00e9<\/span><\/p>\n<blockquote><p><strong><a href=\"https:\/\/www.kananas.com\/uplegess\/wp-content\/uploads\/sites\/992\/2023\/05\/PROGRAMME-49e-CONGRES-UPLEGESS8.pdf\" target=\"_blank\" rel=\"noopener\">PROGRAMME 49e CONGR\u00c8S UPLEGESS\u00a0<\/a><\/strong><\/p><\/blockquote>\n<div class=\"CampaignHeader Card\" data-v-18092966=\"\">\n<p class=\"CampaignHeader--Description\">Ce congr\u00e8s vous invite \u00e0 consid\u00e9rer l\u2019innovation p\u00e9dagogique dans les domaines dans lesquels nous sommes acteurs et actrices : la formation des ing\u00e9nieur.es, des manager.euses et des scientifiques dans les grandes \u00e9coles et les universit\u00e9s. Selon le philosophe Michel Serres \u00ab <em>L\u2019innovation c\u2019est sortir du cadre, de ses propres fronti\u00e8res, \u00eatre en capacit\u00e9 de collaborer avec d\u2019autres domaines d\u2019expertises que le sien, car l\u2019interdisciplinarit\u00e9 favorise l\u2019impr\u00e9vu, l\u2019innovant, la s\u00e9rendipit\u00e9.<\/em> \u00bb<\/p>\n<blockquote><p><a href=\"https:\/\/www.kananas.com\/uplegess\/wp-content\/uploads\/sites\/992\/2023\/04\/Appel-a-communication-congres-2023-prolongation-1.pdf\">Appel \u00e0 communication 49e congr\u00e8s<\/a><\/p><\/blockquote>\n<blockquote><p>S&rsquo;inscrire en ligne (<a href=\"https:\/\/www.helloasso.com\/associations\/union-des-professeurs-de-langues-etrangeres-des-grandes-ecoles-et-des-etablissements-superieurs-scientifiques\/evenements\/49eme-congres-de-l-uplegess-1\" target=\"_blank\" rel=\"noopener\">LIEN 1<\/a>) ou via le formulaire d&rsquo;inscription (<a href=\"https:\/\/www.kananas.com\/uplegess\/wp-content\/uploads\/sites\/992\/2023\/03\/Inscription-congres-2023.docx\">LIEN 2<\/a>)<\/p><\/blockquote>\n<\/div>\n<hr \/>\n<h5>Voici la liste des h\u00f4tels que nous vous sugg\u00e9rons (2, 3 ou 4 \u00e9toiles).<\/h5>\n<p><b>\u00e0 MONTIGNY-LE-BRETONNEUX<\/b><\/p>\n<ul>\n<li><a href=\"https:\/\/all.accor.com\/hotel\/9471\/index.fr.shtml?utm_campaign=seo+maps&amp;utm_medium=seo+maps&amp;utm_source=google+Maps\" target=\"_blank\" rel=\"noopener\">H\u00f4tel Ibis Budget<\/a> &#8211; Saint-Quentin-en-Yvelines (SQY) V\u00e9lodrome, 2 \u00e9toiles<\/li>\n<li><span lang=\"EN-GB\"><a href=\"https:\/\/saint-quentin-en-yvelines.campanile.com\/fr-fr\/\" target=\"_blank\" rel=\"noopener\">H\u00f4tel Campanile<\/a> Saint-Quentin-en-Yvelines, 3 \u00e9toiles<\/span><\/li>\n<li><a href=\"https:\/\/saint-quentin-en-yveline-montigny.kyriad.com\/fr-fr\/\" target=\"_blank\" rel=\"noopener\">H\u00f4tel Kyriad<\/a> Saint-Quentin-en-Yvelines, 3 \u00e9toiles<\/li>\n<li><a href=\"https:\/\/www.bestwestern.fr\/fr\/hotel-Montigny-Le-Bretonneux-BEST-WESTERN-Paris-Saint-Quentin-93842\" target=\"_blank\" rel=\"noopener\">Best Western H\u00f4tel Paris<\/a>\u00a0Saint-Quentin-en-Yvelines, 4 \u00e9toiles<\/li>\n<\/ul>\n<p><b>\u00e0 SAINT-CYR-L&rsquo;ECOLE<\/b><\/p>\n<ul>\n<li><a href=\"https:\/\/all.accor.com\/errors\/session-expired\/index.fr.shtml?utm_campaign=seo+maps&amp;utm_medium=seo+maps&amp;utm_source=google+Maps\" target=\"_blank\" rel=\"noopener\">H\u00f4tel Ibis budget<\/a> Versailles Ch\u00e2teau St Cyr 2 \u00e9toiles<\/li>\n<\/ul>\n<p><b>\u00e0 BOIS D&rsquo;ARCY<\/b><\/p>\n<ul>\n<li><a href=\"https:\/\/www.hotel-bb.com\/fr\/hotel\/bois-d-arcy-saint-quentin-en-yvelines?utm_source=googlemaps&amp;utm_medium=fichehotel&amp;utm_campaign=yext\" target=\"_blank\" rel=\"noopener\">B&amp;B H\u00f4tel Bois d&rsquo;Arcy<\/a> Saint-Quentin-en-Yvelines, 2 \u00e9toiles\u00a0 &#8211; Contact @mail <span id=\"OBJ_PREFIX_DWT8851_ZmEmailObjectHandler\" class=\"Object\" role=\"link\"><a href=\"mailto:bb_4663@hotelbb.com\" target=\"_blank\" rel=\"noopener\">bb_4663@hotelbb.com<\/a><\/span><\/li>\n<li><a href=\"https:\/\/www.appartcity.com\/fr\/destinations\/ile-de-france\/bois-darcy\/st-quentin-en-yvelines-bois-d-arcy.html?utm_source=google&amp;utm_medium=mybusiness&amp;utm_campaign=st-quentin-en-yvelines-bois-d-arcy\" target=\"_blank\" rel=\"noopener\">Appart&rsquo;City Confort<\/a> Saint-Quentin-en-Yvelines-Bois d&rsquo;Arcy\u00a0 Appart H\u00f4tel, 3 \u00e9toiles<\/li>\n<\/ul>\n","protected":false},"excerpt":{"rendered":"<p>Voici le lien vers un document (Genially) qui reprend toutes les informations du congr\u00e8s. 49e congr\u00e8s de l&rsquo;UPLEGESS du 14 au 17 juin 2023\u00a0sous le Haut Patronage de la Conf\u00e9rence des Grandes Ecoles (CGE), de la Commission des Titres d\u2019Ing\u00e9nieur\u00a0 (CTI)\u00a0\u00a0\u00a0\u00a0\u00a0\u00a0 et de la Commission d\u2019Evaluation des Formations et Dipl\u00f4mes de Gestion (CEFDG) \u00e0 l&rsquo;Ecole sup\u00e9rieure de techniques a\u00e9ronautiques et<\/p>\n","protected":false},"author":1147,"featured_media":0,"parent":323,"menu_order":0,"comment_status":"closed","ping_status":"closed","template":"","meta":{"_crdt_document":"","footnotes":""},"class_list":["post-2927","page","type-page","status-publish","hentry"],"_links":{"self":[{"href":"https:\/\/www.kananas.com\/uplegess\/wp-json\/wp\/v2\/pages\/2927","targetHints":{"allow":["GET"]}}],"collection":[{"href":"https:\/\/www.kananas.com\/uplegess\/wp-json\/wp\/v2\/pages"}],"about":[{"href":"https:\/\/www.kananas.com\/uplegess\/wp-json\/wp\/v2\/types\/page"}],"author":[{"embeddable":true,"href":"https:\/\/www.kananas.com\/uplegess\/wp-json\/wp\/v2\/users\/1147"}],"replies":[{"embeddable":true,"href":"https:\/\/www.kananas.com\/uplegess\/wp-json\/wp\/v2\/comments?post=2927"}],"version-history":[{"count":18,"href":"https:\/\/www.kananas.com\/uplegess\/wp-json\/wp\/v2\/pages\/2927\/revisions"}],"predecessor-version":[{"id":3021,"href":"https:\/\/www.kananas.com\/uplegess\/wp-json\/wp\/v2\/pages\/2927\/revisions\/3021"}],"up":[{"embeddable":true,"href":"https:\/\/www.kananas.com\/uplegess\/wp-json\/wp\/v2\/pages\/323"}],"wp:attachment":[{"href":"https:\/\/www.kananas.com\/uplegess\/wp-json\/wp\/v2\/media?parent=2927"}],"curies":[{"name":"wp","href":"https:\/\/api.w.org\/{rel}","templated":true}]}}