{"id":2989,"date":"2023-04-22T10:44:36","date_gmt":"2023-04-22T08:44:36","guid":{"rendered":"https:\/\/www.kananas.com\/uplegess\/?page_id=2989"},"modified":"2023-04-22T10:44:39","modified_gmt":"2023-04-22T08:44:39","slug":"2022-2023-je-cge","status":"publish","type":"page","link":"https:\/\/www.kananas.com\/uplegess\/journees-detudes-cge\/2022-2023-je-cge\/","title":{"rendered":"2022-2023 &#8211; JE CGE"},"content":{"rendered":"<p>R\u00e9sum\u00e9 de la Journ\u00e9e d\u2019\u00e9tudes du groupe de travail Langues de la commission Formation de la Conf\u00e9rence des Grandes Ecoles (CGE) et de l\u2019UPLEGESS sur :<\/p>\n<h5><a href=\"https:\/\/www.kananas.com\/uplegess\/2023\/04\/14\/retour-sur-la-journee-dediee-au-metavers\/\" target=\"_blank\" rel=\"noopener\">LE M\u00c9TAVERS : QUELS ENJEUX POUR L\u2019ENSEIGNEMENT DE LANGUES ET CULTURES ?<\/a><\/h5>\n","protected":false},"excerpt":{"rendered":"<p>R\u00e9sum\u00e9 de la Journ\u00e9e d\u2019\u00e9tudes du groupe de travail Langues de la commission Formation de la Conf\u00e9rence des Grandes Ecoles (CGE) et de l\u2019UPLEGESS sur : LE M\u00c9TAVERS : QUELS ENJEUX POUR L\u2019ENSEIGNEMENT DE LANGUES ET CULTURES ?<\/p>\n","protected":false},"author":1147,"featured_media":0,"parent":806,"menu_order":0,"comment_status":"closed","ping_status":"closed","template":"","meta":{"_crdt_document":"","footnotes":""},"class_list":["post-2989","page","type-page","status-publish","hentry"],"_links":{"self":[{"href":"https:\/\/www.kananas.com\/uplegess\/wp-json\/wp\/v2\/pages\/2989","targetHints":{"allow":["GET"]}}],"collection":[{"href":"https:\/\/www.kananas.com\/uplegess\/wp-json\/wp\/v2\/pages"}],"about":[{"href":"https:\/\/www.kananas.com\/uplegess\/wp-json\/wp\/v2\/types\/page"}],"author":[{"embeddable":true,"href":"https:\/\/www.kananas.com\/uplegess\/wp-json\/wp\/v2\/users\/1147"}],"replies":[{"embeddable":true,"href":"https:\/\/www.kananas.com\/uplegess\/wp-json\/wp\/v2\/comments?post=2989"}],"version-history":[{"count":1,"href":"https:\/\/www.kananas.com\/uplegess\/wp-json\/wp\/v2\/pages\/2989\/revisions"}],"predecessor-version":[{"id":2990,"href":"https:\/\/www.kananas.com\/uplegess\/wp-json\/wp\/v2\/pages\/2989\/revisions\/2990"}],"up":[{"embeddable":true,"href":"https:\/\/www.kananas.com\/uplegess\/wp-json\/wp\/v2\/pages\/806"}],"wp:attachment":[{"href":"https:\/\/www.kananas.com\/uplegess\/wp-json\/wp\/v2\/media?parent=2989"}],"curies":[{"name":"wp","href":"https:\/\/api.w.org\/{rel}","templated":true}]}}