{"id":3265,"date":"2023-12-16T15:19:13","date_gmt":"2023-12-16T14:19:13","guid":{"rendered":"https:\/\/www.kananas.com\/uplegess\/?page_id=3265"},"modified":"2024-03-11T11:49:54","modified_gmt":"2024-03-11T10:49:54","slug":"2023-2024-je-cge","status":"publish","type":"page","link":"https:\/\/www.kananas.com\/uplegess\/journees-detudes-cge\/2023-2024-je-cge\/","title":{"rendered":"2023-2024 &#8211; JE CGE"},"content":{"rendered":"<p><strong><span style=\"color: #33cccc\">Avril 24 \u00e0 l&rsquo;Institut Agro Montpellier<\/span><\/strong><\/p>\n<p>Dans le cadre des 50 ans de l\u2019<strong>UPLEGESS<\/strong>, l\u2019<strong>Institut Agro Montpellier <\/strong>et <strong>Montpellier Business School<\/strong> ont le plaisir de vous convier \u00e0 une journ\u00e9e d\u2019\u00e9tude en collaboration avec l\u2019<strong>Institut des Futurs souhaitables<\/strong>.<\/p>\n<ul>\n<li><em><span style=\"color: #008080\"><span style=\"color: #000000\">2050 : un futur souhaitable pour l\u2019enseignement des langues<\/span><\/span><span style=\"color: #008080\"> &#8211;\u00a0<\/span><\/em><span style=\"color: #008080\"><a href=\"https:\/\/www.kananas.com\/uplegess\/wp-content\/uploads\/sites\/992\/2024\/03\/UPLEGESS-Supagro-MBS-5-avril-2024_VF.pdf\">lien vers programme<\/a>\u00a0<\/span><\/li>\n<\/ul>\n<p><span style=\"color: #33cccc\"><strong>F\u00e9vrier 24<\/strong> <strong>\u00e0 Paris School of Business<\/strong><\/span><\/p>\n<ul>\n<li><span style=\"font-size: 12pt\"><em>Comment former \u00e0 des m\u00e9tiers qui n\u2019existent pas encore ? \u2013\u00a0<\/em><a href=\"https:\/\/www.kananas.com\/uplegess\/2023\/12\/16\/comment-former-a-des-metiers-qui-nexistent-pas-encore-participez-a-notre-journee-detude-a-paris\/\" target=\"_blank\" rel=\"noopener\">lien vers programme<\/a><\/span><\/li>\n<\/ul>\n<p><span style=\"color: #33cccc\"><strong>Juillet 23 \u00e0 Paris School of Business<\/strong><\/span><\/p>\n<ul>\n<li><span style=\"font-size: 12pt\"><em><span style=\"color: #333333\">Innover pour mieux enseigner : strat\u00e9gies p\u00e9dagogiques pour recentrer l&rsquo;attention et engager les \u00e9tudiants dans l&rsquo;enseignement sup\u00e9rieur <\/span><\/em><\/span><span style=\"color: #ff0000\"><a style=\"color: #ff0000\" href=\"https:\/\/www.kananas.com\/uplegess\/2023\/06\/12\/journee-de-linnovation-pedagogique-a-psb-le-6-juillet-2023-programme-et-inscription\/\" target=\"_blank\" rel=\"noopener\">lien vers programme<\/a><\/span><\/li>\n<\/ul>\n","protected":false},"excerpt":{"rendered":"<p>Avril 24 \u00e0 l&rsquo;Institut Agro Montpellier Dans le cadre des 50 ans de l\u2019UPLEGESS, l\u2019Institut Agro Montpellier et Montpellier Business School ont le plaisir de vous convier \u00e0 une journ\u00e9e d\u2019\u00e9tude en collaboration avec l\u2019Institut des Futurs souhaitables. 2050 : un futur souhaitable pour l\u2019enseignement des langues &#8211;\u00a0lien vers programme\u00a0 F\u00e9vrier 24 \u00e0 Paris School of Business Comment former \u00e0<\/p>\n","protected":false},"author":1147,"featured_media":0,"parent":806,"menu_order":0,"comment_status":"closed","ping_status":"closed","template":"","meta":{"_crdt_document":"","footnotes":""},"class_list":["post-3265","page","type-page","status-publish","hentry"],"_links":{"self":[{"href":"https:\/\/www.kananas.com\/uplegess\/wp-json\/wp\/v2\/pages\/3265","targetHints":{"allow":["GET"]}}],"collection":[{"href":"https:\/\/www.kananas.com\/uplegess\/wp-json\/wp\/v2\/pages"}],"about":[{"href":"https:\/\/www.kananas.com\/uplegess\/wp-json\/wp\/v2\/types\/page"}],"author":[{"embeddable":true,"href":"https:\/\/www.kananas.com\/uplegess\/wp-json\/wp\/v2\/users\/1147"}],"replies":[{"embeddable":true,"href":"https:\/\/www.kananas.com\/uplegess\/wp-json\/wp\/v2\/comments?post=3265"}],"version-history":[{"count":4,"href":"https:\/\/www.kananas.com\/uplegess\/wp-json\/wp\/v2\/pages\/3265\/revisions"}],"predecessor-version":[{"id":3412,"href":"https:\/\/www.kananas.com\/uplegess\/wp-json\/wp\/v2\/pages\/3265\/revisions\/3412"}],"up":[{"embeddable":true,"href":"https:\/\/www.kananas.com\/uplegess\/wp-json\/wp\/v2\/pages\/806"}],"wp:attachment":[{"href":"https:\/\/www.kananas.com\/uplegess\/wp-json\/wp\/v2\/media?parent=3265"}],"curies":[{"name":"wp","href":"https:\/\/api.w.org\/{rel}","templated":true}]}}