{"id":3271,"date":"2023-12-16T15:23:43","date_gmt":"2023-12-16T14:23:43","guid":{"rendered":"https:\/\/www.kananas.com\/uplegess\/?page_id=3271"},"modified":"2024-05-31T00:37:27","modified_gmt":"2024-05-30T22:37:27","slug":"congres-2024","status":"publish","type":"page","link":"https:\/\/www.kananas.com\/uplegess\/congres-2024\/","title":{"rendered":"Congr\u00e8s 2024"},"content":{"rendered":"<h5><strong><em>Congr\u00e8s 50e anniversaire \u2013 Concours photos<\/em><\/strong><\/h5>\n<p><em>Vous venez de voir les photos expos\u00e9es.<\/em><\/p>\n<p><em><strong>Retenez quelques s\u00e9ries qui vous ont plu et d\u00e9couvrez les textes photographe-auteur-\u00e9tudiant<\/strong>\u00a0<a href=\"https:\/\/drive.google.com\/file\/d\/1fEGSmn_RAWLMlN5HiYG1cPVphh3GRvQR\/view\" target=\"_blank\" rel=\"noopener\">dans le catalogue (cliquer).<\/a><\/em><\/p>\n<p><em>La qualit\u00e9 photographique et celle du texte vous permettent de choisir les 2 s\u00e9ries qui feront l\u2019objet de votre vote.<\/em><\/p>\n<p><strong><em>Retenez bien vos num\u00e9ros pour le vote, qui aura lieu dans l\u2019amphi \u00e0 15h30.<\/em><\/strong><\/p>\n<p><em>La remise des prix se fera aussit\u00f4t apr\u00e8s.<\/em><\/p>\n<hr \/>\n<blockquote><p><span style=\"color: #ff6600\"><em><strong>Info+ Le cahier des communications sera distribu\u00e9 le 1er jour du congr\u00e8s<\/strong><\/em><\/span><\/p><\/blockquote>\n<blockquote><p><strong><span style=\"font-size: 12pt\"><span style=\"color: #008080\">PROGRAMME 50e CONGRES UPLEGESS, <a href=\"https:\/\/www.kananas.com\/uplegess\/wp-content\/uploads\/sites\/992\/2024\/05\/PROGRAMME-Vff_2024_05_26.pdf\">Cliquer ici, <span style=\"font-size: 10pt\">version finale 26\/05<\/span><\/a><\/span><\/span><\/strong><\/p><\/blockquote>\n<blockquote><p><span style=\"font-size: 12pt\"><strong><span style=\"color: #008080\">APPEL A COMMUNICATION<\/span> <a href=\"https:\/\/www.kananas.com\/uplegess\/2023\/12\/09\/participez-au-congres-des-50ans-de-luplegess-aux-mines-de-paris-fin-mai-2023\/\">cliquer ici &#8211; <\/a><\/strong>Date limite d&rsquo;envoi de votre proposition de contribution<strong> le 7 avril 2024<\/strong><\/span><\/p><\/blockquote>\n<blockquote><p><span style=\"font-size: 14pt\"><strong><span style=\"font-size: 12pt\">Institutions et enseignants :<span style=\"color: #008080\">\u00a0 ADHESION A L&rsquo;UPLEGESS<\/span> <\/span><a href=\"https:\/\/www.kananas.com\/uplegess\/uplegess\/adhesion\/\" target=\"_blank\" rel=\"noopener\">\u00a0<span style=\"font-size: 12pt\">cliquer ici\u00a0<\/span><\/a><\/strong><\/span><\/p><\/blockquote>\n<blockquote><p><span style=\"font-size: 14pt\"><strong><span style=\"font-size: 12pt\">Institutions et enseignants :<span style=\"color: #008080\">\u00a0 INSCRIPTION AU CONGRES 2024 <\/span><\/span><span style=\"font-size: 12pt\"><a href=\"https:\/\/www.helloasso.com\/associations\/union-des-professeurs-de-langues-etrangeres-des-grandes-ecoles-et-des-etablissements-superieurs-scientifiques\/evenements\/congres-anniversaire-des-50-ans-de-l-uplegess\" target=\"_blank\" rel=\"noopener\">cliquer ici<\/a>\u00a0<\/span><\/strong><\/span><\/p><\/blockquote>\n<blockquote><p><span style=\"font-size: 12pt\"><strong><span style=\"color: #008080\">CONCOURS PHOTOS<\/span><\/strong><\/span>\u00a0&#8211; <span style=\"font-size: 10pt\">Pour son 50e anniversaire, l&rsquo;UPLEGESS met \u00e0 l&rsquo;honneur les \u00e9tudiants gr\u00e2ce \u00e0 un concours photos &#8211; <strong>\u00ab\u00a0je\u00a0\u00bb devient un autre<\/strong> &#8211; \u00e0 proposer aux \u00e9tudiants. Voici le document d\u00e9di\u00e9 aux enseignants <span style=\"font-size: 12pt\"><a href=\"https:\/\/www.kananas.com\/uplegess\/wp-content\/uploads\/sites\/992\/2024\/02\/concours-photo-01-2024-EnseignantRef.pdf\" target=\"_blank\" rel=\"noopener\">doc-EnseignantS &#8211; <strong>cliquer ici<\/strong><\/a> et le document d\u00e9di\u00e9 au bureau des arts <a href=\"https:\/\/www.kananas.com\/uplegess\/wp-content\/uploads\/sites\/992\/2024\/02\/concours-photo-01-2024_BDA-VF.pdf\" target=\"_blank\" rel=\"noopener\">doc-BDA &#8211; <strong>cliquer ici<\/strong><\/a><\/span><\/span><\/p><\/blockquote>\n<p>&nbsp;<\/p>\n<p>&nbsp;<\/p>\n","protected":false},"excerpt":{"rendered":"<p>Congr\u00e8s 50e anniversaire \u2013 Concours photos Vous venez de voir les photos expos\u00e9es. Retenez quelques s\u00e9ries qui vous ont plu et d\u00e9couvrez les textes photographe-auteur-\u00e9tudiant\u00a0dans le catalogue (cliquer). La qualit\u00e9 photographique et celle du texte vous permettent de choisir les 2 s\u00e9ries qui feront l\u2019objet de votre vote. Retenez bien vos num\u00e9ros pour le vote, qui aura lieu dans l\u2019amphi<\/p>\n","protected":false},"author":1147,"featured_media":0,"parent":0,"menu_order":0,"comment_status":"closed","ping_status":"closed","template":"","meta":{"_crdt_document":"","footnotes":""},"class_list":["post-3271","page","type-page","status-publish","hentry"],"_links":{"self":[{"href":"https:\/\/www.kananas.com\/uplegess\/wp-json\/wp\/v2\/pages\/3271","targetHints":{"allow":["GET"]}}],"collection":[{"href":"https:\/\/www.kananas.com\/uplegess\/wp-json\/wp\/v2\/pages"}],"about":[{"href":"https:\/\/www.kananas.com\/uplegess\/wp-json\/wp\/v2\/types\/page"}],"author":[{"embeddable":true,"href":"https:\/\/www.kananas.com\/uplegess\/wp-json\/wp\/v2\/users\/1147"}],"replies":[{"embeddable":true,"href":"https:\/\/www.kananas.com\/uplegess\/wp-json\/wp\/v2\/comments?post=3271"}],"version-history":[{"count":28,"href":"https:\/\/www.kananas.com\/uplegess\/wp-json\/wp\/v2\/pages\/3271\/revisions"}],"predecessor-version":[{"id":3469,"href":"https:\/\/www.kananas.com\/uplegess\/wp-json\/wp\/v2\/pages\/3271\/revisions\/3469"}],"wp:attachment":[{"href":"https:\/\/www.kananas.com\/uplegess\/wp-json\/wp\/v2\/media?parent=3271"}],"curies":[{"name":"wp","href":"https:\/\/api.w.org\/{rel}","templated":true}]}}