{"id":3282,"date":"2023-12-16T15:36:46","date_gmt":"2023-12-16T14:36:46","guid":{"rendered":"https:\/\/www.kananas.com\/uplegess\/?page_id=3282"},"modified":"2023-12-16T16:24:00","modified_gmt":"2023-12-16T15:24:00","slug":"seminaire-decembre-2023-a-bordeaux-sur-le-carnet-interculturel","status":"publish","type":"page","link":"https:\/\/www.kananas.com\/uplegess\/seminaire-decembre-2023-a-bordeaux-sur-le-carnet-interculturel\/","title":{"rendered":"S\u00e9minaire d\u00e9cembre 2023 \u00e0 Bordeaux sur le carnet interculturel"},"content":{"rendered":"<p><strong>D\u00e9cembre 24 \u00e0 Institut d&rsquo;Optique d&rsquo;Aquitaine \u00e0 Bordeaux, l&rsquo;universit\u00e9 Bordeaux-Montaigne et les Rencontres du Carnet de Voyage<\/strong><\/p>\n<ul>\n<li><span style=\"font-size: 12pt;color: #000000\"><em>2 journ\u00e9es : Rencontre l&rsquo;Autre dans un monde \u00e9cartel\u00e9<\/em><\/span><span style=\"color: #000000\"> &#8211; <a href=\"https:\/\/www.kananas.com\/uplegess\/2023\/11\/08\/programme-detaille-du-seminaire-rencontrer-lautre-dans-un-monde-ecartele\/\" target=\"_blank\" rel=\"noopener\"><span style=\"color: #ff0000\">lien vers le programme<\/span><\/a><\/span><\/li>\n<\/ul>\n","protected":false},"excerpt":{"rendered":"<p>D\u00e9cembre 24 \u00e0 Institut d&rsquo;Optique d&rsquo;Aquitaine \u00e0 Bordeaux, l&rsquo;universit\u00e9 Bordeaux-Montaigne et les Rencontres du Carnet de Voyage 2 journ\u00e9es : Rencontre l&rsquo;Autre dans un monde \u00e9cartel\u00e9 &#8211; lien vers le programme<\/p>\n","protected":false},"author":1147,"featured_media":0,"parent":0,"menu_order":0,"comment_status":"closed","ping_status":"closed","template":"","meta":{"_crdt_document":"","footnotes":""},"class_list":["post-3282","page","type-page","status-publish","hentry"],"_links":{"self":[{"href":"https:\/\/www.kananas.com\/uplegess\/wp-json\/wp\/v2\/pages\/3282","targetHints":{"allow":["GET"]}}],"collection":[{"href":"https:\/\/www.kananas.com\/uplegess\/wp-json\/wp\/v2\/pages"}],"about":[{"href":"https:\/\/www.kananas.com\/uplegess\/wp-json\/wp\/v2\/types\/page"}],"author":[{"embeddable":true,"href":"https:\/\/www.kananas.com\/uplegess\/wp-json\/wp\/v2\/users\/1147"}],"replies":[{"embeddable":true,"href":"https:\/\/www.kananas.com\/uplegess\/wp-json\/wp\/v2\/comments?post=3282"}],"version-history":[{"count":3,"href":"https:\/\/www.kananas.com\/uplegess\/wp-json\/wp\/v2\/pages\/3282\/revisions"}],"predecessor-version":[{"id":3299,"href":"https:\/\/www.kananas.com\/uplegess\/wp-json\/wp\/v2\/pages\/3282\/revisions\/3299"}],"wp:attachment":[{"href":"https:\/\/www.kananas.com\/uplegess\/wp-json\/wp\/v2\/media?parent=3282"}],"curies":[{"name":"wp","href":"https:\/\/api.w.org\/{rel}","templated":true}]}}