{"id":3484,"date":"2024-07-03T14:42:05","date_gmt":"2024-07-03T12:42:05","guid":{"rendered":"https:\/\/www.kananas.com\/uplegess\/?page_id=3484"},"modified":"2024-07-03T14:43:20","modified_gmt":"2024-07-03T12:43:20","slug":"evenements-23-24-50-ans-up","status":"publish","type":"page","link":"https:\/\/www.kananas.com\/uplegess\/evenements-23-24-50-ans-up\/","title":{"rendered":"Ev\u00e9nements 23-24 &#8211; 50 ans UP"},"content":{"rendered":"<h3 style=\"text-align: left\"><strong>les <span style=\"color: #33cccc\">50 ans<\/span> de l&rsquo;UPLEGESS<\/strong><\/h3>\n<div id=\"attachment_3296\" style=\"width: 163px\" class=\"wp-caption alignright\"><img loading=\"lazy\" decoding=\"async\" aria-describedby=\"caption-attachment-3296\" class=\"wp-image-3296 \" src=\"https:\/\/www.kananas.com\/uplegess\/wp-content\/uploads\/sites\/992\/2023\/12\/paul-klee-park-bei-lu_hd-210x300.jpeg\" alt=\"\" width=\"153\" height=\"219\" srcset=\"https:\/\/www.kananas.com\/uplegess\/wp-content\/uploads\/sites\/992\/2023\/12\/paul-klee-park-bei-lu_hd-210x300.jpeg 210w, https:\/\/www.kananas.com\/uplegess\/wp-content\/uploads\/sites\/992\/2023\/12\/paul-klee-park-bei-lu_hd-715x1024.jpeg 715w, https:\/\/www.kananas.com\/uplegess\/wp-content\/uploads\/sites\/992\/2023\/12\/paul-klee-park-bei-lu_hd-768x1100.jpeg 768w, https:\/\/www.kananas.com\/uplegess\/wp-content\/uploads\/sites\/992\/2023\/12\/paul-klee-park-bei-lu_hd-1073x1536.jpeg 1073w, https:\/\/www.kananas.com\/uplegess\/wp-content\/uploads\/sites\/992\/2023\/12\/paul-klee-park-bei-lu_hd.jpeg 1417w\" sizes=\"auto, (max-width: 153px) 100vw, 153px\" \/><p id=\"caption-attachment-3296\" class=\"wp-caption-text\"><span style=\"font-size: 8pt\">Paul Klee, Parc pre\u0300s de Lu, 1938, huile et p\u00e2te sur papier sur jute, \u00a9 Zentrum Paul Klee, Berne<\/span><\/p><\/div>\n<p>&nbsp;<\/p>\n<p style=\"text-align: right\"><span style=\"font-size: 12pt\"><strong>Journ\u00e9e d&rsquo;\u00e9tude<\/strong><\/span><\/p>\n<h4 style=\"text-align: right\"><span style=\"font-size: 12pt\"><strong>R\u00e9union des groupes langues<\/strong><\/span><\/h4>\n<h4 style=\"text-align: right\"><span style=\"font-size: 12pt\"><strong>S\u00e9minaire de formation <\/strong><\/span><\/h4>\n<h4 style=\"text-align: right\"><span style=\"font-size: 12pt\"><strong>Congr\u00e8s<\/strong><\/span><\/h4>\n<h3 style=\"text-align: left\"><span style=\"color: #008080\"><strong><span style=\"color: #33cccc\">MAI-JUIN 24 <\/span><\/strong><\/span><\/h3>\n<p style=\"text-align: left\"><span style=\"color: #008080\"><strong><span style=\"color: #33cccc\">du jeudi 30 mai au samedi 1er juin<\/span><\/strong><\/span><\/p>\n<h6 style=\"text-align: left\"><span style=\"color: #008080\"><strong><span style=\"color: #33cccc\"><span style=\"color: #333333\">Congr\u00e8s aux Mines de Paris\u00a0<\/span><\/span><\/strong><\/span><span style=\"color: #000000;font-size: 12pt\"><em>\u00ab\u00a0Donner la parole aux langues pour une plan\u00e8te apprenante : bilan de 50 ans d&rsquo;exp\u00e9rience et projets d&rsquo;avenir\u00a0\u00bb<\/em><\/span><\/h6>\n<blockquote><p><strong><span style=\"font-size: 12pt\"><span style=\"color: #008080\">PROGRAMME 50e CONGRES UPLEGESS<\/span> <span style=\"color: #008080\"><a href=\"https:\/\/www.kananas.com\/uplegess\/wp-content\/uploads\/sites\/992\/2024\/05\/PROGRAMME-Vff_2024_05_26.pdf\">Cliquer ici, <span style=\"font-size: 10pt\">version finale 26\/05<\/span><\/a>\u00a0<\/span><\/span><\/strong><\/p><\/blockquote>\n<blockquote><p><span style=\"font-size: 12pt\"><strong><span style=\"color: #008080\">APPEL A COMMUNICATION<\/span> <a href=\"https:\/\/www.kananas.com\/uplegess\/2023\/12\/09\/participez-au-congres-des-50ans-de-luplegess-aux-mines-de-paris-fin-mai-2023\/\">cliquer ici &#8211; <\/a><\/strong>Date limite d&rsquo;envoi de votre proposition de contribution<strong> le 7 avril 2024<\/strong><\/span><\/p><\/blockquote>\n<blockquote><p><strong>Institutions et enseignants :\u00a0 ADHESION A L\u2019UPLEGESS\u00a0<a href=\"https:\/\/www.kananas.com\/uplegess\/uplegess\/adhesion\/\" target=\"_blank\" rel=\"noopener\"> cliquer ici\u00a0<\/a><\/strong><\/p><\/blockquote>\n<blockquote><p><strong>Institutions et enseignants :\u00a0 INSCRIPTION AU CONGRES 2024\u00a0<a href=\"https:\/\/www.helloasso.com\/associations\/union-des-professeurs-de-langues-etrangeres-des-grandes-ecoles-et-des-etablissements-superieurs-scientifiques\/evenements\/congres-anniversaire-des-50-ans-de-l-uplegess\" target=\"_blank\" rel=\"noopener\">cliquer ici<\/a>\u00a0<\/strong><\/p><\/blockquote>\n<blockquote><p><span style=\"font-size: 12pt\"><strong><span style=\"color: #008080\">CONCOURS PHOTOS<\/span><\/strong><\/span>\u00a0&#8211; <span style=\"font-size: 10pt\">Pour son 50e anniversaire, l&rsquo;UPLEGESS met \u00e0 l&rsquo;honneur les \u00e9tudiants gr\u00e2ce \u00e0 un concours photos &#8211; <strong>\u00ab\u00a0je\u00a0\u00bb devient un autre<\/strong> &#8211; \u00e0 proposer aux \u00e9tudiants. Voici le document d\u00e9di\u00e9 aux enseignants <span style=\"font-size: 12pt\"><a href=\"https:\/\/www.kananas.com\/uplegess\/wp-content\/uploads\/sites\/992\/2024\/02\/concours-photo-01-2024-EnseignantRef.pdf\" target=\"_blank\" rel=\"noopener\">doc-Enseignants &#8211; <strong>cliquer ici<\/strong><\/a> et le document d\u00e9di\u00e9 au bureau des arts <a href=\"https:\/\/www.kananas.com\/uplegess\/wp-content\/uploads\/sites\/992\/2024\/02\/concours-photo-01-2024_BDA-VF.pdf\" target=\"_blank\" rel=\"noopener\">doc-BDA &#8211; <strong>cliquer ici<\/strong><\/a><\/span><\/span><\/p><\/blockquote>\n<p>&nbsp;<\/p>\n<hr \/>\n<h4 style=\"text-align: left\"><span style=\"color: #33cccc\"><strong>AVRIL 24<\/strong><\/span><\/h4>\n<p><strong><span style=\"color: #33cccc\">le Vendredi 5 avril &#8211; 9h-16h<\/span><\/strong><\/p>\n<p>Dans le cadre des 50 ans de l\u2019<strong>UPLEGESS<\/strong>, l\u2019<strong>Institut Agro Montpellier <\/strong>et <strong>Montpellier Business School<\/strong> ont le plaisir de vous convier \u00e0 une journ\u00e9e d\u2019\u00e9tude en collaboration avec l\u2019<strong>Institut des Futurs souhaitables<\/strong>.<\/p>\n<h5 style=\"text-align: center\"><strong style=\"font-size: 0.95em\"><span style=\"color: #008080\">\u00ab <span style=\"color: #000000\"><em>2050 : un futur souhaitable pour l\u2019enseignement des langues<\/em><\/span> \u00bb<\/span><\/strong><\/h5>\n<p><strong style=\"font-size: 0.95em\"><span style=\"color: #008080\"><a href=\"https:\/\/www.kananas.com\/uplegess\/wp-content\/uploads\/sites\/992\/2024\/03\/UPLEGESS-Supagro-MBS-5-avril-2024_VF.pdf\">Programme Supagro MBS 5 avril 2024<\/a>\u00a0<\/span><\/strong><\/p>\n<hr \/>\n<h4 style=\"text-align: left\"><span style=\"color: #33cccc\"><strong>JANVIER-MARS 24 <\/strong><\/span><\/h4>\n<h4 style=\"text-align: left;padding-left: 40px\"><strong>R\u00e9unions des groupes Langues<\/strong><\/h4>\n<p><strong><span style=\"color: #33cccc\">le 15 mars : demi-journ\u00e9e du groupe Langues MoDimes<\/span><\/strong><\/p>\n<ul>\n<li>de 9h \u00e0 11h30 en distanciel<\/li>\n<li>inscriptions avant le 10 mars (<a href=\"https:\/\/fr.surveymonkey.com\/r\/3CQGFKG\" target=\"_blank\" rel=\"noopener\">cliquer<\/a>)<\/li>\n<li><a href=\"https:\/\/www.kananas.com\/uplegess\/wp-content\/uploads\/sites\/992\/2024\/02\/demi-journee-langues-Modimes.pdf\">programme demi journe\u0301e langues Modimes<\/a><\/li>\n<\/ul>\n<p><strong><span style=\"color: #33cccc\">le 3 f\u00e9vrier : la journ\u00e9e des Germanistes<\/span><\/strong><\/p>\n<ul>\n<li>sur le campus parisien de NEOMA Business School &#8211; <em>lien vers l&rsquo;information \u00e0 venir.<\/em><\/li>\n<\/ul>\n<p><span style=\"color: #33cccc\"><strong>le 27 janvier : la journ\u00e9e des Hispanistes <\/strong><\/span><\/p>\n<ul>\n<li><span style=\"color: #33cccc\"><span style=\"color: #000000\">\u00e0 la Paris School of Business sur le th\u00e8me : \u00ab\u00a0SABER SER EN CLASE DE ESPA\u00d1OL: EMPAT\u00cdA, EMOCIONES, CREATIVIDAD Y \u00c9TICA\u00a0\u00bb &#8211;<span style=\"color: #ff0000\"> <a style=\"color: #ff0000\" href=\"https:\/\/www.kananas.com\/uplegess\/presentation-du-gt-espagnol\/\" target=\"_blank\" rel=\"noopener\">lien vers l&rsquo;information<\/a><\/span><\/span><\/span><\/li>\n<\/ul>\n<p>&nbsp;<\/p>\n<hr \/>\n<h4 style=\"text-align: left\"><span style=\"color: #008080\"><strong><span style=\"color: #33cccc\">FEVRIER 24\u00a0<\/span><\/strong><\/span><\/h4>\n<p><strong><span style=\"color: #33cccc\">le 1er f\u00e9vrier<\/span><\/strong><\/p>\n<h4 style=\"text-align: left;padding-left: 40px\"><span style=\"color: #008080\"><strong><span style=\"color: #333333\">Journ\u00e9e d&rsquo;\u00e9tudes \u00e0 Paris School Business<\/span><\/strong><\/span><\/h4>\n<ul>\n<li><em><span style=\"font-size: 12pt\"><strong>Comment former \u00e0 des m\u00e9tiers qui n&rsquo;existent pas encore ?<\/strong> &#8211; <\/span><\/em><span style=\"font-size: 12pt\"><a href=\"https:\/\/www.kananas.com\/uplegess\/2023\/12\/16\/comment-former-a-des-metiers-qui-nexistent-pas-encore-participez-a-notre-journee-detude-a-paris\/\" target=\"_blank\" rel=\"noopener\"><span style=\"color: #ff0000\">lien vers programme<\/span><\/a><\/span><\/li>\n<\/ul>\n<p>&nbsp;<\/p>\n<hr \/>\n<h4 style=\"text-align: left\"><span style=\"color: #008080\"><strong><span style=\"color: #33cccc\">DECEMBRE 23 <\/span><\/strong><\/span><\/h4>\n<p style=\"text-align: left\"><span style=\"color: #008080\"><strong><span style=\"color: #33cccc\">du vendredi 1er au samedi 2 d\u00e9cembre\u00a0<\/span><\/strong><\/span><\/p>\n<h4 style=\"text-align: left;padding-left: 40px\"><span style=\"color: #008080\"><strong><span style=\"color: #333333\">S\u00e9minaire de formation \u00e0 Bordeaux <\/span><\/strong><\/span><\/h4>\n<h6 style=\"text-align: left;padding-left: 40px\"><span style=\"color: #008080\"><strong><span style=\"color: #333333\">\u00e0 l&rsquo;Institut d&rsquo;Optique d&rsquo;Aquitaine, l&rsquo;universit\u00e9 Montaigne et les Rencontres du carnet de voyage <\/span><\/strong><\/span><\/h6>\n<ul>\n<li style=\"text-align: left\"><span style=\"color: #008080\"><em><span style=\"color: #333333\"><strong><span style=\"font-size: 12pt\">Rencontre l&rsquo;Autre dans un monde \u00e9cartel\u00e9 &#8211; de la conception du carnet de voyage \u00e0 sa transformation en carnet interculturel<\/span><\/strong> &#8211;\u00a0<\/span><\/em><span style=\"color: #ff0000\"><a style=\"color: #ff0000\" href=\"https:\/\/www.kananas.com\/uplegess\/2023\/10\/24\/rencontrer-lautre-dans-un-monde-ecartele-seminaire-de-formation-a-linterculturel-uplegess-a-bordeaux\/\" target=\"_blank\" rel=\"noopener\"> lien vers programme<\/a><\/span><\/span><\/li>\n<\/ul>\n<p>&nbsp;<\/p>\n<hr \/>\n<h4 style=\"text-align: left\"><strong><span style=\"color: #008080\"><span style=\"color: #33cccc\">JUILLET 23 <\/span><\/span><\/strong><\/h4>\n<p style=\"text-align: left\"><strong><span style=\"color: #008080\"><span style=\"color: #33cccc\">jeudi 6 juillet<\/span><\/span><\/strong><\/p>\n<h4 style=\"text-align: left;padding-left: 40px\"><strong><span style=\"color: #008080\"><span style=\"color: #333333\">Journ\u00e9e d&rsquo;\u00e9tudes \u00e0 Paris School Busin<\/span><\/span><span style=\"color: #333333\">ess <\/span><\/strong><\/h4>\n<ul>\n<li style=\"text-align: left\"><strong><em><span style=\"font-size: 12pt\"><span style=\"color: #333333\">Innover pour mieux enseigner : strat\u00e9gies p\u00e9dagogiques pour recentrer l&rsquo;attention et engager les \u00e9tudiants dans l&rsquo;enseignement sup\u00e9rieur <\/span><\/span><\/em><\/strong><span style=\"color: #ff0000\"><a style=\"color: #ff0000\" href=\"https:\/\/www.kananas.com\/uplegess\/2023\/06\/12\/journee-de-linnovation-pedagogique-a-psb-le-6-juillet-2023-programme-et-inscription\/\" target=\"_blank\" rel=\"noopener\">lien vers programme<\/a><\/span><\/li>\n<\/ul>\n","protected":false},"excerpt":{"rendered":"<p>les 50 ans de l&rsquo;UPLEGESS &nbsp; Journ\u00e9e d&rsquo;\u00e9tude R\u00e9union des groupes langues S\u00e9minaire de formation Congr\u00e8s MAI-JUIN 24 du jeudi 30 mai au samedi 1er juin Congr\u00e8s aux Mines de Paris\u00a0\u00ab\u00a0Donner la parole aux langues pour une plan\u00e8te apprenante : bilan de 50 ans d&rsquo;exp\u00e9rience et projets d&rsquo;avenir\u00a0\u00bb PROGRAMME 50e CONGRES UPLEGESS Cliquer ici, version finale 26\/05\u00a0 APPEL A COMMUNICATION<\/p>\n","protected":false},"author":1147,"featured_media":0,"parent":0,"menu_order":0,"comment_status":"closed","ping_status":"closed","template":"","meta":{"_crdt_document":"","footnotes":""},"class_list":["post-3484","page","type-page","status-publish","hentry"],"_links":{"self":[{"href":"https:\/\/www.kananas.com\/uplegess\/wp-json\/wp\/v2\/pages\/3484","targetHints":{"allow":["GET"]}}],"collection":[{"href":"https:\/\/www.kananas.com\/uplegess\/wp-json\/wp\/v2\/pages"}],"about":[{"href":"https:\/\/www.kananas.com\/uplegess\/wp-json\/wp\/v2\/types\/page"}],"author":[{"embeddable":true,"href":"https:\/\/www.kananas.com\/uplegess\/wp-json\/wp\/v2\/users\/1147"}],"replies":[{"embeddable":true,"href":"https:\/\/www.kananas.com\/uplegess\/wp-json\/wp\/v2\/comments?post=3484"}],"version-history":[{"count":1,"href":"https:\/\/www.kananas.com\/uplegess\/wp-json\/wp\/v2\/pages\/3484\/revisions"}],"predecessor-version":[{"id":3487,"href":"https:\/\/www.kananas.com\/uplegess\/wp-json\/wp\/v2\/pages\/3484\/revisions\/3487"}],"wp:attachment":[{"href":"https:\/\/www.kananas.com\/uplegess\/wp-json\/wp\/v2\/media?parent=3484"}],"curies":[{"name":"wp","href":"https:\/\/api.w.org\/{rel}","templated":true}]}}