{"id":456,"date":"2018-12-07T23:28:56","date_gmt":"2018-12-07T22:28:56","guid":{"rendered":"http:\/\/www.kananas.com\/uplegess\/?page_id=456"},"modified":"2019-10-25T14:52:20","modified_gmt":"2019-10-25T12:52:20","slug":"2-journees-detudes","status":"publish","type":"page","link":"https:\/\/www.kananas.com\/uplegess\/journees-detudes-cge\/2-journees-detudes\/","title":{"rendered":"Journ\u00e9es d&rsquo;\u00e9tudes de 2018-2019"},"content":{"rendered":"<blockquote><p><span style=\"font-size: 12pt\"><img loading=\"lazy\" decoding=\"async\" class=\"wp-image-489 aligncenter\" src=\"http:\/\/www.kananas.com\/uplegess\/wp-content\/uploads\/sites\/992\/2018\/12\/200px-Logo_E\u0301cole_nationale_des_ponts_et_chausse\u0301es.jpg\" alt=\"\" width=\"99\" height=\"130\" \/>le\u00a0<span id=\"OBJ_PREFIX_DWT4907_com_zimbra_date\" role=\"link\">21 mars 2019<\/span> &#8211;\u00a0 <span id=\"DWT4909\">Journ\u00e9e<\/span>\u00a0du Groupe de Travail Langues de la\u00a0<span id=\"DWT4911\">Conf\u00e9rence des Grande Ecoles (GT Langues\/CGE) \u00e0 l&rsquo;\u00e9cole des Ponts ParisTech sur <\/span>la place du plurilinguisme dans nos \u00e9coles.<\/span><\/p>\n<ul style=\"font-size: 15.2015px;list-style-type: circle\">\n<li><strong><span style=\"font-size: 12pt\"><a href=\"http:\/\/www.kananas.com\/uplegess\/journees-detudes-cge\/2-journees-detudes\/journee-detudes-du-groupe-de-travail-langues-de-la-commission-formation-de-la-cge-du-21-mars-2019\/\" target=\"_blank\" rel=\"noopener noreferrer\">Compte-rendus de la journ\u00e9e et vid\u00e9os<\/a><\/span><\/strong><\/li>\n<li><span style=\"font-size: 12pt\"><span style=\"font-size: 12pt\"><a href=\"http:\/\/www.kananas.com\/uplegess\/wp-content\/uploads\/sites\/992\/2019\/03\/Programme-Journ\u00e9e-CGE_21-mars-2019-version-d.docx\">Programme Journ\u00e9e<\/a><\/span><\/span><\/li>\n<\/ul>\n<\/blockquote>\n<hr \/>\n<blockquote><p><img loading=\"lazy\" decoding=\"async\" class=\"aligncenter\" style=\"font-size: 15.2015px;background-color: #f5f5f5\" src=\"https:\/\/gluees.observatoireplurilinguisme.eu\/images\/Colloques\/Colloque_Gouvernance_linguistique\/Bandeau19_logos9.jpg\" alt=\"GLUEES\" width=\"352\" height=\"62\" \/><\/p>\n<p><span style=\"font-size: 12pt\">les 8 et 9 Novembre 2018 &#8211; Colloque sur la Gouvernance linguistique de l&rsquo;enseignement sup\u00e9rieur<\/span><\/p>\n<ul style=\"list-style-type: circle\">\n<li><strong><span style=\"font-size: 12pt\"><a href=\"http:\/\/www.kananas.com\/uplegess\/wp-content\/uploads\/sites\/992\/2019\/10\/CONCLUSIONS-COLLOQUE-GOUVERNANCE-LINGUISTIQUE.pdf\" target=\"_blank\" rel=\"noopener noreferrer\">Conclusions &#8211; Colloque Gouvernance Linguistique<\/a><\/span><\/strong><\/li>\n<li><span style=\"font-size: 12pt\"><a href=\"https:\/\/gluees.observatoireplurilinguisme.eu\/images\/Colloques\/Colloque_Gouvernance_linguistique\/Programme.pdf\">Programme des communications\u00a0<\/a><\/span><\/li>\n<li><span style=\"font-size: 12pt\"><a href=\"https:\/\/gluees.observatoireplurilinguisme.eu\/fr\/\">Revoir les pr\u00e9sentations\u00a0<\/a><\/span><\/li>\n<\/ul>\n<\/blockquote>\n<p>&nbsp;<\/p>\n","protected":false},"excerpt":{"rendered":"<p>le\u00a021 mars 2019 &#8211;\u00a0 Journ\u00e9e\u00a0du Groupe de Travail Langues de la\u00a0Conf\u00e9rence des Grande Ecoles (GT Langues\/CGE) \u00e0 l&rsquo;\u00e9cole des Ponts ParisTech sur la place du plurilinguisme dans nos \u00e9coles. Compte-rendus de la journ\u00e9e et vid\u00e9os Programme Journ\u00e9e les 8 et 9 Novembre 2018 &#8211; Colloque sur la Gouvernance linguistique de l&rsquo;enseignement sup\u00e9rieur Conclusions &#8211; Colloque Gouvernance Linguistique Programme des communications\u00a0<\/p>\n","protected":false},"author":1025,"featured_media":0,"parent":806,"menu_order":0,"comment_status":"closed","ping_status":"closed","template":"","meta":{"_crdt_document":"","footnotes":""},"class_list":["post-456","page","type-page","status-publish","hentry"],"_links":{"self":[{"href":"https:\/\/www.kananas.com\/uplegess\/wp-json\/wp\/v2\/pages\/456","targetHints":{"allow":["GET"]}}],"collection":[{"href":"https:\/\/www.kananas.com\/uplegess\/wp-json\/wp\/v2\/pages"}],"about":[{"href":"https:\/\/www.kananas.com\/uplegess\/wp-json\/wp\/v2\/types\/page"}],"author":[{"embeddable":true,"href":"https:\/\/www.kananas.com\/uplegess\/wp-json\/wp\/v2\/users\/1025"}],"replies":[{"embeddable":true,"href":"https:\/\/www.kananas.com\/uplegess\/wp-json\/wp\/v2\/comments?post=456"}],"version-history":[{"count":40,"href":"https:\/\/www.kananas.com\/uplegess\/wp-json\/wp\/v2\/pages\/456\/revisions"}],"predecessor-version":[{"id":1634,"href":"https:\/\/www.kananas.com\/uplegess\/wp-json\/wp\/v2\/pages\/456\/revisions\/1634"}],"up":[{"embeddable":true,"href":"https:\/\/www.kananas.com\/uplegess\/wp-json\/wp\/v2\/pages\/806"}],"wp:attachment":[{"href":"https:\/\/www.kananas.com\/uplegess\/wp-json\/wp\/v2\/media?parent=456"}],"curies":[{"name":"wp","href":"https:\/\/api.w.org\/{rel}","templated":true}]}}