{"id":459,"date":"2018-12-07T23:30:00","date_gmt":"2018-12-07T22:30:00","guid":{"rendered":"http:\/\/www.kananas.com\/uplegess\/?page_id=459"},"modified":"2024-02-25T19:05:22","modified_gmt":"2024-02-25T18:05:22","slug":"2-journees-groupe-de-travail-par-langue","status":"publish","type":"page","link":"https:\/\/www.kananas.com\/uplegess\/2-journees-groupe-de-travail-par-langue\/","title":{"rendered":"Journ\u00e9es Groupe de travail par langue"},"content":{"rendered":"<p><strong>le 15 mars 2024 : la journ\u00e9e des Langues Modimes<\/strong><\/p>\n<ul>\n<li>\u00e0 distance de 9h \u00e0 11h sur le th\u00e8me : \u00ab\u00a0Comment g\u00e9rer l&rsquo;h\u00e9t\u00e9rog\u00e9n\u00e9it\u00e9, \u00e9change de bonnes pratiques\u00a0\u00bb<\/li>\n<li>inscriptions avant le 10 mars (<a href=\"https:\/\/fr.surveymonkey.com\/r\/3CQGFKG\" target=\"_blank\" rel=\"noopener\">cliquer<\/a>)<\/li>\n<\/ul>\n<p><strong>le 3 f\u00e9vrier 24 : la journ\u00e9e des Germanistes<\/strong><\/p>\n<ul>\n<li>sur le campus parisien de NEOMA Business School \u2013\u00a0<em>lien vers l\u2019information \u00e0 venir.<\/em><\/li>\n<\/ul>\n<p><strong>le 27 janvier 24 : la journ\u00e9e des Hispanistes<\/strong><\/p>\n<ul>\n<li>\u00e0 la Paris School of Business sur le th\u00e8me : \u201cSABER SER EN CLASE DE ESPA\u00d1OL: EMPAT\u00cdA, EMOCIONES, CREATIVIDAD Y \u00c9TICA\u201d \u2013\u00a0<a href=\"https:\/\/www.kananas.com\/uplegess\/presentation-du-gt-espagnol\/\" target=\"_blank\" rel=\"noopener\">lien vers l\u2019information<\/a><\/li>\n<\/ul>\n","protected":false},"excerpt":{"rendered":"<p>le 15 mars 2024 : la journ\u00e9e des Langues Modimes \u00e0 distance de 9h \u00e0 11h sur le th\u00e8me : \u00ab\u00a0Comment g\u00e9rer l&rsquo;h\u00e9t\u00e9rog\u00e9n\u00e9it\u00e9, \u00e9change de bonnes pratiques\u00a0\u00bb inscriptions avant le 10 mars (cliquer) le 3 f\u00e9vrier 24 : la journ\u00e9e des Germanistes sur le campus parisien de NEOMA Business School \u2013\u00a0lien vers l\u2019information \u00e0 venir. le 27 janvier 24 :<\/p>\n","protected":false},"author":1147,"featured_media":0,"parent":0,"menu_order":0,"comment_status":"closed","ping_status":"closed","template":"","meta":{"_crdt_document":"","footnotes":""},"class_list":["post-459","page","type-page","status-publish","hentry"],"_links":{"self":[{"href":"https:\/\/www.kananas.com\/uplegess\/wp-json\/wp\/v2\/pages\/459","targetHints":{"allow":["GET"]}}],"collection":[{"href":"https:\/\/www.kananas.com\/uplegess\/wp-json\/wp\/v2\/pages"}],"about":[{"href":"https:\/\/www.kananas.com\/uplegess\/wp-json\/wp\/v2\/types\/page"}],"author":[{"embeddable":true,"href":"https:\/\/www.kananas.com\/uplegess\/wp-json\/wp\/v2\/users\/1147"}],"replies":[{"embeddable":true,"href":"https:\/\/www.kananas.com\/uplegess\/wp-json\/wp\/v2\/comments?post=459"}],"version-history":[{"count":31,"href":"https:\/\/www.kananas.com\/uplegess\/wp-json\/wp\/v2\/pages\/459\/revisions"}],"predecessor-version":[{"id":3367,"href":"https:\/\/www.kananas.com\/uplegess\/wp-json\/wp\/v2\/pages\/459\/revisions\/3367"}],"wp:attachment":[{"href":"https:\/\/www.kananas.com\/uplegess\/wp-json\/wp\/v2\/media?parent=459"}],"curies":[{"name":"wp","href":"https:\/\/api.w.org\/{rel}","templated":true}]}}