{"id":806,"date":"2019-01-10T14:03:52","date_gmt":"2019-01-10T13:03:52","guid":{"rendered":"http:\/\/www.kananas.com\/uplegess\/?page_id=806"},"modified":"2023-12-16T15:28:28","modified_gmt":"2023-12-16T14:28:28","slug":"journees-detudes-cge","status":"publish","type":"page","link":"https:\/\/www.kananas.com\/uplegess\/journees-detudes-cge\/","title":{"rendered":"Journ\u00e9es d&rsquo;\u00e9tudes CGE"},"content":{"rendered":"<blockquote><p>acc\u00e8s aux pages sous l&rsquo;onglet \u00ab\u00a0Journ\u00e9es d&rsquo;\u00e9tudes CGE\u00a0\u00bb<\/p><\/blockquote>\n","protected":false},"excerpt":{"rendered":"<p>acc\u00e8s aux pages sous l&rsquo;onglet \u00ab\u00a0Journ\u00e9es d&rsquo;\u00e9tudes CGE\u00a0\u00bb<\/p>\n","protected":false},"author":1147,"featured_media":0,"parent":0,"menu_order":0,"comment_status":"closed","ping_status":"closed","template":"","meta":{"_crdt_document":"","footnotes":""},"class_list":["post-806","page","type-page","status-publish","hentry"],"_links":{"self":[{"href":"https:\/\/www.kananas.com\/uplegess\/wp-json\/wp\/v2\/pages\/806","targetHints":{"allow":["GET"]}}],"collection":[{"href":"https:\/\/www.kananas.com\/uplegess\/wp-json\/wp\/v2\/pages"}],"about":[{"href":"https:\/\/www.kananas.com\/uplegess\/wp-json\/wp\/v2\/types\/page"}],"author":[{"embeddable":true,"href":"https:\/\/www.kananas.com\/uplegess\/wp-json\/wp\/v2\/users\/1147"}],"replies":[{"embeddable":true,"href":"https:\/\/www.kananas.com\/uplegess\/wp-json\/wp\/v2\/comments?post=806"}],"version-history":[{"count":6,"href":"https:\/\/www.kananas.com\/uplegess\/wp-json\/wp\/v2\/pages\/806\/revisions"}],"predecessor-version":[{"id":3279,"href":"https:\/\/www.kananas.com\/uplegess\/wp-json\/wp\/v2\/pages\/806\/revisions\/3279"}],"wp:attachment":[{"href":"https:\/\/www.kananas.com\/uplegess\/wp-json\/wp\/v2\/media?parent=806"}],"curies":[{"name":"wp","href":"https:\/\/api.w.org\/{rel}","templated":true}]}}