{"id":3021,"date":"2020-09-21T18:58:05","date_gmt":"2020-09-21T16:58:05","guid":{"rendered":"http:\/\/www.kananas.com\/utlannecy\/?page_id=3021"},"modified":"2021-05-30T16:08:16","modified_gmt":"2021-05-30T14:08:16","slug":"les-conferences","status":"publish","type":"page","link":"https:\/\/www.kananas.com\/utlannecy\/les-conferences\/","title":{"rendered":"Les Conf\u00e9rences"},"content":{"rendered":"[tabs style=\u00a0\u00bbdefault\u00a0\u00bb active=\u00a0\u00bb8&Prime; vertical=\u00a0\u00bbno\u00a0\u00bb mobile=\u00a0\u00bbdesktop\u00a0\u00bb]\n[tab title=\u00a0\u00bbOctobre\u00a0\u00bb disabled=\u00a0\u00bbno\u00a0\u00bb anchor=\u00a0\u00bb\u00a0\u00bb url=\u00a0\u00bb\u00a0\u00bb target=\u00a0\u00bbblank\u00a0\u00bb class=\u00a0\u00bb\u00a0\u00bb]\n<div class=\"page\" title=\"Page 1\">\n<div class=\"section\">\n<div class=\"layoutArea\">\n<div class=\"column\">\n<p>\u00a0<strong>le jeudi 8 octobre &#8211; sur site<br \/>\n&#8211; Sur les pas de Jean-Jacques Rousseau\u00a0<\/strong>Conf\u00e9rence Visite anim\u00e9e par M. LANTERNIER<br \/>\n\u00ab \u00c0 Annecy, j\u2019\u00e9tais dans l\u2019ivresse! \u00a0\u00bb<br \/>\n\u00ab Je vous propose de vous conduire en divers endroits de la ville \u00e9voqu\u00e9s par Rousseau, des lieux connus comme le balustre d&rsquo;or mais aussi d&rsquo;autres dont Rousseau se souvient avec pr\u00e9cision en m\u00ealant des personnages rencontr\u00e9s \u00e0 Annecy voire des \u00e9motions et des odeurs qui lui sont rest\u00e9es. \u00bb .<\/p>\n<hr \/>\n<p><strong>le vendredi 9 octobre 14h &#8211; Salle Martinet <a href=\"https:\/\/youtu.be\/3CBbf6aWqsw\" target=\"_blank\" rel=\"noopener\"><span style=\"color: #ff0000\">en replay<\/span><\/a><br \/>\n&#8211; Les \u00e9glises modernes en Savoie et Haute-Savoie\u00a0<\/strong>Conf\u00e9rence anim\u00e9e par Carinne BONNOT<br \/>\n[youtube url=\u00a0\u00bbhttps:\/\/www.youtube.com\/watch?v=3CBbf6aWqsw\u00a0\u00bb width=\u00a0\u00bb190&Prime; height=\u00a0\u00bb110&Prime; responsive=\u00a0\u00bbno\u00a0\u00bb autoplay=\u00a0\u00bbno\u00a0\u00bb mute=\u00a0\u00bbno\u00a0\u00bb]\nLe XX\u00e8me si\u00e8cle a constitu\u00e9 un terrain favorable \u00e0 la recherche architecturale dans le domaine des \u00e9quipements publics, de l\u2019habitat, du logement collectif mais aussi dans les constructions pour l\u2019Eglise. La p\u00e9riode des Trentes glorieuses a vu na\u00eetre des \u00e9glises modernes, \u00e9pur\u00e9es, proposant des espaces nouveaux pour le culte, en lien avec les pr\u00e9conisations du Concile Vatican II (1968), qui remettait en question les formes acad\u00e9miques et les esth\u00e9tiques flamboyantes des si\u00e8cles pr\u00e9c\u00e9dents.<\/p>\n<hr \/>\n<p><strong>le jeudi 15 octobre 14h -Salle Martinet <span style=\"color: #ff0000\">en replay<\/span><br \/>\n&#8211; La voie ferr\u00e9e Aix-les-Bains \/ Annecy\u00a0<\/strong>Conf\u00e9rence anim\u00e9e par M. BILLIEZ<br \/>\n[youtube url=\u00a0\u00bbhttps:\/\/www.youtube.com\/watch?v=wwnPwnoNrnU\u00a0\u00bb width=\u00a0\u00bb190&Prime; height=\u00a0\u00bb110&Prime; responsive=\u00a0\u00bbno\u00a0\u00bb autoplay=\u00a0\u00bbno\u00a0\u00bb mute=\u00a0\u00bbno\u00a0\u00bb]\n<hr \/>\n<p><strong>le vendredi 16 octobre 14h -Salle Martinet <span style=\"color: #ff0000\">en replay<\/span><br \/>\n&#8211; Histoire des glaciations dans les vall\u00e9es alpines<br \/>\n<\/strong>Conf\u00e9rence anim\u00e9e par Sylvain COUTERRAND (enregistrement perturb\u00e9 et coup\u00e9 apr\u00e8s 50 mn)<br \/>\n[youtube url=\u00a0\u00bbhttps:\/\/www.youtube.com\/watch?v=HBRO3IHwXio\u00a0\u00bb width=\u00a0\u00bb190&Prime; height=\u00a0\u00bb110&Prime; responsive=\u00a0\u00bbno\u00a0\u00bb autoplay=\u00a0\u00bbno\u00a0\u00bb mute=\u00a0\u00bbno\u00a0\u00bb]\nSitu\u00e9 au carrefour de plusieurs flux glaciaires au cours des glaciations quaternaires, le belv\u00e9d\u00e8re du Sal\u00e8ve permet d&rsquo;expliquer, entre autres, la gen\u00e8se du lac d&rsquo;Annecy.<\/p>\n<hr \/>\n<p><strong>le 22 octobre &#8211; Sortie terrain \u00a0: Visite comment\u00e9e au Sal\u00e8ve Nord<\/strong> (inscription \u00e0 la permanence de l\u2019UTL)<\/p>\n<hr \/>\n<p><strong>le vendredi 23 octobre 14h &#8211;<a href=\"https:\/\/youtu.be\/OWf1PyI1mZ8\" target=\"_blank\" rel=\"noopener\"> <span style=\"color: #ff0000\">en replay<\/span><\/a><br \/>\n&#8211; Les stations de sports d&rsquo;hiver et leur \u00e9volution <\/strong>Conf\u00e9rence anim\u00e9e par Carine BONNOT<strong><br \/>\n<\/strong>[youtube url=\u00a0\u00bbhttps:\/\/www.youtube.com\/watch?v=OWf1PyI1mZ8&Prime; width=\u00a0\u00bb190&Prime; height=\u00a0\u00bb110&Prime; responsive=\u00a0\u00bbno\u00a0\u00bb autoplay=\u00a0\u00bbno\u00a0\u00bb mute=\u00a0\u00bbno\u00a0\u00bb]\n<p>Le plan Neige des ann\u00e9es 1960 va constituer, dans les territoires alpins de montagne, un d\u00e9veloppement des stations de ski, construites \u00e0 diff\u00e9rentes altitudes. Plusieurs g\u00e9n\u00e9rations de stations apparaissent, autour des villages de montagne dans un premier temps, puis dans les alpages et sur les hauts plateaux, dans des sites de plus en plus isol\u00e9s et enneig\u00e9s. Comment sont con\u00e7us ces lieux de vill\u00e9giature pour les sports d\u2019hiver, au temps du loisir pour tous, dans la France des ann\u00e9es 1960 ?<\/p>\n<\/div>\n<\/div>\n<\/div>\n<\/div>\n[\/tab]\n[tab title=\u00a0\u00bbNovembre \u00a0\u00bb disabled=\u00a0\u00bbno\u00a0\u00bb anchor=\u00a0\u00bb\u00a0\u00bb url=\u00a0\u00bb\u00a0\u00bb target=\u00a0\u00bbblank\u00a0\u00bb class=\u00a0\u00bb\u00a0\u00bb]\n<p><strong>le vendredi 6 novembre 14h- <a href=\"https:\/\/youtu.be\/vwmgf4-0bkk\" target=\"_blank\" rel=\"noopener\"><span style=\"color: #ff0000\">en\u00a0replay<\/span><\/a><br \/>\n&#8211; Histoire de la Russie entre les 2 Mondes 1\/3: l&rsquo;espace et les hommes<br \/>\n<\/strong>Conf\u00e9rence anim\u00e9e par Bernard DUCRET<\/p>\n[youtube url=\u00a0\u00bbhttps:\/\/youtu.be\/vwmgf4-0bkk\u00a0\u00bb width=\u00a0\u00bb190&Prime; height=\u00a0\u00bb110&Prime; responsive=\u00a0\u00bbno\u00a0\u00bb autoplay=\u00a0\u00bbno\u00a0\u00bb mute=\u00a0\u00bbno\u00a0\u00bb]\n<p>L&rsquo;histoire de la Russie est d\u00e9licate car les archives ne sont pas encore toutes ouvertes et l&rsquo;historiographie en France a \u00e9t\u00e9 longuement domin\u00e9e par des auteurs li\u00e9s au PCF (Bruhat, Ellenstein&#8230;) . Cette s\u00e9rie de conf\u00e9rences essaie de faire un bilan<strong><br \/>\n<\/strong><\/p>\n<hr \/>\n<p><strong>le vendredi 13 novembre 14h- \u00a0<span style=\"color: #ff0000\">annul\u00e9<\/span><br \/>\n&#8211; La peinture du XIX\u00e8 si\u00e8cle en Russie\u00a0<\/strong>Conf\u00e9rence anim\u00e9e par Alexis DRAHOS<br \/>\nL\u2019objectif de cette conf\u00e9rence est ainsi d\u2019offrir un panorama des plus complets de la production russe du romantisme au symbolisme sans oublier le r\u00e9alisme incarn\u00e9 par le mouvement incontournable des Ambulants au seuil des ann\u00e9es 1860. Un autre fil directeur de cet expos\u00e9 sera \u00e9galement de mettre en \u00e9vidence la r\u00e9ception de l\u2019art russe \u00e0 l\u2019\u00e9tranger et notamment en France lors par exemple des Expositions Universelles.<\/p>\n<hr \/>\n<p><strong>le vendredi 27 novembre 14h &#8211; <a href=\"https:\/\/youtu.be\/31yiYPOYbSs\" target=\"_blank\" rel=\"noopener\"><span style=\"color: #ff0000\">en\u00a0replay<\/span><\/a><br \/>\n&#8211; Histoire de la Russie entre les 2 mondes 2\/3:\u00a0L&rsquo;autocratie<br \/>\n<\/strong>Conf\u00e9rence anim\u00e9e par Bernard DUCRET<\/p>\n[youtube url=\u00a0\u00bbhttps:\/\/youtu.be\/31yiYPOYbSs\u00a0\u00bb width=\u00a0\u00bb190&Prime; height=\u00a0\u00bb110&Prime; responsive=\u00a0\u00bbno\u00a0\u00bb autoplay=\u00a0\u00bbno\u00a0\u00bb mute=\u00a0\u00bbno\u00a0\u00bb]\n[\/tab]\n[tab title=\u00a0\u00bbD\u00e9cembre \u00a0\u00bb disabled=\u00a0\u00bbno\u00a0\u00bb anchor=\u00a0\u00bb\u00a0\u00bb url=\u00a0\u00bb\u00a0\u00bb target=\u00a0\u00bbblank\u00a0\u00bb class=\u00a0\u00bb\u00a0\u00bb]\n<p><strong>le vendredi 4 d\u00e9cembre 14h\u00a0&#8211;<span style=\"color: #ff0000\"> annul\u00e9<\/span><br \/>\n<\/strong><strong>&#8211; La musique russe: Moussorgski\u00a0<\/strong>Conf\u00e9rence anim\u00e9e par Didier PATEL<\/p>\n<hr \/>\n<p><strong>Le vendredi 11 d\u00e9cembre\u00a014h &#8211; <a href=\"https:\/\/youtu.be\/BLzWBOKRoQw\" target=\"_blank\" rel=\"noopener\"><span style=\"color: #ff0000\">en replay<\/span><\/a><br \/>\n&#8211; <strong>Histoire de la Russie entre les 2 mondes3\/3: l&#8217;empire\u00a0<\/strong><br \/>\n<\/strong>Conf\u00e9rence anim\u00e9e par Bernard DUCRET<br \/>\n[youtube url=\u00a0\u00bbhttps:\/\/youtu.be\/BLzWBOKRoQw\u00a0\u00bb width=\u00a0\u00bb190&Prime; height=\u00a0\u00bb110&Prime; responsive=\u00a0\u00bbno\u00a0\u00bb autoplay=\u00a0\u00bbno\u00a0\u00bb mute=\u00a0\u00bbno\u00a0\u00bb]\n<hr \/>\n<p><strong>le jeudi 17 d\u00e9cembre 14h &#8211; <a href=\"https:\/\/youtu.be\/kM7ysrmRvao\" target=\"_blank\" rel=\"noopener\"><span style=\"color: #ff0000\">en replay<\/span><\/a><br \/>\n&#8211; Les Grecs antiques au sud de la Gaule : La naissance de Marseille<\/strong><br \/>\nConf\u00e9rence anim\u00e9e par N et P. EUSTATHOPOULOS<br \/>\nMarseille, la ville la plus vieille de France, a \u00e9t\u00e9 fond\u00e9e il y a 2600 ans par des jeunes Grecs venant de l\u2019Asie Mineure. La pr\u00e9sentation d\u00e9crira et illustrera l\u2019histoire de cette enclave grecque en terre celte sur une p\u00e9riode de six si\u00e8cles, allant de sa fondation jusqu\u2019\u00e0 la conqu\u00eate de la ville par les arm\u00e9es de C\u00e9sar, en 49 av J-C.<\/p>\n[youtube url=\u00a0\u00bbhttps:\/\/youtu.be\/kM7ysrmRvao\u00a0\u00bb width=\u00a0\u00bb190&Prime; height=\u00a0\u00bb110&Prime; responsive=\u00a0\u00bbno\u00a0\u00bb autoplay=\u00a0\u00bbno\u00a0\u00bb mute=\u00a0\u00bbno\u00a0\u00bb]\n[\/tab]\n[tab title=\u00a0\u00bbJanvier \u00a0\u00bb disabled=\u00a0\u00bbno\u00a0\u00bb anchor=\u00a0\u00bb\u00a0\u00bb url=\u00a0\u00bb\u00a0\u00bb target=\u00a0\u00bbblank\u00a0\u00bb class=\u00a0\u00bb\u00a0\u00bb]\n<p><strong>le vendredi 8 Janvier 14h\u00a0&#8211;<span style=\"color: #ff0000\">\u00a0 <a href=\"https:\/\/youtu.be\/a9fPbgY7I4c\" target=\"_blank\" rel=\"noopener\">en replay<\/a><\/span><br \/>\n<\/strong><span style=\"color: #000000\"><strong>&#8211; Les ann\u00e9es folles &#8211; L\u2019esprit de Geneve (1\/3)<br \/>\n<\/strong><\/span><span style=\"color: #000000\">conf\u00e9rence anim\u00e9e par Bernard\u00a0Ducret<\/span><\/p>\n[youtube url=\u00a0\u00bbhttps:\/\/youtu.be\/a9fPbgY7I4c\u00a0\u00bb width=\u00a0\u00bb190&Prime; height=\u00a0\u00bb110&Prime; responsive=\u00a0\u00bbno\u00a0\u00bb autoplay=\u00a0\u00bbno\u00a0\u00bb mute=\u00a0\u00bbno\u00a0\u00bb]\n<p><strong>le vendredi 15 Janvier 14h\u00a0&#8211;<span style=\"color: #ff0000\">\u00a0<a href=\"https:\/\/youtu.be\/SxmzhUTBPHs\" target=\"_blank\" rel=\"noopener\">en replay<\/a><br \/>\n<\/span><\/strong><span style=\"color: #000000\"><strong>&#8211; Les ann\u00e9es folles :\u00a0<\/strong><\/span><strong>Naissance de l\u2019\u00e9conomie du XXe si\u00e8cle (2\/3)<\/strong><br \/>\n<span style=\"color: #000000\">conf\u00e9rence anim\u00e9e par Bernard\u00a0Ducret<\/span><\/p>\n[youtube url=\u00a0\u00bbhttps:\/\/youtu.be\/SxmzhUTBPHs\u00a0\u00bb\u00a0width=\u00a0\u00bb190&Prime; height=\u00a0\u00bb110&Prime; responsive=\u00a0\u00bbno\u00a0\u00bb autoplay=\u00a0\u00bbno\u00a0\u00bb mute=\u00a0\u00bbno\u00a0\u00bb]\n<p><strong>Jeudi 21 janvier 14h: \u00a0une <span style=\"color: #ff0000\">visio-conf\u00e9rence<\/span> <span style=\"color: #ff0000\"><a href=\"https:\/\/youtu.be\/YJMO3_z9Ah0\" target=\"_blank\" rel=\"noopener\">en replay<\/a>\u00a0<\/span>rajout\u00e9e au programme: <\/strong><br \/>\n&#8211;\u00a0Conf\u00e9rence sur <strong>les sciences physiques<\/strong>, \u00a0\u00ab\u00a0Du corps noir \u00e0 l\u2019ordinateur quantique\u00a0\u00bb,\u00a0\u00a0anim\u00e9\u00a0par Michel Millet<br \/>\nJusqu\u2019o\u00f9 les pistes ouvertes par la physique quantique peuvent-elles se concr\u00e9tiser ?<br \/>\nUne tentative de r\u00e9ponse qui n\u00e9cessite un voyage dans le monde de la Physique Quantique o\u00f9 nous allons croiser les \u00e9tranges objets onde-corpuscule, le chat de Schr\u00f6dinger, les duettistes Bohr et Einstein, les \u00e9tats superpos\u00e9s, les objets intriqu\u00e9s, les \u00e9tonnants qubits.<\/p>\n[youtube url=\u00a0\u00bbhttps:\/\/youtu.be\/YJMO3_z9Ah0&Prime; width=\u00a0\u00bb190&Prime; height=\u00a0\u00bb110&Prime; responsive=\u00a0\u00bbno\u00a0\u00bb autoplay=\u00a0\u00bbno\u00a0\u00bb mute=\u00a0\u00bbno\u00a0\u00bb]\n<p><strong>le vendredi 22 Janvier 14h\u00a0&#8211;<span style=\"color: #ff0000\">\u00a0<a href=\"https:\/\/youtu.be\/40KoXEm7K7E\" target=\"_blank\" rel=\"noopener\">en replay<\/a><\/span><\/strong><br \/>\n<span style=\"color: #000000\"><strong>&#8211; Les ann\u00e9es folles :\u00a0<\/strong><\/span>Danse au-dessus du pr\u00e9cipice (3\/3)<br \/>\n<span style=\"color: #000000\">conf\u00e9rence anim\u00e9e par Bernard\u00a0Ducret<\/span><\/p>\n[youtube url=\u00a0\u00bbhttps:\/\/youtu.be\/40KoXEm7K7E\u00a0\u00bb width=\u00a0\u00bb190&Prime; height=\u00a0\u00bb110&Prime; responsive=\u00a0\u00bbno\u00a0\u00bb autoplay=\u00a0\u00bbno\u00a0\u00bb mute=\u00a0\u00bbno\u00a0\u00bb]\n<p><strong>le vendredi 29 Janvier 14h\u00a0&#8211;<span style=\"color: #ff0000\">\u00a0<a href=\"https:\/\/youtu.be\/sLzrEa7wHNM\" target=\"_blank\" rel=\"noopener\">en replay<\/a><\/span><\/strong><br \/>\n<span style=\"color: #000000\"><strong>&#8211;\u00a0L\u2019\u00e9nergie et ses \u00e9volutions dues aux contraintes climatiques<br \/>\n<\/strong>anim\u00e9e par Pascal GUY<\/span><\/p>\n[youtube url= \u00ab\u00a0https:\/\/youtu.be\/sLzrEa7wHNM\u00a0\u00bb \u00a0width=\u00a0\u00bb190&Prime; height=\u00a0\u00bb110&Prime; responsive=\u00a0\u00bbno\u00a0\u00bb autoplay=\u00a0\u00bbno\u00a0\u00bb mute=\u00a0\u00bbno\u00a0\u00bb]\n<p>Apr\u00e8s avoir rappel\u00e9 les ordres de grandeur des enjeux \u00e9nerg\u00e9tiques et la relation d\u00e9sormais indissociable entre \u00e9nergie et climat, la pr\u00e9sentation exposera la contribution attendue des diff\u00e9rentes sources d\u2019\u00e9nergie. Elle fera un point synth\u00e9tique des d\u00e9velop-pements envisageables entre aujourd\u2019hui et 2050 et \u00e9voquera la trajectoire retenue par la France au travers de la Loi de Transition \u00c9nerg\u00e9tique pour la Croissance Verte et de la Programmation Pluriannuelle de l\u2019Energie.<\/p>\n[\/tab]\n[tab title=\u00a0\u00bbF\u00e9vrier \u00a0\u00bb disabled=\u00a0\u00bbno\u00a0\u00bb anchor=\u00a0\u00bb\u00a0\u00bb url=\u00a0\u00bb\u00a0\u00bb target=\u00a0\u00bbblank\u00a0\u00bb class=\u00a0\u00bb\u00a0\u00bb]\n<p><strong>le vendredi 5 f\u00e9vrier 14h<br \/>\n<\/strong>&#8211; <strong>La vie et l&rsquo;\u0153uvre de Bob Dylan <a href=\"https:\/\/us02web.zoom.us\/rec\/play\/6877fS9R3KPTzC8fwXSNjo3CexUJIuWDxzY51SUBHiImKEUUPHJwVbCHUM58vx9ZMB4bEAZrrfWPiRQ.sdHdWsLrXnon5EFM\" target=\"_blank\" rel=\"noopener\"><span style=\"color: #ff0000\">\u00a0en replay<\/span><\/a>\u00a0<\/strong><br \/>\nConf\u00e9rence anim\u00e9e par Jean-Jacques ASTRUC<\/p>\n<p>G\u00e9nie \u00e0 20 ans, po\u00e8te, proph\u00e8te, imposteur, hors-la-loi, et&#8230; Prix Nobel de litt\u00e9rature 2016, Bob Dylan de sa voix \u00e9raill\u00e9e de cow-boy du Middle West, et de ses guitares acoustiques, puis \u00e9lectriques, insuffle \u00e0 chacun un message visionnaire de changement, mais aussi un message d\u2019amour qui parle de nos vies, car Bob Dylan c\u2019est NOUS. Les yeux riv\u00e9s sur l\u2019horizon, \u00e0 plus de 70 ans, son \u0153uvre est toujours en construction. Entrez dans la l\u00e9gende!<\/p>\n<p><strong>le vendredi 19 f\u00e9vrier 14h<br \/>\n<\/strong>&#8211;<strong>\u00a0Conf\u00e9rence sur les sciences physiques: Un voyage dans l\u2019espace-temps <a href=\"http:\/\/youtu.be\/T-t8V6McD0o\" target=\"_blank\" rel=\"noopener\"><span style=\"color: #ff0000\">en replay<\/span>\u00a0<\/a><\/strong><br \/>\nAnim\u00e9e par Michel Millet<\/p>\n[youtube url=\u00a0\u00bbhttps:\/\/youtu.be\/T-t8V6McD0o\u00a0\u00bb \u00a0 width=\u00a0\u00bb190&Prime; height=\u00a0\u00bb110&Prime; responsive=\u00a0\u00bbno\u00a0\u00bb autoplay=\u00a0\u00bbno\u00a0\u00bb mute=\u00a0\u00bbno\u00a0\u00bb]\nNotre guide sera Albert Einstein. Equip\u00e9s des th\u00e9ories de la relativit\u00e9 restreinte et de la relativit\u00e9 g\u00e9n\u00e9rale, nous voyagerons dans l\u2019espace-temps \u00e0 4 dimensions, tissu de l\u2019univers. Ce voyage sera l\u2019occasion d\u2019aller \u00e0 la rencontre des trous noirs et de croiser les ondes gravitationnelles.<\/p>\n<p><strong>le vendredi 26 f\u00e9vrier 14h<br \/>\n<\/strong>&#8211;<strong> Invention et fortune du modele de l&rsquo;urbanisme baroque Turin <a href=\"http:\/\/youtu.be\/UP--6EHb3kk\" target=\"_blank\" rel=\"noopener\"><span style=\"color: #ff0000\">en Replay<\/span><\/a><\/strong><br \/>\nConf\u00e9rence anim\u00e9e par Gilles NOVARINA<\/p>\n[youtube url=\u00a0\u00bbhttp:\/\/youtu.be\/UP&#8211;6EHb3kk\u00a0\u00bb width=\u00a0\u00bb190&Prime; height=\u00a0\u00bb110&Prime; responsive=\u00a0\u00bbno\u00a0\u00bb autoplay=\u00a0\u00bbno\u00a0\u00bb mute=\u00a0\u00bbno\u00a0\u00bb]\n<p>Bien que l\u2019invention du mot urbanisme remonte au milieu du XIX\u00e8me si\u00e8cle, la p\u00e9riode de la Renaissance (XIV\u00e8me et XV\u00e8me si\u00e8cle) constitue le moment o\u00f9 \u00e9merge progressivement le m\u00e9tier d\u2019architecte et o\u00f9 se formalise une approche de la construction et de l\u2019urbanisme fond\u00e9e sur la recherche de la r\u00e9gularit\u00e9 g\u00e9om\u00e9trique. La constitution de l\u2019\u00c9tat absolutiste va de pair avec l\u2019\u00e9mergence de grandes capitales qui se distinguent des autres villes par une attention particuli\u00e8re port\u00e9e aux qualit\u00e9s du plan d\u2019urbanisme et \u00e0 la beaut\u00e9 des constructions.<\/p>\n[\/tab]\n[tab title=\u00a0\u00bbMars \u00a0\u00bb disabled=\u00a0\u00bbno\u00a0\u00bb anchor=\u00a0\u00bb\u00a0\u00bb url=\u00a0\u00bb\u00a0\u00bb target=\u00a0\u00bbblank\u00a0\u00bb class=\u00a0\u00bb\u00a0\u00bb]\n<p><strong>le vendredi 5 Mars 14h<br \/>\n<\/strong>&#8211; <strong>Sciences physiques:\u00a0\u00ab\u00a0La merveilleuse histoire du boson de Higgs\u00a0\u00bb<br \/>\n<\/strong><span style=\"color: #ff0000\">\u00a0<\/span><br \/>\nConf\u00e9rence anim\u00e9e par Bolek PIETRZYK<\/p>\n[youtube url=\u00a0\u00bbhttps:\/\/youtu.be\/ZGTE7gi6k_0&Prime; \u00a0width=\u00a0\u00bb190&Prime; height=\u00a0\u00bb110&Prime; responsive=\u00a0\u00bbno\u00a0\u00bb autoplay=\u00a0\u00bbno\u00a0\u00bb mute=\u00a0\u00bbno\u00a0\u00bb]\n<p><strong>le vendredi 12, 19 et 26 mars 14h<br \/>\n<\/strong>&#8211;<strong>\u00a0Conf\u00e9rence sur l&rsquo;histoire des faits divers dans la peinture<br \/>\n<span style=\"color: #ff0000\"><span style=\"color: #ff0000\">Conf\u00e9rences annul\u00e9es<\/span><\/span><\/strong><\/p>\n[\/tab]\n[tab title=\u00a0\u00bbAvril \u00a0\u00bb disabled=\u00a0\u00bbno\u00a0\u00bb anchor=\u00a0\u00bb\u00a0\u00bb url=\u00a0\u00bb\u00a0\u00bb target=\u00a0\u00bbblank\u00a0\u00bb class=\u00a0\u00bb\u00a0\u00bb]\n<p><strong>le vendredi 23 avril 14h <span style=\"color: #ff0000\">en replay<\/span><br \/>\n<\/strong>&#8211; <strong>Sciences physiques:\u00a0\u00ab\u00a0L\u2019\u00e9nigme de l\u2019asym\u00e9trie entre mati\u00e8re et anti-mati\u00e8re \u00a0\u00bb<br \/>\n<\/strong><span style=\"color: #ff0000\">\u00a0<\/span><br \/>\nConf\u00e9rence anim\u00e9e par Didier D\u00e9camp<\/p>\n[youtube url=\u00a0\u00bbhttps:\/\/youtu.be\/Vo3ZMCspVIg\u00a0\u00bb \u00a0width=\u00a0\u00bb190&Prime; height=\u00a0\u00bb110&Prime; responsive=\u00a0\u00bbno\u00a0\u00bb autoplay=\u00a0\u00bbno\u00a0\u00bb mute=\u00a0\u00bbno\u00a0\u00bb]\n[\/tab]\n[tab title=\u00a0\u00bbMai \u00a0\u00bb disabled=\u00a0\u00bbno\u00a0\u00bb anchor=\u00a0\u00bb\u00a0\u00bb url=\u00a0\u00bb\u00a0\u00bb target=\u00a0\u00bbblank\u00a0\u00bb class=\u00a0\u00bb\u00a0\u00bb]\n<p><strong>le jeudi 20 mai 14h<br \/>\n<\/strong>&#8211; Litt\u00e9rature-Sociologie<strong>: A propos du livre \u00ab La rh\u00e9torique de la haine \u00bb<br \/>\n<\/strong>par son auteure<strong> Dominique Serre-Floersheim .<\/strong><\/p>\n<p>&nbsp;<\/p>\n<p><strong>le vendredi \u00a028 mai 14h <span style=\"color: #ff0000\">en replay<\/span><br \/>\n<\/strong>&#8211; Sociologie\u00a0<strong>: \u00abL&rsquo;art de l&rsquo;affiche de 1860 aux ann\u00e9es 1930 \u00bb<br \/>\n<\/strong>Conf\u00e9rence anim\u00e9e par <strong>Benjamin BARDINET<\/strong><\/p>\n[youtube url=\u00a0\u00bbhttps:\/\/youtu.be\/0Qxyef3SPWc\u00a0\u00bb \u00a0width=\u00a0\u00bb190&Prime; height=\u00a0\u00bb110&Prime; responsive=\u00a0\u00bbno\u00a0\u00bb autoplay=\u00a0\u00bbno\u00a0\u00bb mute=\u00a0\u00bbno\u00a0\u00bb]\n[\/tab]\n[\/tabs]\n","protected":false},"excerpt":{"rendered":"<p>[tabs style=\u00a0\u00bbdefault\u00a0\u00bb active=\u00a0\u00bb8&Prime; vertical=\u00a0\u00bbno\u00a0\u00bb mobile=\u00a0\u00bbdesktop\u00a0\u00bb] [tab title=\u00a0\u00bbOctobre\u00a0\u00bb disabled=\u00a0\u00bbno\u00a0\u00bb anchor=\u00a0\u00bb\u00a0\u00bb url=\u00a0\u00bb\u00a0\u00bb target=\u00a0\u00bbblank\u00a0\u00bb class=\u00a0\u00bb\u00a0\u00bb] \u00a0le jeudi 8 octobre &#8211; sur site &#8211; Sur les pas de Jean-Jacques Rousseau\u00a0Conf\u00e9rence Visite anim\u00e9e par M. LANTERNIER \u00ab \u00c0 Annecy, j\u2019\u00e9tais dans l\u2019ivresse! \u00a0\u00bb \u00ab Je &hellip; <a href=\"https:\/\/www.kananas.com\/utlannecy\/les-conferences\/\">Continuer la lecture <span class=\"meta-nav\">&rarr;<\/span><\/a><\/p>\n","protected":false},"author":314,"featured_media":0,"parent":0,"menu_order":0,"comment_status":"closed","ping_status":"closed","template":"","meta":{"_crdt_document":"","footnotes":""},"class_list":["post-3021","page","type-page","status-publish","hentry"],"_links":{"self":[{"href":"https:\/\/www.kananas.com\/utlannecy\/wp-json\/wp\/v2\/pages\/3021","targetHints":{"allow":["GET"]}}],"collection":[{"href":"https:\/\/www.kananas.com\/utlannecy\/wp-json\/wp\/v2\/pages"}],"about":[{"href":"https:\/\/www.kananas.com\/utlannecy\/wp-json\/wp\/v2\/types\/page"}],"author":[{"embeddable":true,"href":"https:\/\/www.kananas.com\/utlannecy\/wp-json\/wp\/v2\/users\/314"}],"replies":[{"embeddable":true,"href":"https:\/\/www.kananas.com\/utlannecy\/wp-json\/wp\/v2\/comments?post=3021"}],"version-history":[{"count":105,"href":"https:\/\/www.kananas.com\/utlannecy\/wp-json\/wp\/v2\/pages\/3021\/revisions"}],"predecessor-version":[{"id":3612,"href":"https:\/\/www.kananas.com\/utlannecy\/wp-json\/wp\/v2\/pages\/3021\/revisions\/3612"}],"wp:attachment":[{"href":"https:\/\/www.kananas.com\/utlannecy\/wp-json\/wp\/v2\/media?parent=3021"}],"curies":[{"name":"wp","href":"https:\/\/api.w.org\/{rel}","templated":true}]}}