{"id":4,"date":"2017-03-25T16:49:06","date_gmt":"2017-03-25T15:49:06","guid":{"rendered":"http:\/\/www.kananas.com\/monassociation966\/espace-perso\/"},"modified":"2019-07-30T08:42:09","modified_gmt":"2019-07-30T06:42:09","slug":"espace-perso","status":"publish","type":"page","link":"https:\/\/www.kananas.com\/utlannecy\/espace-perso\/","title":{"rendered":"Infos. Pratiques"},"content":{"rendered":"<p><strong>La Cotisation<\/strong> :<br \/>\n<strong>24\u20ac<\/strong> (personne seule) &#8211; <strong>39\u20ac<\/strong> (pour un couple) valable du 1er octobre \u00e0 fin juin<br \/>\nVous recevrez en \u00e9change une carte de membre annuelle personnalis\u00e9e donnant droit aux conf\u00e9rences et aux films d\u00e9bats CAP MONDE.<\/p>\n<table style=\"height: 364px\">\n<tbody>\n<tr style=\"height: 28px\">\n<td style=\"background-color: #88aff7;height: 28px;width: 207.40625px\"><span style=\"color: #000000\"><strong><span style=\"font-size: 14pt\">Activit\u00e9s gratuites<\/span><\/strong><\/span><\/td>\n<td style=\"height: 28px;width: 2.859375px\"><\/td>\n<td style=\"background-color: #f7c1f6;height: 28px;width: 283.75px\"><span style=\"color: #000000;font-size: 14pt\"><strong>Activit\u00e9s avec participation<\/strong><\/span><\/td>\n<\/tr>\n<tr style=\"height: 24px\">\n<td style=\"background-color: #adf78f;height: 24px;width: 207.40625px\">Film DOCUMENT TERRE<\/td>\n<td style=\"height: 24px;width: 2.859375px\"><\/td>\n<td style=\"background-color: #bae9f7;height: 24px;width: 283.75px\">Conf\u00e9rences d&rsquo;Histoire de l&rsquo;Art<\/td>\n<\/tr>\n<tr style=\"height: 24px\">\n<td style=\"background-color: #f4f788;height: 24px;width: 207.40625px\"><strong>&#8211; Conf\u00e9rences &#8211;<\/strong><\/td>\n<td style=\"height: 24px;width: 2.859375px\"><\/td>\n<td style=\"background-color: #f7c1f6;height: 24px;width: 283.75px\">Atelier d&rsquo;Ecriture cr\u00e9ative<\/td>\n<\/tr>\n<tr style=\"height: 24px\">\n<td style=\"height: 24px;width: 207.40625px;background-color: #f7f372\">Histoire<\/td>\n<td style=\"height: 24px;width: 2.859375px\"><\/td>\n<td style=\"background-color: #bae9f7;height: 24px;width: 283.75px\">Atelier Peinture<\/td>\n<\/tr>\n<tr style=\"height: 24px\">\n<td style=\"height: 24px;width: 207.40625px;background-color: #f7f372\">Initiation \u00e0 la Psychanalyse<\/td>\n<td style=\"height: 24px;width: 2.859375px\"><\/td>\n<td style=\"background-color: #f7c1f6;height: 24px;width: 283.75px\">Ateliers d&rsquo;Initiation Informatique<\/td>\n<\/tr>\n<tr style=\"height: 24px\">\n<td style=\"height: 24px;width: 207.40625px;background-color: #f7f372\">Actualit\u00e9 de l&rsquo;Economie<\/td>\n<td style=\"height: 24px;width: 2.859375px\"><\/td>\n<td style=\"background-color: #bae9f7;height: 24px;width: 283.75px\">Sorties culturelles mensuelles<\/td>\n<\/tr>\n<tr style=\"height: 24px\">\n<td style=\"height: 24px;width: 207.40625px;background-color: #f7f372\">Initiation Juridique<\/td>\n<td style=\"height: 24px;width: 2.859375px\"><\/td>\n<td style=\"background-color: #f7c1f6;height: 24px;width: 283.75px\">Spectacle Bonlieu Sc\u00e8ne nationale<\/td>\n<\/tr>\n<tr style=\"height: 24px\">\n<td style=\"height: 24px;width: 207.40625px;background-color: #f7f372\">Egyptologie<\/td>\n<td style=\"height: 24px;width: 2.859375px\"><\/td>\n<td style=\"height: 24px;width: 283.75px\"><\/td>\n<\/tr>\n<tr style=\"height: 24px\">\n<td style=\"height: 24px;width: 207.40625px;background-color: #c0f576\"><strong>&#8211; Ateliers &#8211;\u00a0<\/strong><\/td>\n<td style=\"height: 24px;width: 2.859375px\"><\/td>\n<td style=\"height: 24px;width: 283.75px\"><\/td>\n<\/tr>\n<tr style=\"height: 24px\">\n<td style=\"height: 24px;width: 207.40625px;background-color: #c0f576\">Culture Grecque<\/td>\n<td style=\"height: 24px;width: 2.859375px\"><\/td>\n<td style=\"height: 24px;width: 283.75px\"><\/td>\n<\/tr>\n<tr style=\"height: 24px\">\n<td style=\"height: 24px;width: 207.40625px;background-color: #c0f576\">Culture Latine<\/td>\n<td style=\"height: 24px;width: 2.859375px\"><\/td>\n<td style=\"height: 24px;width: 283.75px\"><\/td>\n<\/tr>\n<tr style=\"height: 24px\">\n<td style=\"height: 24px;width: 207.40625px;background-color: #c0f576\">Cercle de Lecture<\/td>\n<td style=\"height: 24px;width: 2.859375px\"><\/td>\n<td style=\"height: 24px;width: 283.75px\"><\/td>\n<\/tr>\n<tr style=\"height: 24px\">\n<td style=\"height: 24px;width: 207.40625px;background-color: #c0f576\">Sortie d\u00e9couverte en ville<\/td>\n<td style=\"height: 24px;width: 2.859375px\"><\/td>\n<td style=\"height: 24px;width: 283.75px\"><\/td>\n<\/tr>\n<tr style=\"height: 24px\">\n<td style=\"height: 24px;width: 207.40625px;background-color: #c0f576\">Les Amis de la Po\u00e9sie<\/td>\n<td style=\"height: 24px;width: 2.859375px\"><\/td>\n<td style=\"height: 24px;width: 283.75px\"><\/td>\n<\/tr>\n<tr style=\"height: 24px\">\n<td style=\"height: 24px;width: 207.40625px;background-color: #c0f576\">Cercle des Cin\u00e9philes<\/td>\n<td style=\"height: 24px;width: 2.859375px\"><\/td>\n<td style=\"height: 24px;width: 283.75px\"><\/td>\n<\/tr>\n<\/tbody>\n<\/table>\n<p><strong>Certaines activit\u00e9s donnent lieu \u00e0 participation financi\u00e8re<\/strong> :<br \/>\ncours de langue, cours d&rsquo;histoire de l&rsquo;art, ateliers d\u2019\u00e9criture et de cr\u00e9ativit\u00e9, ateliers de peinture, arts plastiques, sorties mensuelles<\/p>\n<p><strong>D&rsquo;autres activit\u00e9s sont gratuites<\/strong>:<br \/>\npr\u00e9cis\u00e9es sur le programme mensuel.<\/p>\n<p><strong>Le programme mensuel<\/strong>\u00a0est diffus\u00e9 \u00e0 chaque adh\u00e9rent . Parallelement il est mis en ligne sur le site.<\/p>\n<p><strong>Pour tout renseignement compl\u00e9mentaire, nous sommes \u00e0 votre disposition <a href=\"http:\/\/www.kananas.com\/monassociation966\/comment-nous-contacter\/\">aux heures de permanence<\/a> ou par <a href=\"mailto:contact@utlannecy.com\">mail<\/a>.<\/strong><\/p>\n","protected":false},"excerpt":{"rendered":"<p>La Cotisation : 24\u20ac (personne seule) &#8211; 39\u20ac (pour un couple) valable du 1er octobre \u00e0 fin juin Vous recevrez en \u00e9change une carte de membre annuelle personnalis\u00e9e donnant droit aux conf\u00e9rences et aux films d\u00e9bats CAP MONDE. Activit\u00e9s gratuites &hellip; <a href=\"https:\/\/www.kananas.com\/utlannecy\/espace-perso\/\">Continuer la lecture <span class=\"meta-nav\">&rarr;<\/span><\/a><\/p>\n","protected":false},"author":314,"featured_media":0,"parent":0,"menu_order":6,"comment_status":"closed","ping_status":"closed","template":"","meta":{"_crdt_document":"","footnotes":""},"class_list":["post-4","page","type-page","status-publish","hentry"],"_links":{"self":[{"href":"https:\/\/www.kananas.com\/utlannecy\/wp-json\/wp\/v2\/pages\/4","targetHints":{"allow":["GET"]}}],"collection":[{"href":"https:\/\/www.kananas.com\/utlannecy\/wp-json\/wp\/v2\/pages"}],"about":[{"href":"https:\/\/www.kananas.com\/utlannecy\/wp-json\/wp\/v2\/types\/page"}],"author":[{"embeddable":true,"href":"https:\/\/www.kananas.com\/utlannecy\/wp-json\/wp\/v2\/users\/314"}],"replies":[{"embeddable":true,"href":"https:\/\/www.kananas.com\/utlannecy\/wp-json\/wp\/v2\/comments?post=4"}],"version-history":[{"count":14,"href":"https:\/\/www.kananas.com\/utlannecy\/wp-json\/wp\/v2\/pages\/4\/revisions"}],"predecessor-version":[{"id":1741,"href":"https:\/\/www.kananas.com\/utlannecy\/wp-json\/wp\/v2\/pages\/4\/revisions\/1741"}],"wp:attachment":[{"href":"https:\/\/www.kananas.com\/utlannecy\/wp-json\/wp\/v2\/media?parent=4"}],"curies":[{"name":"wp","href":"https:\/\/api.w.org\/{rel}","templated":true}]}}