{"id":68,"date":"2017-07-05T08:59:53","date_gmt":"2017-07-05T06:59:53","guid":{"rendered":"http:\/\/www.kananas.com\/monassociation966\/?page_id=68"},"modified":"2021-01-30T08:16:00","modified_gmt":"2021-01-30T07:16:00","slug":"comment-nous-contacter","status":"publish","type":"page","link":"https:\/\/www.kananas.com\/utlannecy\/espace-perso\/comment-nous-contacter\/","title":{"rendered":"Comment nous contacter?"},"content":{"rendered":"<p><span style=\"font-size: 18pt\"><strong>en cette p\u00e9riode de couvre-feu: Accueil \u00e0 distance pendant les heures et dates de permanence<\/strong><\/span><\/p>\n<p><span style=\"font-size: 18pt\"><strong><img loading=\"lazy\" decoding=\"async\" class=\"aligncenter\" src=\"http:\/\/www.kananas.com\/utlannecy\/wp-content\/uploads\/sites\/305\/2020\/06\/entr\u00e9e-utl.png\" alt=\"Entr\u00e9e UTL\" width=\"407\" height=\"283\" \/><\/strong><\/span><\/p>\n<p><strong>les mardis de 14h \u00e0 17h,<br \/>\nles mercredis et jeudis \u00a0de 9h \u00e0 12h,<br \/>\n<\/strong><strong>fermeture en ao\u00fbt et pendant les f\u00eates de fin d&rsquo;ann\u00e9e<\/strong><\/p>\n<ul>\n<li><strong>par T\u00e9l\u00e9phone<\/strong> : <strong><span style=\"color: #3366ff\">04 50 52 91 29<\/span>\u202c<\/strong><\/li>\n<li><strong>en pr\u00e9sentiel<\/strong> au <a href=\"http:\/\/www.kananas.com\/monassociation966\/ou-sommes-nous\/\">3 place du Ch\u00e2teau<\/a>, Annecy<\/li>\n<li><strong>par Courriel<\/strong> : \u00e0 contact@utlannecy.com<\/li>\n<\/ul>\n<p>&nbsp;<\/p>\n","protected":false},"excerpt":{"rendered":"<p>en cette p\u00e9riode de couvre-feu: Accueil \u00e0 distance pendant les heures et dates de permanence les mardis de 14h \u00e0 17h, les mercredis et jeudis \u00a0de 9h \u00e0 12h, fermeture en ao\u00fbt et pendant les f\u00eates de fin d&rsquo;ann\u00e9e par &hellip; <a href=\"https:\/\/www.kananas.com\/utlannecy\/espace-perso\/comment-nous-contacter\/\">Continuer la lecture <span class=\"meta-nav\">&rarr;<\/span><\/a><\/p>\n","protected":false},"author":314,"featured_media":0,"parent":4,"menu_order":0,"comment_status":"closed","ping_status":"closed","template":"","meta":{"_crdt_document":"","footnotes":""},"class_list":["post-68","page","type-page","status-publish","hentry"],"_links":{"self":[{"href":"https:\/\/www.kananas.com\/utlannecy\/wp-json\/wp\/v2\/pages\/68","targetHints":{"allow":["GET"]}}],"collection":[{"href":"https:\/\/www.kananas.com\/utlannecy\/wp-json\/wp\/v2\/pages"}],"about":[{"href":"https:\/\/www.kananas.com\/utlannecy\/wp-json\/wp\/v2\/types\/page"}],"author":[{"embeddable":true,"href":"https:\/\/www.kananas.com\/utlannecy\/wp-json\/wp\/v2\/users\/314"}],"replies":[{"embeddable":true,"href":"https:\/\/www.kananas.com\/utlannecy\/wp-json\/wp\/v2\/comments?post=68"}],"version-history":[{"count":25,"href":"https:\/\/www.kananas.com\/utlannecy\/wp-json\/wp\/v2\/pages\/68\/revisions"}],"predecessor-version":[{"id":3482,"href":"https:\/\/www.kananas.com\/utlannecy\/wp-json\/wp\/v2\/pages\/68\/revisions\/3482"}],"up":[{"embeddable":true,"href":"https:\/\/www.kananas.com\/utlannecy\/wp-json\/wp\/v2\/pages\/4"}],"wp:attachment":[{"href":"https:\/\/www.kananas.com\/utlannecy\/wp-json\/wp\/v2\/media?parent=68"}],"curies":[{"name":"wp","href":"https:\/\/api.w.org\/{rel}","templated":true}]}}