{"id":1061,"date":"2013-01-01T16:10:20","date_gmt":"2013-01-01T16:10:20","guid":{"rendered":"http:\/\/www.gestasso.com\/association\/vudenhaut-france\/"},"modified":"2021-04-28T11:58:09","modified_gmt":"2021-04-28T09:58:09","slug":"la-securite","status":"publish","type":"page","link":"https:\/\/www.kananas.com\/vudenhaut-france\/la-securite\/","title":{"rendered":"La s\u00e9curit\u00e9 VUDENHAUT (S.G.S.)"},"content":{"rendered":"<p style=\"text-align: center\"><span style=\"color: #ff0000\"><span style=\"color: #000000\">Dans le cadre de la politique de s\u00e9curit\u00e9 et de pr\u00e9vention des risques dans notre \u00c9cole de pilotage VUDENHAUT-France Aviation, <\/span><\/span><span style=\"color: #ff0000\"><span style=\"color: #000000\">le Responsable S\u00e9curit\u00e9 nous invite \u00e0 explorer et utiliser r\u00e9guli\u00e8rement le lien suivant :<\/span><strong><br \/>\n<\/strong><\/span><\/p>\n<p>&nbsp;<\/p>\n<p style=\"text-align: center\"><a href=\"https:\/\/sites.google.com\/view\/sgs-vdh\/accueil\" target=\"_blank\" rel=\"noopener\"><span style=\"font-size: 14pt\"><strong>Le syst\u00e8me de gestion de la s\u00e9curit\u00e9 (SGS)<\/strong><\/span><\/a><\/p>\n<p style=\"text-align: center\"><a href=\"https:\/\/sites.google.com\/view\/sgs-vdh\/accueil\" target=\"_blank\" rel=\"noopener\"><span style=\"font-size: 14pt\"><strong>mis en place au niveau de VUDENHAUT<\/strong><\/span><\/a><\/p>\n<p>&nbsp;<\/p>\n<p style=\"text-align: center\"><strong><span style=\"text-decoration: underline;color: #ff0000;font-size: 10pt\">La page s\u00e9curit\u00e9 associ\u00e9e \u00e0 votre inscription reste l&rsquo;outil obligatoire d&rsquo;application !<\/span><\/strong><\/p>\n<p style=\"text-align: center\">Celle-ci est mise \u00e0 jour au moins une fois par ann\u00e9e civile et sur information via \u00ab\u00a0whatsapp\u00a0\u00bb, il vous appartient de consulter et de t\u00e9l\u00e9charger la derni\u00e8re et de ne pas h\u00e9siter \u00e0 contacter le Responsable S\u00e9curit\u00e9 afin de lui proposer d\u2019\u00e9ventuels changements.<\/p>\n<p style=\"text-align: center\">Bons vols \u00e0 tous !<\/p>\n<p style=\"text-align: center\"><span style=\"color: #ff0000\"><strong>\u00a0<\/strong><\/span><\/p>\n<p><img loading=\"lazy\" decoding=\"async\" class=\"wp-image-2435 aligncenter\" src=\"http:\/\/www.kananas.com\/vudenhaut-france\/wp-content\/uploads\/sites\/1068\/2020\/12\/BouchonC150du051220-scaled.jpg\" alt=\"\" width=\"316\" height=\"237\" srcset=\"https:\/\/www.kananas.com\/vudenhaut-france\/wp-content\/uploads\/sites\/1068\/2020\/12\/BouchonC150du051220-scaled.jpg 2560w, https:\/\/www.kananas.com\/vudenhaut-france\/wp-content\/uploads\/sites\/1068\/2020\/12\/BouchonC150du051220-300x225.jpg 300w, https:\/\/www.kananas.com\/vudenhaut-france\/wp-content\/uploads\/sites\/1068\/2020\/12\/BouchonC150du051220-1024x768.jpg 1024w, https:\/\/www.kananas.com\/vudenhaut-france\/wp-content\/uploads\/sites\/1068\/2020\/12\/BouchonC150du051220-768x576.jpg 768w, https:\/\/www.kananas.com\/vudenhaut-france\/wp-content\/uploads\/sites\/1068\/2020\/12\/BouchonC150du051220-1536x1152.jpg 1536w, https:\/\/www.kananas.com\/vudenhaut-france\/wp-content\/uploads\/sites\/1068\/2020\/12\/BouchonC150du051220-2048x1536.jpg 2048w\" sizes=\"auto, (max-width: 316px) 100vw, 316px\" \/><\/p>\n<p>&nbsp;<\/p>\n<div><span style=\"color: blue\">\u00a0<\/span><\/div>\n<div><\/div>\n<div><\/div>\n<div><\/div>\n","protected":false},"excerpt":{"rendered":"<p>Dans le cadre de la politique de s\u00e9curit\u00e9 et de pr\u00e9vention des risques dans notre \u00c9cole de pilotage VUDENHAUT-France Aviation, le Responsable S\u00e9curit\u00e9 nous invite \u00e0 explorer et utiliser r\u00e9guli\u00e8rement le lien suivant : &nbsp; Le syst\u00e8me de gestion de &hellip; <a href=\"https:\/\/www.kananas.com\/vudenhaut-france\/la-securite\/\">Continuer la lecture <span class=\"meta-nav\">&rarr;<\/span><\/a><\/p>\n","protected":false},"author":1102,"featured_media":0,"parent":0,"menu_order":8,"comment_status":"closed","ping_status":"closed","template":"","meta":{"_crdt_document":"","footnotes":""},"class_list":["post-1061","page","type-page","status-publish","hentry"],"_links":{"self":[{"href":"https:\/\/www.kananas.com\/vudenhaut-france\/wp-json\/wp\/v2\/pages\/1061","targetHints":{"allow":["GET"]}}],"collection":[{"href":"https:\/\/www.kananas.com\/vudenhaut-france\/wp-json\/wp\/v2\/pages"}],"about":[{"href":"https:\/\/www.kananas.com\/vudenhaut-france\/wp-json\/wp\/v2\/types\/page"}],"author":[{"embeddable":true,"href":"https:\/\/www.kananas.com\/vudenhaut-france\/wp-json\/wp\/v2\/users\/1102"}],"replies":[{"embeddable":true,"href":"https:\/\/www.kananas.com\/vudenhaut-france\/wp-json\/wp\/v2\/comments?post=1061"}],"version-history":[{"count":21,"href":"https:\/\/www.kananas.com\/vudenhaut-france\/wp-json\/wp\/v2\/pages\/1061\/revisions"}],"predecessor-version":[{"id":2481,"href":"https:\/\/www.kananas.com\/vudenhaut-france\/wp-json\/wp\/v2\/pages\/1061\/revisions\/2481"}],"wp:attachment":[{"href":"https:\/\/www.kananas.com\/vudenhaut-france\/wp-json\/wp\/v2\/media?parent=1061"}],"curies":[{"name":"wp","href":"https:\/\/api.w.org\/{rel}","templated":true}]}}