{"id":114,"date":"2011-09-13T20:23:31","date_gmt":"2011-09-13T20:23:31","guid":{"rendered":"http:\/\/www.gestasso.com\/association\/vudenhaut-france\/"},"modified":"2025-10-05T09:17:32","modified_gmt":"2025-10-05T07:17:32","slug":"vdn","status":"publish","type":"page","link":"https:\/\/www.kananas.com\/vudenhaut-france\/formations\/pratique\/vdn\/","title":{"rendered":"Vol de nuit"},"content":{"rendered":"<p style=\"text-align: justify\">Pour les PPL candidats au vol de nuit, ils devront poss\u00e9der en plus de leur licence \u00e0 jour un minimum de cinq heures de vol de nuit dont au moins trois heures avec un Instructeur dont au moins une heure en campagne et au moins deux heures comme Commandant de bord.<\/p>\n<ul>\n<li><strong><span style=\"color: #000080\">Emport de passagers<\/span><\/strong><\/li>\n<\/ul>\n<p style=\"text-align: justify\">Pour pr\u00e9tendre \u00e0 emmener des passagers en vol de nuit vous devez avoir effectu\u00e9 au moins 1 d\u00e9collage et au moins 1 atterrissage de nuit dans les 3 derniers mois (Ou sur simulateur agr\u00e9\u00e9).<\/p>\n<ul>\n<li><strong><span style=\"color: #000080\">Renouvellement<\/span><\/strong><\/li>\n<\/ul>\n<p style=\"text-align: justify\">Automatiquement avec la Licence auquel elle est rattach\u00e9e.<\/p>\n<p style=\"text-align: justify\"><span style=\"color: #ff0000\">Attention\u00a0:<\/span><\/p>\n<p style=\"text-align: justify\"><span style=\"color: #ff0000\">Si la r\u00e9glementation permet \u00e0 des Pilotes chevronn\u00e9s de pouvoir obtenir rapidement une \u00e9quivalence au VFR de Nuit, il faut noter que les jeunes brevet\u00e9s obtiennent une \u00ab\u00a0Autorisation au vol de nuit\u00a0\u00bb compl\u00e8te avec environ 15 heures de vol (Double et solo compris) La solution interm\u00e9diaire consistant \u00e0 effectuer un entra\u00eenement au local de nuit, dans un premier temps.<\/span><\/p>\n<p style=\"text-align: center\"><span style=\"color: #0000ff\"><strong><span style=\"color: #0000ff\"><span style=\"text-decoration: underline\">D&rsquo;autres moyens de faire du vol de nuit<\/span><br \/>\n<\/span><\/strong><\/span><\/p>\n<p style=\"text-align: center\"><span style=\"color: #0000ff\"><strong><span style=\"color: #0000ff\">Le simulateur de C172 sur l\u2019A\u00e9rodrome !<\/span><\/strong><\/span><\/p>\n<p style=\"text-align: center\"><a title=\"Simulateur\" href=\"http:\/\/vudenhaut.france.free.fr\/Simulation.htm\" target=\"_blank\" rel=\"noopener\"><em>Pas de taxe, pas de risque, moins on\u00e9reux et possible \u00e0 toutes heures.<\/em><\/a><\/p>\n","protected":false},"excerpt":{"rendered":"<p>Pour les PPL candidats au vol de nuit, ils devront poss\u00e9der en plus de leur licence \u00e0 jour un minimum de cinq heures de vol de nuit dont au moins trois heures avec un Instructeur dont au moins une heure &hellip; <a href=\"https:\/\/www.kananas.com\/vudenhaut-france\/formations\/pratique\/vdn\/\">Continuer la lecture <span class=\"meta-nav\">&rarr;<\/span><\/a><\/p>\n","protected":false},"author":1102,"featured_media":0,"parent":559,"menu_order":4,"comment_status":"closed","ping_status":"closed","template":"","meta":{"_crdt_document":"","footnotes":""},"class_list":["post-114","page","type-page","status-publish","hentry"],"_links":{"self":[{"href":"https:\/\/www.kananas.com\/vudenhaut-france\/wp-json\/wp\/v2\/pages\/114","targetHints":{"allow":["GET"]}}],"collection":[{"href":"https:\/\/www.kananas.com\/vudenhaut-france\/wp-json\/wp\/v2\/pages"}],"about":[{"href":"https:\/\/www.kananas.com\/vudenhaut-france\/wp-json\/wp\/v2\/types\/page"}],"author":[{"embeddable":true,"href":"https:\/\/www.kananas.com\/vudenhaut-france\/wp-json\/wp\/v2\/users\/1102"}],"replies":[{"embeddable":true,"href":"https:\/\/www.kananas.com\/vudenhaut-france\/wp-json\/wp\/v2\/comments?post=114"}],"version-history":[{"count":2,"href":"https:\/\/www.kananas.com\/vudenhaut-france\/wp-json\/wp\/v2\/pages\/114\/revisions"}],"predecessor-version":[{"id":2752,"href":"https:\/\/www.kananas.com\/vudenhaut-france\/wp-json\/wp\/v2\/pages\/114\/revisions\/2752"}],"up":[{"embeddable":true,"href":"https:\/\/www.kananas.com\/vudenhaut-france\/wp-json\/wp\/v2\/pages\/559"}],"wp:attachment":[{"href":"https:\/\/www.kananas.com\/vudenhaut-france\/wp-json\/wp\/v2\/media?parent=114"}],"curies":[{"name":"wp","href":"https:\/\/api.w.org\/{rel}","templated":true}]}}