{"id":122,"date":"2011-09-13T20:40:50","date_gmt":"2011-09-13T20:40:50","guid":{"rendered":"http:\/\/www.gestasso.com\/association\/vudenhaut-france\/"},"modified":"2019-08-09T19:38:03","modified_gmt":"2019-08-09T17:38:03","slug":"scp","status":"publish","type":"page","link":"https:\/\/www.kananas.com\/vudenhaut-france\/formations\/pratique\/scp\/","title":{"rendered":"Stage conjoint"},"content":{"rendered":"<h3 style=\"text-align: justify\"><strong>Les \u00ab\u00a0Stages de Conjoint du Pilote\u00a0\u00bb<\/strong><\/h3>\n<p><strong>Votre Conjoint est pilote et vous d\u00e9sirez\u00a0<strong>en savoir plus<\/strong> ?<\/strong><\/p>\n<p style=\"text-align: justify\">En quelques heures de vol sur l&rsquo;avion qu&rsquo;utilise habituellement votre Conjoint ou votre Amis, apprenez sans contrainte en vous faisant plaisir, \u00e0 ramener l&rsquo;appareil et \u00e0 le poser en toute s\u00e9curit\u00e9 dans le cas d&rsquo;une indisponibilit\u00e9 de votre \u00a0pilote.<\/p>\n<p style=\"text-align: justify\">La formation se d\u00e9roule sur un 3 places, ce qui permet \u00e0 \u00ab\u00a0votre Pilote\u00a0\u00bb de vous accompagner \u00ab\u00a0en place arri\u00e8re\u00a0\u00bb et ainsi suivre l&rsquo;\u00e9volution de vos nouvelles connaissances (Dans le cas de vols de r\u00e9visions uniquement).<\/p>\n<p style=\"text-align: justify\">Environ 10 \u00e0 15 heures en double-commande seront n\u00e9cessaires.<\/p>\n<address><a href=\"http:\/\/www.kananas.com\/vudenhaut-france\/formations\/pratique\/bb\/\" target=\"_blank\" rel=\"noopener noreferrer\"><em><strong><span style=\"color: #339966\">Il n&rsquo;y a qu&rsquo;un petit pas \u00e0 franchir vers le Brevet de Base&#8230;<\/span><\/strong><\/em><\/a><\/address>\n","protected":false},"excerpt":{"rendered":"<p>Les \u00ab\u00a0Stages de Conjoint du Pilote\u00a0\u00bb Votre Conjoint est pilote et vous d\u00e9sirez\u00a0en savoir plus ? En quelques heures de vol sur l&rsquo;avion qu&rsquo;utilise habituellement votre Conjoint ou votre Amis, apprenez sans contrainte en vous faisant plaisir, \u00e0 ramener l&rsquo;appareil &hellip; <a href=\"https:\/\/www.kananas.com\/vudenhaut-france\/formations\/pratique\/scp\/\">Continuer la lecture <span class=\"meta-nav\">&rarr;<\/span><\/a><\/p>\n","protected":false},"author":1102,"featured_media":0,"parent":559,"menu_order":8,"comment_status":"open","ping_status":"open","template":"","meta":{"_crdt_document":"","footnotes":""},"class_list":["post-122","page","type-page","status-publish","hentry"],"_links":{"self":[{"href":"https:\/\/www.kananas.com\/vudenhaut-france\/wp-json\/wp\/v2\/pages\/122","targetHints":{"allow":["GET"]}}],"collection":[{"href":"https:\/\/www.kananas.com\/vudenhaut-france\/wp-json\/wp\/v2\/pages"}],"about":[{"href":"https:\/\/www.kananas.com\/vudenhaut-france\/wp-json\/wp\/v2\/types\/page"}],"author":[{"embeddable":true,"href":"https:\/\/www.kananas.com\/vudenhaut-france\/wp-json\/wp\/v2\/users\/1102"}],"replies":[{"embeddable":true,"href":"https:\/\/www.kananas.com\/vudenhaut-france\/wp-json\/wp\/v2\/comments?post=122"}],"version-history":[{"count":1,"href":"https:\/\/www.kananas.com\/vudenhaut-france\/wp-json\/wp\/v2\/pages\/122\/revisions"}],"predecessor-version":[{"id":2257,"href":"https:\/\/www.kananas.com\/vudenhaut-france\/wp-json\/wp\/v2\/pages\/122\/revisions\/2257"}],"up":[{"embeddable":true,"href":"https:\/\/www.kananas.com\/vudenhaut-france\/wp-json\/wp\/v2\/pages\/559"}],"wp:attachment":[{"href":"https:\/\/www.kananas.com\/vudenhaut-france\/wp-json\/wp\/v2\/media?parent=122"}],"curies":[{"name":"wp","href":"https:\/\/api.w.org\/{rel}","templated":true}]}}