{"id":126,"date":"2011-09-13T20:56:35","date_gmt":"2011-09-13T20:56:35","guid":{"rendered":"http:\/\/www.gestasso.com\/association\/vudenhaut-france\/"},"modified":"2011-09-13T20:56:35","modified_gmt":"2011-09-13T20:56:35","slug":"vsv","status":"publish","type":"page","link":"https:\/\/www.kananas.com\/vudenhaut-france\/formations\/pratique\/vsv\/","title":{"rendered":"Stages VSV"},"content":{"rendered":"<div><\/div>\n<div style=\"text-align: center\"><span style=\"font-size: small\"><span style=\"line-height: 24px\"><strong><em>Stage du lundi au vendredi\u00a0 OU samedi et dimanche<\/em><\/strong><\/span><\/span><\/div>\n<div style=\"text-align: center\"><span style=\"font-size: small\"><span style=\"line-height: 24px\"><strong><em>pour 3 stagiaires.<br \/>\n<\/em><\/strong><\/span><\/span><\/div>\n<div><span style=\"font-size: small\"><span style=\"line-height: 24px\"><strong><br \/>\n<\/strong><\/span><\/span><\/div>\n<ul>\n<li><strong><span style=\"color: #000080\">Objectifs<\/span><\/strong><\/li>\n<\/ul>\n<p style=\"text-align: center\">Acqu\u00e9rir la compr\u00e9hension des ph\u00e9nom\u00e8nes du VSV<\/p>\n<p style=\"text-align: center\">(Illusions \/ Facteur humain&#8230;)<\/p>\n<p style=\"text-align: center\">Ex\u00e9cution d&rsquo;un virage de 180\u00b0 sous casquette de VSV.<\/p>\n<p style=\"text-align: center\">Cours de Jar-Fcl \u00e0 la demande pour El\u00e8ves ou\/et Conversion PPL.<\/p>\n<p style=\"text-align: center\"><strong>1) Entretien avec les Stagiaires (Motivations \/ Comp\u00e9tences \/ Exp\u00e9riences).<\/strong><\/p>\n<p style=\"text-align: center\">Cours au sol sur :<\/p>\n<p style=\"text-align: center\">Illusions sensorielles \/ Instrumentation \/ Rappels Instruments Navigation.<\/p>\n<p style=\"text-align: center\"><strong> 2) Etude pilotage de base sur SIMU.<\/strong><\/p>\n<p style=\"text-align: center\">Pilotage avanc\u00e9 \/ R\u00e9alisation de patrons \/ Simulation d&rsquo;une navigation.<\/p>\n<p style=\"text-align: center\"><strong> 3) Etude du FCL.1 arr\u00eat\u00e9 du 29 mars 1999, sous partie C.<\/strong><\/p>\n<p style=\"text-align: center\"><strong>4) Pilotage de base sur avion 4 Places sous casquette VSV.<\/strong><\/p>\n<p style=\"text-align: center\">Pilotage avanc\u00e9 \/ Panneau partiel<\/p>\n<p style=\"text-align: center\">Proc\u00e9dure pour un 180\u00b0 en IMC simul\u00e9.<\/p>\n<p style=\"text-align: center\"><span style=\"color: #000080\"><strong><br \/>\n<\/strong><\/span><\/p>\n<p style=\"text-align: center\"><strong><span style=\"color: #0000ff\"><span style=\"color: #000080\">4h Sol + Briefings\/D\u00e9briefings, 6h SIMU dont 2 aux commandes<\/span><\/span><\/strong><\/p>\n<p style=\"text-align: center\"><strong><span style=\"color: #0000ff\"><span style=\"color: #000080\">6h de Vol dont 2 aux commandes<\/span><\/span><\/strong><\/p>\n<p style=\"text-align: center\"><strong><span style=\"color: #000080\">Utilisation Cours sur vid\u00e9o-projecteur \/ Simulateur<br \/>\n<\/span><\/strong><\/p>\n<p style=\"text-align: center\"><strong><span style=\"color: #000080\">Avions 4 Places diff\u00e9rents \/ Casquette VSV<\/span><\/strong><\/p>\n<p style=\"text-align: center\"><strong><span style=\"color: #000080\">Remise en fin de stage d&rsquo;une attestation de formation VSV &amp; Jar-Fcl,<\/span><\/strong><\/p>\n<p style=\"text-align: center\"><strong><span style=\"color: #000080\">plus visa Carnet de vol !<\/span><\/strong><\/p>\n<h4 style=\"text-align: center\"><span style=\"color: #000000\">Programme uniquement \u00e0 titre indicatif et,<br \/>\n<\/span><span style=\"color: #000000\">adaptable en fonction du niveau du demandeur<\/span><\/h4>\n<p style=\"text-align: center\"><span style=\"font-size: x-small\"><br \/>\n<\/span><strong><span style=\"color: #ff0000\">AVERTISSEMENT:<\/span><\/strong><\/p>\n<p style=\"text-align: center\"><span style=\"color: #ff0000\"><strong><span style=\"color: #ff0000\">Cette formation ne vise en aucun cas la pratique d&rsquo;une exp\u00e9rience en IFR !<\/span><\/strong><\/span><\/p>\n<p style=\"text-align: center\"><span style=\"color: #ff0000\"><strong><span style=\"color: #ff0000\">Celle-ci n&rsquo;a pour objectif que l&rsquo;acquisition du niveau VSV d&rsquo;un \u00e9l\u00e8ve PPL !<\/span><\/strong><\/span><\/p>\n","protected":false},"excerpt":{"rendered":"<p>Stage du lundi au vendredi\u00a0 OU samedi et dimanche pour 3 stagiaires. Objectifs Acqu\u00e9rir la compr\u00e9hension des ph\u00e9nom\u00e8nes du VSV (Illusions \/ Facteur humain&#8230;) Ex\u00e9cution d&rsquo;un virage de 180\u00b0 sous casquette de VSV. Cours de Jar-Fcl \u00e0 la demande pour &hellip; <a href=\"https:\/\/www.kananas.com\/vudenhaut-france\/formations\/pratique\/vsv\/\">Continuer la lecture <span class=\"meta-nav\">&rarr;<\/span><\/a><\/p>\n","protected":false},"author":1102,"featured_media":0,"parent":559,"menu_order":9,"comment_status":"closed","ping_status":"closed","template":"","meta":{"_crdt_document":"","footnotes":""},"class_list":["post-126","page","type-page","status-publish","hentry"],"_links":{"self":[{"href":"https:\/\/www.kananas.com\/vudenhaut-france\/wp-json\/wp\/v2\/pages\/126","targetHints":{"allow":["GET"]}}],"collection":[{"href":"https:\/\/www.kananas.com\/vudenhaut-france\/wp-json\/wp\/v2\/pages"}],"about":[{"href":"https:\/\/www.kananas.com\/vudenhaut-france\/wp-json\/wp\/v2\/types\/page"}],"author":[{"embeddable":true,"href":"https:\/\/www.kananas.com\/vudenhaut-france\/wp-json\/wp\/v2\/users\/1102"}],"replies":[{"embeddable":true,"href":"https:\/\/www.kananas.com\/vudenhaut-france\/wp-json\/wp\/v2\/comments?post=126"}],"version-history":[{"count":0,"href":"https:\/\/www.kananas.com\/vudenhaut-france\/wp-json\/wp\/v2\/pages\/126\/revisions"}],"up":[{"embeddable":true,"href":"https:\/\/www.kananas.com\/vudenhaut-france\/wp-json\/wp\/v2\/pages\/559"}],"wp:attachment":[{"href":"https:\/\/www.kananas.com\/vudenhaut-france\/wp-json\/wp\/v2\/media?parent=126"}],"curies":[{"name":"wp","href":"https:\/\/api.w.org\/{rel}","templated":true}]}}