{"id":133,"date":"2011-09-13T21:06:20","date_gmt":"2011-09-13T21:06:20","guid":{"rendered":"http:\/\/www.gestasso.com\/association\/vudenhaut-france\/"},"modified":"2021-06-23T21:11:02","modified_gmt":"2021-06-23T19:11:02","slug":"simu","status":"publish","type":"page","link":"https:\/\/www.kananas.com\/vudenhaut-france\/formations\/pratique\/simu\/","title":{"rendered":"Simulateurs &amp; Entraineur de vol"},"content":{"rendered":"<h2 style=\"text-align: center\"><span style=\"font-size: 12pt;color: #0000ff\">Une activit\u00e9 ludique, \u00e9ducative et peu co\u00fbteuse <\/span><span style=\"color: #0000ff\"><span style=\"font-size: 12pt\">sur l\u2019A\u00e9rodrome d&rsquo;Aix les Milles<\/span><\/span><em><span style=\"color: #0000ff\"><br \/>\n<\/span><\/em><\/h2>\n<p style=\"text-align: center\"><span style=\"color: #ff0000\"><strong><span style=\"text-decoration: underline;font-size: 14pt\"><span style=\"color: #000080;text-decoration: underline\">LE SIMULATEUR \u00ab\u00a0ASENT01\u00a0\u00bb<\/span><\/span><br \/>\n<\/strong><\/span><\/p>\n<p style=\"text-align: justify\">Pour les Pilotes, les \u00c9l\u00e8ves, les Particuliers ou les Groupes\u2026A partir de 0h30 sans limitation de \u00ab\u00a0blocs\u00a0\u00bb utilis\u00e9s\u2026Moins cher qu\u2019une heure de vol et des conditions de vol choisies\u2026Un bon moyen de s\u2019initier sans contrainte et\/ou de se perfectionner !<\/p>\n<p><span style=\"text-align: justify\">\u00a0<a href=\"http:\/\/www.kananas.com\/vudenhaut-france4021\/wp-content\/uploads\/sites\/1068\/2012\/10\/Simulateur.jpg\" rel=\"attachment wp-att-1207\"><img loading=\"lazy\" decoding=\"async\" class=\"aligncenter wp-image-1207\" src=\"http:\/\/www.kananas.com\/vudenhaut-france4021\/wp-content\/uploads\/sites\/1068\/2012\/10\/Simulateur-300x225.jpg\" alt=\"Simulateur\" width=\"240\" height=\"180\" srcset=\"https:\/\/www.kananas.com\/vudenhaut-france\/wp-content\/uploads\/sites\/1068\/2012\/10\/Simulateur-300x225.jpg 300w, https:\/\/www.kananas.com\/vudenhaut-france\/wp-content\/uploads\/sites\/1068\/2012\/10\/Simulateur-768x576.jpg 768w, https:\/\/www.kananas.com\/vudenhaut-france\/wp-content\/uploads\/sites\/1068\/2012\/10\/Simulateur.jpg 960w\" sizes=\"auto, (max-width: 240px) 100vw, 240px\" \/><\/a><\/span><\/p>\n<p style=\"text-align: justify\"><span class=\"userContent\">Aux commandes d&rsquo;un avion de tourisme r\u00e9aliste, vous allez pouvoir survoler la r\u00e9gion en \u00e9tant immerg\u00e9 dans un environnement a\u00e9ronautique. <\/span><\/p>\n<p>Votre instructeur vous fera d\u00e9couvrir le pilotage de base ou s\u2019adaptera \u00e0 votre niveau pour vous faire profiter d\u2019un moment inoubliable.<\/p>\n<p style=\"text-align: justify\"><span class=\"userContent\">Un b<span class=\"text_exposed_show\">riefing vous mettra dans les conditions d\u2019un vol r\u00e9el avec ses proc\u00e9dures, les consignes de s\u00e9curit\u00e9, le d\u00e9placement pr\u00e9vu.<\/span><\/span><\/p>\n<p style=\"text-align: justify\"><span class=\"userContent\"><span class=\"text_exposed_show\">Vous vous installez dans le si\u00e8ge \u00e0 gauche, celui du commandant de bord. C\u2019est vous le pilote aux commandes. L\u2019instructeur est \u00e0 vos c\u00f4t\u00e9s pour vous assister. D\u00e9marrage du moteur, roulage vers le point d\u2019arr\u00eat, les essais moteur et la pr\u00e9paration de l\u2019avion pour le d\u00e9collage. Vous \u00eates maintenant align\u00e9 sur la piste. La fr\u00e9quence de vos battements de c\u0153ur augmente en attendant que le contr\u00f4leur vous annonce l&rsquo;autorisation de d\u00e9coller&#8230; <\/span><\/span><\/p>\n<p>&nbsp;<\/p>\n<p style=\"text-align: center\"><img loading=\"lazy\" decoding=\"async\" class=\"alignnone wp-image-1593 size-medium\" src=\"http:\/\/www.kananas.com\/vudenhaut-france\/wp-content\/uploads\/sites\/1068\/2016\/04\/gatsim0416-300x169.jpg\" alt=\"\" width=\"300\" height=\"169\" srcset=\"https:\/\/www.kananas.com\/vudenhaut-france\/wp-content\/uploads\/sites\/1068\/2016\/04\/gatsim0416-300x169.jpg 300w, https:\/\/www.kananas.com\/vudenhaut-france\/wp-content\/uploads\/sites\/1068\/2016\/04\/gatsim0416-768x433.jpg 768w, https:\/\/www.kananas.com\/vudenhaut-france\/wp-content\/uploads\/sites\/1068\/2016\/04\/gatsim0416-1024x577.jpg 1024w, https:\/\/www.kananas.com\/vudenhaut-france\/wp-content\/uploads\/sites\/1068\/2016\/04\/gatsim0416.jpg 1632w\" sizes=\"auto, (max-width: 300px) 100vw, 300px\" \/><\/p>\n<p>&nbsp;<\/p>\n","protected":false},"excerpt":{"rendered":"<p>Une activit\u00e9 ludique, \u00e9ducative et peu co\u00fbteuse sur l\u2019A\u00e9rodrome d&rsquo;Aix les Milles LE SIMULATEUR \u00ab\u00a0ASENT01\u00a0\u00bb Pour les Pilotes, les \u00c9l\u00e8ves, les Particuliers ou les Groupes\u2026A partir de 0h30 sans limitation de \u00ab\u00a0blocs\u00a0\u00bb utilis\u00e9s\u2026Moins cher qu\u2019une heure de vol et des &hellip; <a href=\"https:\/\/www.kananas.com\/vudenhaut-france\/formations\/pratique\/simu\/\">Continuer la lecture <span class=\"meta-nav\">&rarr;<\/span><\/a><\/p>\n","protected":false},"author":1102,"featured_media":0,"parent":559,"menu_order":10,"comment_status":"closed","ping_status":"closed","template":"","meta":{"_crdt_document":"","footnotes":""},"class_list":["post-133","page","type-page","status-publish","hentry"],"_links":{"self":[{"href":"https:\/\/www.kananas.com\/vudenhaut-france\/wp-json\/wp\/v2\/pages\/133","targetHints":{"allow":["GET"]}}],"collection":[{"href":"https:\/\/www.kananas.com\/vudenhaut-france\/wp-json\/wp\/v2\/pages"}],"about":[{"href":"https:\/\/www.kananas.com\/vudenhaut-france\/wp-json\/wp\/v2\/types\/page"}],"author":[{"embeddable":true,"href":"https:\/\/www.kananas.com\/vudenhaut-france\/wp-json\/wp\/v2\/users\/1102"}],"replies":[{"embeddable":true,"href":"https:\/\/www.kananas.com\/vudenhaut-france\/wp-json\/wp\/v2\/comments?post=133"}],"version-history":[{"count":4,"href":"https:\/\/www.kananas.com\/vudenhaut-france\/wp-json\/wp\/v2\/pages\/133\/revisions"}],"predecessor-version":[{"id":2507,"href":"https:\/\/www.kananas.com\/vudenhaut-france\/wp-json\/wp\/v2\/pages\/133\/revisions\/2507"}],"up":[{"embeddable":true,"href":"https:\/\/www.kananas.com\/vudenhaut-france\/wp-json\/wp\/v2\/pages\/559"}],"wp:attachment":[{"href":"https:\/\/www.kananas.com\/vudenhaut-france\/wp-json\/wp\/v2\/media?parent=133"}],"curies":[{"name":"wp","href":"https:\/\/api.w.org\/{rel}","templated":true}]}}