{"id":1947,"date":"2011-09-01T18:00:42","date_gmt":"2011-09-01T18:00:42","guid":{"rendered":"http:\/\/www.gestasso.com\/association\/vudenhaut-france\/?page_id=2"},"modified":"2023-04-02T18:13:30","modified_gmt":"2023-04-02T16:13:30","slug":"vudenhaut","status":"publish","type":"page","link":"https:\/\/www.kananas.com\/vudenhaut-france\/vudenhaut\/","title":{"rendered":"Structure"},"content":{"rendered":"<h5><span style=\"font-family: georgia,palatino,serif\">Aviation &#8211; \u00c9cole de Pilotage &#8211; Formation &#8211; Loisir &#8211; Cessna &#8211; Piper &#8211; Robin &#8211; Voyages &#8211; ABL &#8211; LAPL &#8211; PPL &#8211; Initiation &#8211; Bapt\u00eame de l&rsquo;air &#8211; Association &#8211; BIA &#8211; Vol de Nuit &#8211; Th\u00e9orique &#8211; D\u00e9couverte &#8211; \u00c9cole &#8211; Simulateur &#8211; Entraineur de vol &#8211; Loisir &#8211; Aix &#8211; Marseille &#8211; Provence &#8211; Montagne &#8211; Voler &#8211; Plaisir &#8211; IFR &#8211; Bimoteur &#8211; Prorogation &#8211; Renouvellement &#8211; Barbecue &#8211; Club &#8230; Il y en a pour tous les gouts, alors rejoignez-nous&#8230;<\/span><\/h5>\n<h2><\/h2>\n<h2><\/h2>\n<h2 style=\"text-align: center\"><span style=\"font-family: georgia,palatino,serif\"><strong><span style=\"color: #0000ff\"><em><span style=\"color: #ff0000\">O<\/span>rganisme d&rsquo;<span style=\"color: #ff0000\">A<\/span>ssistance\u00a0<span style=\"color: #ff0000\">A<\/span>\u00e9ronautique<\/em><\/span><\/strong><\/span><\/h2>\n<h2 style=\"text-align: center\"><span style=\"font-family: georgia,palatino,serif\"><strong><span style=\"color: #0000ff\"><em><span style=\"color: #ff0000\">T<\/span>h\u00e9orique et <span style=\"color: #ff0000\">P<\/span>ratique<br \/>\n<\/em><\/span><\/strong><\/span><\/h2>\n<p>&nbsp;<\/p>\n<p>&nbsp;<\/p>\n<p><span style=\"font-family: georgia,palatino,serif\">L&rsquo;\u00e9quipe de <strong>VUDENHAUT-France Aviation<\/strong> vous souhaite la bienvenue<\/span><\/p>\n<ul>\n<li style=\"text-align: justify\"><span style=\"font-family: georgia,palatino,serif\">Notre <strong><span style=\"color: #ff0000\">\u00c9cole de Pilotage Avion<\/span><\/strong> vous propose depuis 2003 une <span style=\"color: #0000ff\">structure\u00a0organis\u00e9e<\/span> par des Passionn\u00e9s sous la direction de <span style=\"color: #0000ff\">Professionnels<\/span> <span style=\"color: #0000ff\">Exp\u00e9riment\u00e9s <\/span>!<\/span><\/li>\n<\/ul>\n<ul>\n<li style=\"text-align: justify\"><span style=\"font-family: georgia,palatino,serif\">Une formation efficace au<strong> Brevet d\u2019Initiation A\u00e9ronautique (BIA) aux Autorisations de Base LAPL Avion (ABL) \u00e0 la \u00ab\u00a0Light Aircraft Pilot License\u00a0\u00bb (LAPL) \u00e0 la Licence de Pilote Priv\u00e9 Avion (PPL), au Vol de Nuit<\/strong>, par le biais de la mise \u00e0 disposition de tous les outils n\u00e9cessaires \u00e0 <strong>l\u2019Acquisition<\/strong> des examens Th\u00e9oriques et \u00e0<strong> l\u2019Obtention <\/strong>des divers Brevets et Licences dispens\u00e9es.<\/span><\/li>\n<\/ul>\n<ul>\n<li style=\"text-align: justify\"><span style=\"font-family: georgia,palatino,serif\"><strong>les<\/strong> <strong>cours de pilotage<\/strong> sont assur\u00e9s tous les jours en fonction de la nuit et de multiples solutions sont propos\u00e9es afin de suivre <strong>les<\/strong> <strong>cours au sol<\/strong> en fonction de vos diverses activit\u00e9s et vie familiale.<\/span><\/li>\n<\/ul>\n<ul>\n<li style=\"text-align: justify\"><span style=\"font-family: georgia,palatino,serif\">Votre formation est r\u00e9alis\u00e9e par votre <strong>Instructeur r\u00e9f\u00e9rent<\/strong>. Chaque \u00e9l\u00e8ve est \u00e9valu\u00e9 r\u00e9guli\u00e8rement afin de<strong> suivre sa progression<\/strong> et <strong>lui donner les meilleurs conseils<\/strong> et <strong>outils adapt\u00e9s<\/strong> \u00e0 son parcours pour ainsi l\u2019emmener \u00e0\u00a0<strong> ses objectifs.<\/strong><\/span><\/li>\n<li style=\"text-align: justify\"><\/li>\n<li style=\"text-align: justify\"><span style=\"font-family: georgia,palatino,serif\">Avec <strong><span style=\"color: #0000ff\">VUDENHAUT- France Aviation<\/span><\/strong>, de nombreuses activit\u00e9s de loisirs s\u2019offrent \u00e0 vous (Nuit, Montagne, Voyages, Murissement, Accompagnement, D\u00e9couvertes, Vol aux Instruments, Bimoteur, Sorties, Perfectionnements\u2026)<\/span><\/li>\n<\/ul>\n<p><span style=\"font-family: georgia,palatino,serif\"><strong>\u00a0<\/strong><\/span><\/p>\n<p style=\"text-align: center\">V<span style=\"font-family: georgia,palatino,serif\">enez essayer sans vous engager et nous allons vous donner<\/span><\/p>\n<p style=\"text-align: center\"><span style=\"font-family: georgia,palatino,serif\">les moyens d\u2019atteindre ce que vous \u00eates venus chercher\u00a0!<\/span><\/p>\n<p>&nbsp;<\/p>\n<h3><\/h3>\n<p><span style=\"font-family: georgia,palatino,serif\"><a title=\"Photos Vudenhaut\" href=\"http:\/\/vudenhaut.france.free.fr\/pagewebphotos\/index.htm\" target=\"_blank\" rel=\"noopener noreferrer\"><img loading=\"lazy\" decoding=\"async\" class=\"aligncenter\" src=\"http:\/\/www.kananas.com\/vudenhaut-france4021\/wp-content\/uploads\/sites\/1068\/2011\/09\/Photos_3.jpg\" alt=\"\" width=\"540\" height=\"406\" \/><\/a><\/span><\/p>\n<h2 style=\"text-align: center\"><\/h2>\n<h3 style=\"text-align: center\"><span style=\"font-family: georgia,palatino,serif;text-decoration: underline\"><span style=\"color: #ff0000\"><strong>CONTACTS <\/strong><\/span><\/span><\/h3>\n<h3 style=\"text-align: center\"><span style=\"color: #0000ff;font-family: georgia,palatino,serif\"><strong>VUDENHAUT &#8211; France Aviation<br \/>\n<\/strong><\/span><\/h3>\n<h3 style=\"text-align: center\"><span style=\"font-family: georgia,palatino,serif\"><strong>A\u00e9rodrome d\u2019Aix les Milles <\/strong><\/span><\/h3>\n<h3 style=\"text-align: center\"><span style=\"font-family: georgia,palatino,serif\"><strong>Secteur \u00ab\u00a0C\u00a0\u00bb<\/strong><\/span><\/h3>\n<p style=\"text-align: center\"><span style=\"font-family: georgia,palatino,serif\"><strong>Chemin de la Badesse<\/strong><\/span><br \/>\n<span style=\"font-family: georgia,palatino,serif\"><strong> 13290 Aix les Milles<\/strong><\/span><\/p>\n<p style=\"text-align: center\"><span style=\"font-family: georgia,palatino,serif\">mail:\u00a0<a href=\"mailto:vudenhaut.france@free.fr?subject=ContactSiteVud.\">vudenhaut.france@free.fr<\/a><\/span><\/p>\n<p style=\"text-align: center\"><span style=\"font-family: georgia,palatino,serif\">Renseignements &amp; Formations : 06.23.80.44.07<\/span><\/p>\n<p style=\"text-align: center\"><span style=\"font-family: georgia,palatino,serif\">Comptabilit\u00e9 : 06.62.52.40.00.<\/span><\/p>\n<p style=\"text-align: center\"><span style=\"font-family: georgia,palatino,serif\">Copr\u00e9sident : 06.10.68.04.78.<br \/>\n<\/span><\/p>\n<p>&nbsp;<\/p>\n<p><strong><em>ATTENTION, en cas d&rsquo;utilisation de votre GPS, merci de bien v\u00e9rifier votre arriv\u00e9e sur l&rsquo;a\u00e9rodrome du cot\u00e9 village d&rsquo;Aix les Milles via le chemin de la Badesse \/ Site M\u00e9morial du Camp des Milles (Et non par l&rsquo;entr\u00e9e de l&rsquo;ancienne Base A\u00e9rienne)<\/em><\/strong><\/p>\n<p><span style=\"font-family: georgia,palatino,serif\"><a href=\"https:\/\/goo.gl\/maps\/9Cs5UjZegfPVAk5U6\" target=\"_blank\" rel=\"noopener noreferrer\"><img loading=\"lazy\" decoding=\"async\" class=\"aligncenter\" src=\"http:\/\/www.kananas.com\/vudenhaut-france4021\/wp-content\/uploads\/sites\/1068\/2011\/08\/Carte.jpg\" alt=\"\" width=\"451\" height=\"360\" \/><\/a><\/span><\/p>\n<p>&nbsp;<\/p>\n<p style=\"text-align: center\"><span style=\"color: #ff0000;font-family: georgia,palatino,serif\"><span style=\"text-decoration: underline\">Avertissement<\/span><br \/>\n<\/span><\/p>\n<p style=\"text-align: center\"><span style=\"color: #ff0000;font-family: georgia,palatino,serif\"> Ce site n&rsquo;est qu&rsquo;un moyen ludique de vous informer<br \/>\nmais ne repr\u00e9sente en aucun cas une valeur officielle<br \/>\nou un quelconque engagement &#8230;<\/span><\/p>\n<p>&nbsp;<\/p>\n","protected":false},"excerpt":{"rendered":"<p>Aviation &#8211; \u00c9cole de Pilotage &#8211; Formation &#8211; Loisir &#8211; Cessna &#8211; Piper &#8211; Robin &#8211; Voyages &#8211; ABL &#8211; LAPL &#8211; PPL &#8211; Initiation &#8211; Bapt\u00eame de l&rsquo;air &#8211; Association &#8211; BIA &#8211; Vol de Nuit &#8211; Th\u00e9orique &#8211; &hellip; <a href=\"https:\/\/www.kananas.com\/vudenhaut-france\/vudenhaut\/\">Continuer la lecture <span class=\"meta-nav\">&rarr;<\/span><\/a><\/p>\n","protected":false},"author":1102,"featured_media":0,"parent":0,"menu_order":1,"comment_status":"closed","ping_status":"closed","template":"","meta":{"_crdt_document":"","footnotes":""},"class_list":["post-1947","page","type-page","status-publish","hentry"],"_links":{"self":[{"href":"https:\/\/www.kananas.com\/vudenhaut-france\/wp-json\/wp\/v2\/pages\/1947","targetHints":{"allow":["GET"]}}],"collection":[{"href":"https:\/\/www.kananas.com\/vudenhaut-france\/wp-json\/wp\/v2\/pages"}],"about":[{"href":"https:\/\/www.kananas.com\/vudenhaut-france\/wp-json\/wp\/v2\/types\/page"}],"author":[{"embeddable":true,"href":"https:\/\/www.kananas.com\/vudenhaut-france\/wp-json\/wp\/v2\/users\/1102"}],"replies":[{"embeddable":true,"href":"https:\/\/www.kananas.com\/vudenhaut-france\/wp-json\/wp\/v2\/comments?post=1947"}],"version-history":[{"count":14,"href":"https:\/\/www.kananas.com\/vudenhaut-france\/wp-json\/wp\/v2\/pages\/1947\/revisions"}],"predecessor-version":[{"id":2625,"href":"https:\/\/www.kananas.com\/vudenhaut-france\/wp-json\/wp\/v2\/pages\/1947\/revisions\/2625"}],"wp:attachment":[{"href":"https:\/\/www.kananas.com\/vudenhaut-france\/wp-json\/wp\/v2\/media?parent=1947"}],"curies":[{"name":"wp","href":"https:\/\/api.w.org\/{rel}","templated":true}]}}