{"id":375,"date":"2011-09-20T10:05:14","date_gmt":"2011-09-20T10:05:14","guid":{"rendered":"http:\/\/www.gestasso.com\/association\/vudenhaut-france\/"},"modified":"2023-04-02T18:34:00","modified_gmt":"2023-04-02T16:34:00","slug":"theorique","status":"publish","type":"page","link":"https:\/\/www.kananas.com\/vudenhaut-france\/formations\/theorique\/","title":{"rendered":"Th\u00e9orique"},"content":{"rendered":"<h3 style=\"text-align: justify\"><strong>Les formations th\u00e9oriques pour tous :<\/strong><\/h3>\n<ul>\n<li>Formation initiale du pilote les mercredis de Novembre \u00e0 Avril.<\/li>\n<li>Cours th\u00e9orique sur site (a\u00e9rodrome LFMA) le samedi de F\u00e9vrier \u00e0 Juin.<\/li>\n<li>Possibilit\u00e9 de cours particuliers \u00e0 la demande.<\/li>\n<li>Cours \u00e0 domicile sur demande.<\/li>\n<li><a href=\"https:\/\/ppl-theorique.com\/login\/index.php\" target=\"_blank\" rel=\"noopener\"><strong>La salle de classe pour votre formation compl\u00e8te en ligne<\/strong><\/a><\/li>\n<\/ul>\n<h4 style=\"text-align: center\"><strong><em><span style=\"color: #0000ff\"><br \/>\n<\/span><\/em><\/strong><\/h4>\n<p><a href=\"http:\/\/www.kananas.com\/vudenhaut-france4021\/wp-content\/uploads\/sites\/1068\/2011\/09\/Th\u00e9orique.jpg\"><img loading=\"lazy\" decoding=\"async\" class=\"size-full wp-image-400\" src=\"http:\/\/www.kananas.com\/vudenhaut-france4021\/wp-content\/uploads\/sites\/1068\/2011\/09\/Th\u00e9orique.jpg\" alt=\"\" width=\"328\" height=\"188\" srcset=\"https:\/\/www.kananas.com\/vudenhaut-france\/wp-content\/uploads\/sites\/1068\/2011\/09\/Th\u00e9orique.jpg 328w, https:\/\/www.kananas.com\/vudenhaut-france\/wp-content\/uploads\/sites\/1068\/2011\/09\/Th\u00e9orique-300x172.jpg 300w\" sizes=\"auto, (max-width: 328px) 100vw, 328px\" \/><\/a><\/p>\n<p>&nbsp;<\/p>\n<h4 style=\"text-align: center\"><strong>BIA<span style=\"line-height: 27px\"> \/ <\/span>ABL<span style=\"line-height: 27px\">\/ <\/span>LAPL<span style=\"line-height: 27px\"> \/ <\/span>PPL\/ Vol de nuit<\/strong> \/<strong>\u00a0Bimoteur<\/strong><\/h4>\n","protected":false},"excerpt":{"rendered":"<p>Les formations th\u00e9oriques pour tous : Formation initiale du pilote les mercredis de Novembre \u00e0 Avril. Cours th\u00e9orique sur site (a\u00e9rodrome LFMA) le samedi de F\u00e9vrier \u00e0 Juin. Possibilit\u00e9 de cours particuliers \u00e0 la demande. Cours \u00e0 domicile sur demande. &hellip; <a href=\"https:\/\/www.kananas.com\/vudenhaut-france\/formations\/theorique\/\">Continuer la lecture <span class=\"meta-nav\">&rarr;<\/span><\/a><\/p>\n","protected":false},"author":1102,"featured_media":0,"parent":31,"menu_order":4,"comment_status":"open","ping_status":"open","template":"","meta":{"_crdt_document":"","footnotes":""},"class_list":["post-375","page","type-page","status-publish","hentry"],"_links":{"self":[{"href":"https:\/\/www.kananas.com\/vudenhaut-france\/wp-json\/wp\/v2\/pages\/375","targetHints":{"allow":["GET"]}}],"collection":[{"href":"https:\/\/www.kananas.com\/vudenhaut-france\/wp-json\/wp\/v2\/pages"}],"about":[{"href":"https:\/\/www.kananas.com\/vudenhaut-france\/wp-json\/wp\/v2\/types\/page"}],"author":[{"embeddable":true,"href":"https:\/\/www.kananas.com\/vudenhaut-france\/wp-json\/wp\/v2\/users\/1102"}],"replies":[{"embeddable":true,"href":"https:\/\/www.kananas.com\/vudenhaut-france\/wp-json\/wp\/v2\/comments?post=375"}],"version-history":[{"count":4,"href":"https:\/\/www.kananas.com\/vudenhaut-france\/wp-json\/wp\/v2\/pages\/375\/revisions"}],"predecessor-version":[{"id":2627,"href":"https:\/\/www.kananas.com\/vudenhaut-france\/wp-json\/wp\/v2\/pages\/375\/revisions\/2627"}],"up":[{"embeddable":true,"href":"https:\/\/www.kananas.com\/vudenhaut-france\/wp-json\/wp\/v2\/pages\/31"}],"wp:attachment":[{"href":"https:\/\/www.kananas.com\/vudenhaut-france\/wp-json\/wp\/v2\/media?parent=375"}],"curies":[{"name":"wp","href":"https:\/\/api.w.org\/{rel}","templated":true}]}}