{"id":446,"date":"2011-10-23T19:37:47","date_gmt":"2011-10-23T19:37:47","guid":{"rendered":"http:\/\/www.gestasso.com\/association\/vudenhaut-france\/"},"modified":"2020-06-01T09:18:54","modified_gmt":"2020-06-01T07:18:54","slug":"bb","status":"publish","type":"page","link":"https:\/\/www.kananas.com\/vudenhaut-france\/formations\/pratique\/bb\/","title":{"rendered":"Ancien Brevet de Base \/ Nouveau : ABL"},"content":{"rendered":"<ul>\n<li><em>Un message important de la DGAC concernant les <strong>Th\u00e9oriques BREVET DE BASE avion<\/strong> et les derni\u00e8res possibilit\u00e9s de passer son <strong>Brevet de Base pratique<\/strong> puis de le convertir en LAPL (Suivez le lien suivant)<\/em><em><a href=\"https:\/\/www.ecologique-solidaire.gouv.fr\/examens-theoriques-bb-ulm-iulm-telepilote-laplpplah\" target=\"_blank\" rel=\"noopener noreferrer\">https:\/\/www.ecologique-solidaire.gouv.fr\/examens-theoriques-bb-ulm-iulm-telepilote-laplpplah<\/a><\/em><\/li>\n<li>\n<div><em><strong>Conversion d\u2019une licence BB vers une licence LAPL :<\/strong><\/em><\/div>\n<div><\/div>\n<div><a title=\"http:\/\/www.legifrance.gouv.fr\/jopdf\/common\/jo_pdf.jsp?numJO=0&amp;dateJO=20140919&amp;numTexte=7&amp;pageDebut=15316&amp;pageFin=15317\" href=\"http:\/\/www.legifrance.gouv.fr\/jopdf\/common\/jo_pdf.jsp?numJO=0&amp;dateJO=20140919&amp;numTexte=7&amp;pageDebut=15316&amp;pageFin=15317\" target=\"_blank\" rel=\"noopener noreferrer\"><em>http:\/\/www.legifrance.gouv.fr\/jopdf\/common\/jo_pdf.jsp?numJO=0&amp;dateJO=20140919&amp;numTexte=7&amp;pageDebut=15316&amp;pageFin=15317<\/em><\/a><\/div>\n<\/li>\n<li><\/li>\n<li><span style=\"text-decoration: underline\"><span style=\"font-size: 18pt\"><strong><span style=\"color: #000080;text-decoration: underline\">A.B.L<\/span><\/strong><\/span><\/span><\/li>\n<\/ul>\n<p>Arr\u00eat\u00e9 du 19 mai 2020 du JO relatif \u00e0 l\u2019autorisation de vol solo sans<br \/>\nsupervision (\u00abABL\u00bb &#8211; autorisation de base LAPL) accord\u00e9e aux \u00e9l\u00e8ves<br \/>\npilotes qui suivent une formation de pilote d\u2019a\u00e9ronef l\u00e9ger (LAPL),<br \/>\npr\u00e9alablement \u00e0 la d\u00e9livrance d\u2019une licence de pilote LAPL pour<br \/>\navions LAPL(A)<\/p>\n<p><a href=\"https:\/\/www.legifrance.gouv.fr\/jo_pdf.do?id=JORFTEXT000041936829\" target=\"_blank\" rel=\"noopener noreferrer\" data-saferedirecturl=\"https:\/\/www.google.com\/url?q=https:\/\/www.legifrance.gouv.fr\/jo_pdf.do?id%3DJORFTEXT000041936829&amp;source=gmail&amp;ust=1591081845422000&amp;usg=AFQjCNGNkD0q0_-T1TEYnk2GqF9g-vZ5Eg\">https:\/\/www.legifrance.gouv.fr\/jo_pdf.do?id=JORFTEXT000041936829<\/a><\/p>\n<p>&nbsp;<\/p>\n<ul>\n<li><strong><span style=\"color: #000080\">Notes<\/span><\/strong><\/li>\n<\/ul>\n<p style=\"text-align: justify\">Un brevet atteste que vous avez les connaissances requises pour exercer les fonctions de Commandant de bord dans un avion et il vous est acquis d\u00e9finitivement.<\/p>\n<p style=\"text-align: justify\">Une Licence est un titre provisoire qui est renouvel\u00e9 p\u00e9riodiquement sous certaines conditions et qui permet d&rsquo;exercer la fonction de Pilote Commandant de bord \u00e0 bord d&rsquo;un avion.<\/p>\n<p style=\"text-align: justify\"><span style=\"color: #ff0000\">Les Mineurs en formation restent sous la surveillance constante d&rsquo;un Moniteur (Vols solo compris) et font l&rsquo;objet d&rsquo;une autorisation Parentale jusqu&rsquo;\u00e0 leur Majorit\u00e9 ou l&rsquo;obtention du PPL.<\/span><\/p>\n<p style=\"text-align: center\"><span style=\"color: #000000\">&#8212;&#8212;&#8212;&#8212;&#8212;&#8211;<\/span><\/p>\n","protected":false},"excerpt":{"rendered":"<p>Un message important de la DGAC concernant les Th\u00e9oriques BREVET DE BASE avion et les derni\u00e8res possibilit\u00e9s de passer son Brevet de Base pratique puis de le convertir en LAPL (Suivez le lien suivant)https:\/\/www.ecologique-solidaire.gouv.fr\/examens-theoriques-bb-ulm-iulm-telepilote-laplpplah Conversion d\u2019une licence BB vers une &hellip; <a href=\"https:\/\/www.kananas.com\/vudenhaut-france\/formations\/pratique\/bb\/\">Continuer la lecture <span class=\"meta-nav\">&rarr;<\/span><\/a><\/p>\n","protected":false},"author":1102,"featured_media":0,"parent":559,"menu_order":1,"comment_status":"open","ping_status":"open","template":"","meta":{"_crdt_document":"","footnotes":""},"class_list":["post-446","page","type-page","status-publish","hentry"],"_links":{"self":[{"href":"https:\/\/www.kananas.com\/vudenhaut-france\/wp-json\/wp\/v2\/pages\/446","targetHints":{"allow":["GET"]}}],"collection":[{"href":"https:\/\/www.kananas.com\/vudenhaut-france\/wp-json\/wp\/v2\/pages"}],"about":[{"href":"https:\/\/www.kananas.com\/vudenhaut-france\/wp-json\/wp\/v2\/types\/page"}],"author":[{"embeddable":true,"href":"https:\/\/www.kananas.com\/vudenhaut-france\/wp-json\/wp\/v2\/users\/1102"}],"replies":[{"embeddable":true,"href":"https:\/\/www.kananas.com\/vudenhaut-france\/wp-json\/wp\/v2\/comments?post=446"}],"version-history":[{"count":4,"href":"https:\/\/www.kananas.com\/vudenhaut-france\/wp-json\/wp\/v2\/pages\/446\/revisions"}],"predecessor-version":[{"id":2387,"href":"https:\/\/www.kananas.com\/vudenhaut-france\/wp-json\/wp\/v2\/pages\/446\/revisions\/2387"}],"up":[{"embeddable":true,"href":"https:\/\/www.kananas.com\/vudenhaut-france\/wp-json\/wp\/v2\/pages\/559"}],"wp:attachment":[{"href":"https:\/\/www.kananas.com\/vudenhaut-france\/wp-json\/wp\/v2\/media?parent=446"}],"curies":[{"name":"wp","href":"https:\/\/api.w.org\/{rel}","templated":true}]}}