{"id":576,"date":"2011-12-11T16:44:38","date_gmt":"2011-12-11T16:44:38","guid":{"rendered":"http:\/\/www.gestasso.com\/association\/vudenhaut-france\/"},"modified":"2011-12-11T16:44:38","modified_gmt":"2011-12-11T16:44:38","slug":"formation-au-differences","status":"publish","type":"page","link":"https:\/\/www.kananas.com\/vudenhaut-france\/formations\/pratique\/formation-au-differences\/","title":{"rendered":"Formation aux diff\u00e9rences"},"content":{"rendered":"<h3 style=\"text-align: justify\"><span style=\"color: #ff0000\">Pour croire en l&rsquo;avenir, il faut y go\u00fbter !<\/span><\/h3>\n<h5 style=\"text-align: justify\">Les nouvelles machines qui apparaissent dans notre ciel sont rapides, plus faciles \u00e0 piloter, plus s\u00e9curisantes en navigation. Ces avions sont peut-\u00eatre l&rsquo;avenir du voyage priv\u00e9 car plus rentable en voyage!<\/h5>\n<h5 style=\"text-align: justify\"><span style=\"font-size: small\">Cependant pour atteindre ces objectifs de \u00ab\u00a0gain de temps\u00a0\u00bb <\/span><span style=\"font-size: small\">il nous faut imp\u00e9rativement et ce, d\u00e8s le d\u00e9part, r\u00e9-\u00e9duquer nos habitudes <\/span><span style=\"font-size: small\">et se souvenir des r\u00e8gles de base du Pilote VFR :<\/span><\/h5>\n<h5 style=\"text-align: justify\"><a href=\"http:\/\/www.kananas.com\/vudenhaut-france4021\/wp-content\/uploads\/sites\/1068\/2012\/10\/C.150.K.jpg\" rel=\"attachment wp-att-1049\"><img loading=\"lazy\" decoding=\"async\" class=\"aligncenter size-medium wp-image-1049\" src=\"http:\/\/www.kananas.com\/vudenhaut-france4021\/wp-content\/uploads\/sites\/1068\/2012\/10\/C.150.K-300x100.jpg\" alt=\"C.182 G1000\" width=\"300\" height=\"100\" srcset=\"https:\/\/www.kananas.com\/vudenhaut-france\/wp-content\/uploads\/sites\/1068\/2012\/10\/C.150.K-300x100.jpg 300w, https:\/\/www.kananas.com\/vudenhaut-france\/wp-content\/uploads\/sites\/1068\/2012\/10\/C.150.K-768x257.jpg 768w, https:\/\/www.kananas.com\/vudenhaut-france\/wp-content\/uploads\/sites\/1068\/2012\/10\/C.150.K-1024x342.jpg 1024w, https:\/\/www.kananas.com\/vudenhaut-france\/wp-content\/uploads\/sites\/1068\/2012\/10\/C.150.K.jpg 1065w\" sizes=\"auto, (max-width: 300px) 100vw, 300px\" \/><\/a><\/h5>\n<ul style=\"text-align: justify\">\n<li>\n<h5>Ma\u00eetriser une nouvelle instrumentation avant de se lancer dans l&rsquo;aventure<\/h5>\n<\/li>\n<li>\n<h5>Conna\u00eetre parfaitement les sp\u00e9cifications de la machine utilis\u00e9e<\/h5>\n<\/li>\n<li>\n<h5>R\u00e9viser (un peu) son Anglais<\/h5>\n<\/li>\n<li>\n<h5>Effectuer un entra\u00eenement rapproch\u00e9 sur une machine con\u00e7u pour le voyage (!)<\/h5>\n<\/li>\n<li>\n<h5>R\u00e9-apprendre les r\u00e8gles de base de la navigation<\/h5>\n<\/li>\n<li>\n<h5>Effectuer des d\u00e9placements en Accompagnement\u00a0pour se mettre en conditions r\u00e9elles<\/h5>\n<\/li>\n<\/ul>\n<ul style=\"text-align: justify\">\n<li>\n<h5>Int\u00e9grer dans sa gestion une anticipation indispensable<\/h5>\n<\/li>\n<li>\n<h5>Se souvenir constamment des raisons pour lesquelles\u00a0nous sommes en vol (Loisir)<\/h5>\n<\/li>\n<li>\n<h5>Pr\u00e9voir avant chaque vol et pendant son d\u00e9placement une alternative\u00a0\u00e0 chaque action<\/h5>\n<\/li>\n<\/ul>\n<h5 style=\"text-align: justify\">Toutes ces r\u00e8gles respect\u00e9es feront alors de vous un Pilote heureux de pouvoir enfin voyager plus loin et plus vite.<\/h5>\n<p style=\"text-align: justify\"><span style=\"font-size: xx-small\"><br \/>\n<\/span><\/p>\n","protected":false},"excerpt":{"rendered":"<p>Pour croire en l&rsquo;avenir, il faut y go\u00fbter ! Les nouvelles machines qui apparaissent dans notre ciel sont rapides, plus faciles \u00e0 piloter, plus s\u00e9curisantes en navigation. Ces avions sont peut-\u00eatre l&rsquo;avenir du voyage priv\u00e9 car plus rentable en voyage! &hellip; <a href=\"https:\/\/www.kananas.com\/vudenhaut-france\/formations\/pratique\/formation-au-differences\/\">Continuer la lecture <span class=\"meta-nav\">&rarr;<\/span><\/a><\/p>\n","protected":false},"author":1102,"featured_media":0,"parent":559,"menu_order":7,"comment_status":"closed","ping_status":"closed","template":"","meta":{"_crdt_document":"","footnotes":""},"class_list":["post-576","page","type-page","status-publish","hentry"],"_links":{"self":[{"href":"https:\/\/www.kananas.com\/vudenhaut-france\/wp-json\/wp\/v2\/pages\/576","targetHints":{"allow":["GET"]}}],"collection":[{"href":"https:\/\/www.kananas.com\/vudenhaut-france\/wp-json\/wp\/v2\/pages"}],"about":[{"href":"https:\/\/www.kananas.com\/vudenhaut-france\/wp-json\/wp\/v2\/types\/page"}],"author":[{"embeddable":true,"href":"https:\/\/www.kananas.com\/vudenhaut-france\/wp-json\/wp\/v2\/users\/1102"}],"replies":[{"embeddable":true,"href":"https:\/\/www.kananas.com\/vudenhaut-france\/wp-json\/wp\/v2\/comments?post=576"}],"version-history":[{"count":0,"href":"https:\/\/www.kananas.com\/vudenhaut-france\/wp-json\/wp\/v2\/pages\/576\/revisions"}],"up":[{"embeddable":true,"href":"https:\/\/www.kananas.com\/vudenhaut-france\/wp-json\/wp\/v2\/pages\/559"}],"wp:attachment":[{"href":"https:\/\/www.kananas.com\/vudenhaut-france\/wp-json\/wp\/v2\/media?parent=576"}],"curies":[{"name":"wp","href":"https:\/\/api.w.org\/{rel}","templated":true}]}}