{"id":660,"date":"2011-12-14T12:04:40","date_gmt":"2011-12-14T12:04:40","guid":{"rendered":"http:\/\/www.gestasso.com\/association\/vudenhaut-france\/"},"modified":"2019-11-18T19:20:28","modified_gmt":"2019-11-18T18:20:28","slug":"lapl_2","status":"publish","type":"page","link":"https:\/\/www.kananas.com\/vudenhaut-france\/formations\/theorique\/lapl_2\/","title":{"rendered":"Light aircraft pilot licence (LAPL)"},"content":{"rendered":"<p><span style=\"color: #000080\"><strong>FCL.120 LAPL \u2014Examen th\u00e9orique<\/strong> <\/span><\/p>\n<p>Les candidats \u00e0 une LAPL devront d\u00e9montrer un niveau de connaissances th\u00e9oriques correspondant aux privil\u00e8ges octroy\u00e9s, par le biais d&rsquo;examens portant sur :<\/p>\n<p>(a)Sujets communs: \u2014r\u00e9glementation,\u2014performance humaine,\u2014m\u00e9t\u00e9orologie et \u2014communications.<\/p>\n<p>(b)Sujets sp\u00e9cifiques portant sur les diff\u00e9rentes cat\u00e9gories d\u2019a\u00e9ronefs :\u2014principes du vol,\u2014proc\u00e9dures op\u00e9rationnelles,\u2014performance de vol et pr\u00e9paration du plan de vol,\u2014connaissance g\u00e9n\u00e9rale de l&rsquo;a\u00e9ronef et\u2014navigation.<\/p>\n<p><span style=\"color: #000080\"><strong>AMC1 FCL.120 ; FCL.125 EXAMENS TH\u00c9ORIQUES POUR LA LAPL<\/strong><\/span><\/p>\n<p>(a) Examens th\u00e9oriques<\/p>\n<p>(1) Les examens doivent \u00eatre sous la forme \u00e9crite et doivent comporter un total de 120 questions \u00e0 choix multiple couvrant tous les sujets.<\/p>\n<p>(2) L&rsquo;examen pour la mati\u00e8re \u2018communications&rsquo; peut \u00eatre conduit sous forme d\u2019\u00e9preuve pratique dans une salle sp\u00e9cialement \u00e9quip\u00e9e \u00e0 cet effet.<\/p>\n<p>(3) L&rsquo;autorit\u00e9 comp\u00e9tente doit informer les candidats des langues dans lesquelles les examens seront conduits.<\/p>\n","protected":false},"excerpt":{"rendered":"<p>FCL.120 LAPL \u2014Examen th\u00e9orique Les candidats \u00e0 une LAPL devront d\u00e9montrer un niveau de connaissances th\u00e9oriques correspondant aux privil\u00e8ges octroy\u00e9s, par le biais d&rsquo;examens portant sur : (a)Sujets communs: \u2014r\u00e9glementation,\u2014performance humaine,\u2014m\u00e9t\u00e9orologie et \u2014communications. (b)Sujets sp\u00e9cifiques portant sur les diff\u00e9rentes cat\u00e9gories &hellip; <a href=\"https:\/\/www.kananas.com\/vudenhaut-france\/formations\/theorique\/lapl_2\/\">Continuer la lecture <span class=\"meta-nav\">&rarr;<\/span><\/a><\/p>\n","protected":false},"author":1102,"featured_media":0,"parent":375,"menu_order":3,"comment_status":"open","ping_status":"open","template":"","meta":{"_crdt_document":"","footnotes":""},"class_list":["post-660","page","type-page","status-publish","hentry"],"_links":{"self":[{"href":"https:\/\/www.kananas.com\/vudenhaut-france\/wp-json\/wp\/v2\/pages\/660","targetHints":{"allow":["GET"]}}],"collection":[{"href":"https:\/\/www.kananas.com\/vudenhaut-france\/wp-json\/wp\/v2\/pages"}],"about":[{"href":"https:\/\/www.kananas.com\/vudenhaut-france\/wp-json\/wp\/v2\/types\/page"}],"author":[{"embeddable":true,"href":"https:\/\/www.kananas.com\/vudenhaut-france\/wp-json\/wp\/v2\/users\/1102"}],"replies":[{"embeddable":true,"href":"https:\/\/www.kananas.com\/vudenhaut-france\/wp-json\/wp\/v2\/comments?post=660"}],"version-history":[{"count":3,"href":"https:\/\/www.kananas.com\/vudenhaut-france\/wp-json\/wp\/v2\/pages\/660\/revisions"}],"predecessor-version":[{"id":2308,"href":"https:\/\/www.kananas.com\/vudenhaut-france\/wp-json\/wp\/v2\/pages\/660\/revisions\/2308"}],"up":[{"embeddable":true,"href":"https:\/\/www.kananas.com\/vudenhaut-france\/wp-json\/wp\/v2\/pages\/375"}],"wp:attachment":[{"href":"https:\/\/www.kananas.com\/vudenhaut-france\/wp-json\/wp\/v2\/media?parent=660"}],"curies":[{"name":"wp","href":"https:\/\/api.w.org\/{rel}","templated":true}]}}