{"id":69,"date":"2011-09-13T18:47:26","date_gmt":"2011-09-13T18:47:26","guid":{"rendered":"http:\/\/www.gestasso.com\/association\/vudenhaut-france\/"},"modified":"2022-07-29T17:26:39","modified_gmt":"2022-07-29T15:26:39","slug":"ppl","status":"publish","type":"page","link":"https:\/\/www.kananas.com\/vudenhaut-france\/formations\/pratique\/ppl\/","title":{"rendered":"Private Pilot Licence (PPL)"},"content":{"rendered":"<h3><strong>Le brevet de Pilote Priv\u00e9 Avion<\/strong><\/h3>\n<ul>\n<li><strong><span style=\"color: #000080\">Privil\u00e8ges<\/span><\/strong><\/li>\n<\/ul>\n<p style=\"text-align: justify\">Exercer sans r\u00e9mun\u00e9ration <span style=\"text-decoration: underline\">sans limitation de distance<\/span> les fonctions de Commandant de bord ou de Copilote sur tout avion transportant ou non des passagers ou du fret, non exploit\u00e9 contre r\u00e9mun\u00e9ration et correspondant aux qualifications de Classe ou de Type port\u00e9es sur la licence.<\/p>\n<p style=\"text-align: justify\">(Comp\u00e9tences Linguistique Anglaise pour sortir du Pays).<\/p>\n<ul style=\"text-align: justify\">\n<li><strong><span style=\"color: #000080\">Conditions de d\u00e9livrance<\/span><\/strong><\/li>\n<\/ul>\n<p style=\"text-align: justify\">Etre \u00e2g\u00e9 de 17 ans r\u00e9volus \u00a0(La formation en double commande ne n\u00e9cessite pas d&rsquo;\u00e2ge minimum) Satisfaire aux conditions d&rsquo;aptitude m\u00e9dicale (m\u00e9decin agr\u00e9\u00e9 :<a href=\"https:\/\/www.ecologique-solidaire.gouv.fr\/aptitude-aeromedicale-des-personnels-navigants\" target=\"_blank\" rel=\"noopener noreferrer\">https:\/\/www.ecologique-solidaire.gouv.fr\/aptitude-aeromedicale-des-personnels-navigants<\/a>). Avoir suivi une formation au sol sanctionn\u00e9 par une d\u00e9claration r\u00e9glementaire de formation th\u00e9orique. Avoir suivi une formation en vol de 45h, devant comprendre, au moins 25 heures de vol d&rsquo;instruction en double commande comprenant une formation au vol sans visibilit\u00e9, au moins 10 heures de vol seul \u00e0 bord comprenant au moins 5 heures en voyage au cours desquels devra \u00eatre effectu\u00e9 au moins une navigation de 150 nautiques (270 Km) avec 3 \u00e9tapes distinctes et arr\u00eat complet. Avoir effectu\u00e9 au moins 3 d\u00e9collages et 3 atterrissages complets, seul \u00e0 bord, sur un a\u00e9rodrome contr\u00f4l\u00e9. Avoir satisfait \u00e0 une \u00e9preuve th\u00e9orique au sol 120 (QCM) et \u00e0 une \u00e9preuve en vol.<\/p>\n<ul style=\"text-align: justify\">\n<li><strong><span style=\"color: #000080\">Renouvellement de la licence<\/span><\/strong><\/li>\n<\/ul>\n<p style=\"text-align: justify\">La validit\u00e9 de la SEP (Single Engine Piston) est de 24 mois. Celle-ci sera renouvel\u00e9e si, vous \u00eates titulaire d&rsquo;un certificat m\u00e9dical en \u00e9tat de validit\u00e9 (5ans pour moins de 40ans et 2 ans pour plus de 40ans), vous avez\u00a0effectu\u00e9 12 heures de vol dans les douze derniers mois dont au moins 1 heure en double-commande et au moins 6 heures en Commandant de bord, l&rsquo;ensemble comprenant un minimum de 12 d\u00e9collages et 12 atterrissages avec\u00a0arr\u00eat complet.\u00a0(Ces heures de vol pouvant \u00eatre remplac\u00e9s par un Contr\u00f4le en vol avant la fin de validit\u00e9).<\/p>\n<ul style=\"text-align: justify\">\n<li><strong><span style=\"color: #000080\">Emport de passagers<\/span><\/strong><\/li>\n<\/ul>\n<p style=\"text-align: justify\">Pour pr\u00e9tendre \u00e0 emmener des passagers vous devez avoir effectu\u00e9 au moins 3 d\u00e9collages et au moins 3 atterrissages dans les 3 derniers mois sur un avion de m\u00eame cat\u00e9gorie.<\/p>\n<ul style=\"text-align: justify\">\n<li><strong><span style=\"color: #000080\">Notes<\/span><\/strong><\/li>\n<\/ul>\n<p style=\"text-align: justify\">\n","protected":false},"excerpt":{"rendered":"<p>Le brevet de Pilote Priv\u00e9 Avion Privil\u00e8ges Exercer sans r\u00e9mun\u00e9ration sans limitation de distance les fonctions de Commandant de bord ou de Copilote sur tout avion transportant ou non des passagers ou du fret, non exploit\u00e9 contre r\u00e9mun\u00e9ration et correspondant &hellip; <a href=\"https:\/\/www.kananas.com\/vudenhaut-france\/formations\/pratique\/ppl\/\">Continuer la lecture <span class=\"meta-nav\">&rarr;<\/span><\/a><\/p>\n","protected":false},"author":1102,"featured_media":0,"parent":559,"menu_order":3,"comment_status":"open","ping_status":"open","template":"","meta":{"_crdt_document":"","footnotes":""},"class_list":["post-69","page","type-page","status-publish","hentry"],"_links":{"self":[{"href":"https:\/\/www.kananas.com\/vudenhaut-france\/wp-json\/wp\/v2\/pages\/69","targetHints":{"allow":["GET"]}}],"collection":[{"href":"https:\/\/www.kananas.com\/vudenhaut-france\/wp-json\/wp\/v2\/pages"}],"about":[{"href":"https:\/\/www.kananas.com\/vudenhaut-france\/wp-json\/wp\/v2\/types\/page"}],"author":[{"embeddable":true,"href":"https:\/\/www.kananas.com\/vudenhaut-france\/wp-json\/wp\/v2\/users\/1102"}],"replies":[{"embeddable":true,"href":"https:\/\/www.kananas.com\/vudenhaut-france\/wp-json\/wp\/v2\/comments?post=69"}],"version-history":[{"count":5,"href":"https:\/\/www.kananas.com\/vudenhaut-france\/wp-json\/wp\/v2\/pages\/69\/revisions"}],"predecessor-version":[{"id":2575,"href":"https:\/\/www.kananas.com\/vudenhaut-france\/wp-json\/wp\/v2\/pages\/69\/revisions\/2575"}],"up":[{"embeddable":true,"href":"https:\/\/www.kananas.com\/vudenhaut-france\/wp-json\/wp\/v2\/pages\/559"}],"wp:attachment":[{"href":"https:\/\/www.kananas.com\/vudenhaut-france\/wp-json\/wp\/v2\/media?parent=69"}],"curies":[{"name":"wp","href":"https:\/\/api.w.org\/{rel}","templated":true}]}}