{"id":75,"date":"2011-09-13T18:48:16","date_gmt":"2011-09-13T18:48:16","guid":{"rendered":"http:\/\/www.gestasso.com\/association\/vudenhaut-france\/"},"modified":"2019-11-07T19:04:13","modified_gmt":"2019-11-07T18:04:13","slug":"bia","status":"publish","type":"page","link":"https:\/\/www.kananas.com\/vudenhaut-france\/formations\/theorique\/bia\/","title":{"rendered":"Formation de base et Brevet d&rsquo;Initiation A\u00e9ronautique (BIA)"},"content":{"rendered":"<ul>\n<li><\/li>\n<li>A partir de 13 ans, en milieu scolaire et dans le cadre de l\u2019\u00c9ducation Nationale, vous pouvez obtenir votre Brevet d&rsquo;Initiation A\u00e9ronautique (BIA) suite \u00e0 la formation dispens\u00e9e par nos Professeurs de novembre \u00e0 mai chaque ann\u00e9e.<\/li>\n<li>Renseignez-vous dans votre secr\u00e9tariat ou contactez-nous si cette formation n&rsquo;existe pas dans votre Coll\u00e8ge ou Lyc\u00e9e.<\/li>\n<\/ul>\n<p><!-- [if gte mso 9]&gt;--><\/p>\n<p class=\"MsoNormal\"><b><span style=\"font-size: 12.0pt\">\u00a0<a href=\"http:\/\/www.kananas.com\/vudenhaut-france4021\/wp-content\/uploads\/sites\/1068\/2011\/09\/041116.jpg\" rel=\"attachment wp-att-1560\"><img loading=\"lazy\" decoding=\"async\" class=\"aligncenter size-medium wp-image-1560\" src=\"http:\/\/www.kananas.com\/vudenhaut-france4021\/wp-content\/uploads\/sites\/1068\/2011\/09\/041116-300x169.jpg\" alt=\"041116\" width=\"300\" height=\"169\" srcset=\"https:\/\/www.kananas.com\/vudenhaut-france\/wp-content\/uploads\/sites\/1068\/2011\/09\/041116-300x169.jpg 300w, https:\/\/www.kananas.com\/vudenhaut-france\/wp-content\/uploads\/sites\/1068\/2011\/09\/041116-768x433.jpg 768w, https:\/\/www.kananas.com\/vudenhaut-france\/wp-content\/uploads\/sites\/1068\/2011\/09\/041116-1024x577.jpg 1024w, https:\/\/www.kananas.com\/vudenhaut-france\/wp-content\/uploads\/sites\/1068\/2011\/09\/041116.jpg 1632w\" sizes=\"auto, (max-width: 300px) 100vw, 300px\" \/><\/a><\/span><\/b><\/p>\n<p class=\"MsoNormal\" style=\"margin-left: 36pt;text-indent: -18pt;text-align: center\"><span dir=\"LTR\"><b><span style=\"font-size: 12.0pt\">Les r\u00e9sultats sont affich\u00e9s dans les centres d\u2019examen, et sont mis en ligne sur les sites acad\u00e9miques.<\/span><\/b><\/span><\/p>\n<p style=\"text-align: center\"><b>Les dipl\u00f4mes sont envoy\u00e9s par courrier.<br \/>\n<\/b><\/p>\n<p class=\"MsoNormal\" style=\"margin-left: 18.0pt\"><b><span style=\"font-size: 12.0pt\">\u00a0\u00a0\u00a0\u00a0\u00a0\u00a0\u00a0\u00a0\u00a0\u00a0\u00a0\u00a0\u00a0\u00a0\u00a0\u00a0\u00a0\u00a0\u00a0\u00a0\u00a0\u00a0\u00a0\u00a0\u00a0\u00a0\u00a0\u00a0\u00a0\u00a0\u00a0\u00a0\u00a0\u00a0\u00a0\u00a0\u00a0\u00a0 &#8212;&#8212;&#8212;&#8212;&#8212;&#8212;-<br \/>\n<\/span><\/b><\/p>\n<p>Dans notre \u00c9cole, les Stagiaires en formation font partie int\u00e9grante de nos adh\u00e9rents durant l&rsquo;ann\u00e9e civile.<\/p>\n<p>Cela leur donne acc\u00e8s \u00e0 des tarifs particuliers pour des Bapt\u00eames de l&rsquo;Air, des Vols aux commandes que ce soit en avion ou sur les Simulateurs&#8230;<\/p>\n<p style=\"text-align: justify\">De plus, ils sont invit\u00e9s \u00e0 venir d\u00e9couvrir notre a\u00e9rodrome, nos installations, nos avions, nos simulateurs&#8230;Ainsi qu&rsquo;un contact direct avec nos divers formateurs Pilotes, Contr\u00f4leurs, Instructeurs&#8230;<\/p>\n<p style=\"text-align: justify\"><strong>Tous nos Stagiaires BIA<\/strong> r\u00e9alisent une <span style=\"color: #ff0000\">d\u00e9couverte du vol sur l&rsquo;Entraineur de vol<\/span> bas\u00e9 sur l&rsquo;A\u00e9rodrome d&rsquo;Aix les Milles et profitent de <span style=\"color: #ff0000\">tarifs r\u00e9duits<\/span> sur les activit\u00e9s de formation durant l&rsquo;ann\u00e9e civile en cours !<\/p>\n<p style=\"text-align: center\"><em>Pour en savoir plus sur les formations th\u00e9orique cliquez\u00a0<a href=\"http:\/\/www.kananas.com\/vudenhaut-france\/formations\/theorique\/\" target=\"_blank\" rel=\"noopener noreferrer\"><strong>ici<\/strong><\/a><\/em><\/p>\n<p style=\"text-align: center\">\n","protected":false},"excerpt":{"rendered":"<p>A partir de 13 ans, en milieu scolaire et dans le cadre de l\u2019\u00c9ducation Nationale, vous pouvez obtenir votre Brevet d&rsquo;Initiation A\u00e9ronautique (BIA) suite \u00e0 la formation dispens\u00e9e par nos Professeurs de novembre \u00e0 mai chaque ann\u00e9e. Renseignez-vous dans votre &hellip; <a href=\"https:\/\/www.kananas.com\/vudenhaut-france\/formations\/theorique\/bia\/\">Continuer la lecture <span class=\"meta-nav\">&rarr;<\/span><\/a><\/p>\n","protected":false},"author":1102,"featured_media":0,"parent":375,"menu_order":1,"comment_status":"closed","ping_status":"closed","template":"","meta":{"_crdt_document":"","footnotes":""},"class_list":["post-75","page","type-page","status-publish","hentry"],"_links":{"self":[{"href":"https:\/\/www.kananas.com\/vudenhaut-france\/wp-json\/wp\/v2\/pages\/75","targetHints":{"allow":["GET"]}}],"collection":[{"href":"https:\/\/www.kananas.com\/vudenhaut-france\/wp-json\/wp\/v2\/pages"}],"about":[{"href":"https:\/\/www.kananas.com\/vudenhaut-france\/wp-json\/wp\/v2\/types\/page"}],"author":[{"embeddable":true,"href":"https:\/\/www.kananas.com\/vudenhaut-france\/wp-json\/wp\/v2\/users\/1102"}],"replies":[{"embeddable":true,"href":"https:\/\/www.kananas.com\/vudenhaut-france\/wp-json\/wp\/v2\/comments?post=75"}],"version-history":[{"count":3,"href":"https:\/\/www.kananas.com\/vudenhaut-france\/wp-json\/wp\/v2\/pages\/75\/revisions"}],"predecessor-version":[{"id":2291,"href":"https:\/\/www.kananas.com\/vudenhaut-france\/wp-json\/wp\/v2\/pages\/75\/revisions\/2291"}],"up":[{"embeddable":true,"href":"https:\/\/www.kananas.com\/vudenhaut-france\/wp-json\/wp\/v2\/pages\/375"}],"wp:attachment":[{"href":"https:\/\/www.kananas.com\/vudenhaut-france\/wp-json\/wp\/v2\/media?parent=75"}],"curies":[{"name":"wp","href":"https:\/\/api.w.org\/{rel}","templated":true}]}}