{"id":918,"date":"2012-10-01T20:04:07","date_gmt":"2012-10-01T20:04:07","guid":{"rendered":"http:\/\/www.gestasso.com\/association\/vudenhaut-france\/"},"modified":"2026-03-01T17:39:07","modified_gmt":"2026-03-01T16:39:07","slug":"flotte-brouillon","status":"publish","type":"page","link":"https:\/\/www.kananas.com\/vudenhaut-france\/flotte-brouillon\/","title":{"rendered":"Flotte"},"content":{"rendered":"\n<p class=\"has-text-align-center wp-block-paragraph\">\u00c9cole de pilotage avion &#8211; D\u00e9couvertes du vol &#8211; Bapt\u00eames de l&rsquo;air<\/p>\n\n\n\n<p class=\"has-text-align-center wp-block-paragraph\">Initiation au Pilotage<\/p>\n\n\n\n<p class=\"has-text-align-center wp-block-paragraph\">VSV \/ VFR de jour et de nuit \/ Loisir \/ Initiation IFR<\/p>\n\n\n\n<p class=\"has-text-align-center wp-block-paragraph\">Prorogations et Renouvellements LAPL \/ PPL &#8211; Prorogations IR ME<\/p>\n\n\n\n<p class=\"has-text-align-center wp-block-paragraph\">Tourisme \u00c9cologique sur Simulateur C172<\/p>\n\n\n\n<p class=\"has-text-align-center wp-block-paragraph\">Stage d&rsquo;Accompagnement des Dirigeants et de leurs \u00c9quipes&nbsp; !<\/p>\n\n\n\n<p class=\"has-text-align-left wp-block-paragraph\"><span style=\"text-decoration: underline\"><span style=\"font-size: 14pt\">SIMULATEUR C172 <strong>\u00ab\u00a0ASENT01\u00a0\u00bb<\/strong><\/span><\/span><em><br><\/em><\/p>\n\n\n<div class=\"wp-block-image\">\n<figure class=\"aligncenter\"><a href=\"http:\/\/www.kananas.com\/vudenhaut-france4021\/wp-content\/uploads\/sites\/1068\/2012\/10\/Simulateur.jpg\"><img loading=\"lazy\" decoding=\"async\" width=\"300\" height=\"225\" src=\"http:\/\/www.kananas.com\/vudenhaut-france4021\/wp-content\/uploads\/sites\/1068\/2012\/10\/Simulateur-300x225.jpg\" alt=\"Simulateur\" class=\"wp-image-1207\" srcset=\"https:\/\/www.kananas.com\/vudenhaut-france\/wp-content\/uploads\/sites\/1068\/2012\/10\/Simulateur-300x225.jpg 300w, https:\/\/www.kananas.com\/vudenhaut-france\/wp-content\/uploads\/sites\/1068\/2012\/10\/Simulateur-768x576.jpg 768w, https:\/\/www.kananas.com\/vudenhaut-france\/wp-content\/uploads\/sites\/1068\/2012\/10\/Simulateur.jpg 960w\" sizes=\"auto, (max-width: 300px) 100vw, 300px\" \/><\/a><figcaption class=\"wp-element-caption\">En approche\u2026<\/figcaption><\/figure>\n<\/div>\n\n\n<p class=\"wp-block-paragraph\"><span style=\"color: #ffffff\"><span style=\"color: #000000\"><strong><span style=\"color: #333333\"><span style=\"text-decoration: underline\">CESSNA.150<\/span><\/span><\/strong><\/span><\/span><\/p>\n\n\n\n<p class=\"wp-block-paragraph\"><span style=\"color: #ffffff\"><span style=\"color: #000000\"><em>(Machine en reconditionnement donc indisponible temporairement)<\/em><strong><br><\/strong><\/span><\/span><\/p>\n\n\n\n<p class=\"wp-block-paragraph\">1 \u00e0 2 Places \/ \u00c9cole de base \/ Murissement (Bloc d&rsquo;heures) \/ &#8230;<\/p>\n\n\n\n<p class=\"wp-block-paragraph\"><strong>\u00c9quip\u00e9 d&rsquo;un silencieux !<\/strong><\/p>\n\n\n<div class=\"wp-block-image\">\n<figure class=\"aligncenter\"><a href=\"http:\/\/www.kananas.com\/vudenhaut-france4021\/wp-content\/uploads\/sites\/1068\/2012\/10\/C.150.K2.jpg\" rel=\"attachment wp-att-1065\"><img loading=\"lazy\" decoding=\"async\" width=\"300\" height=\"100\" src=\"http:\/\/www.kananas.com\/vudenhaut-france4021\/wp-content\/uploads\/sites\/1068\/2012\/10\/C.150.K2-300x100.jpg\" alt=\"Cessna 150.K\" class=\"wp-image-1065\" srcset=\"https:\/\/www.kananas.com\/vudenhaut-france\/wp-content\/uploads\/sites\/1068\/2012\/10\/C.150.K2-300x100.jpg 300w, https:\/\/www.kananas.com\/vudenhaut-france\/wp-content\/uploads\/sites\/1068\/2012\/10\/C.150.K2-768x256.jpg 768w, https:\/\/www.kananas.com\/vudenhaut-france\/wp-content\/uploads\/sites\/1068\/2012\/10\/C.150.K2-1024x342.jpg 1024w, https:\/\/www.kananas.com\/vudenhaut-france\/wp-content\/uploads\/sites\/1068\/2012\/10\/C.150.K2.jpg 1066w\" sizes=\"auto, (max-width: 300px) 100vw, 300px\" \/><\/a><\/figure>\n<\/div>\n\n\n<p class=\"wp-block-paragraph\"><\/p>\n\n\n\n<p class=\"wp-block-paragraph\"><strong><span style=\"text-decoration: underline\">CESSNA 152<\/span><\/strong><\/p>\n\n\n\n<p class=\"wp-block-paragraph\">1 \u00e0 2 Places \/ Initiations \/ Vols d\u00e9couvertes \/ Vols en CdB \/ &#8230;<em><span style=\"font-size: 10pt\"><br><\/span><\/em><\/p>\n\n\n<div class=\"wp-block-image\">\n<figure class=\"aligncenter\"><img loading=\"lazy\" decoding=\"async\" width=\"300\" height=\"225\" src=\"https:\/\/www.kananas.com\/vudenhaut-france\/wp-content\/uploads\/sites\/1068\/2022\/06\/C152-300x225.jpg\" alt=\"C152\" class=\"wp-image-2565\" srcset=\"https:\/\/www.kananas.com\/vudenhaut-france\/wp-content\/uploads\/sites\/1068\/2022\/06\/C152-300x225.jpg 300w, https:\/\/www.kananas.com\/vudenhaut-france\/wp-content\/uploads\/sites\/1068\/2022\/06\/C152-1024x768.jpg 1024w, https:\/\/www.kananas.com\/vudenhaut-france\/wp-content\/uploads\/sites\/1068\/2022\/06\/C152-768x576.jpg 768w, https:\/\/www.kananas.com\/vudenhaut-france\/wp-content\/uploads\/sites\/1068\/2022\/06\/C152-1536x1152.jpg 1536w, https:\/\/www.kananas.com\/vudenhaut-france\/wp-content\/uploads\/sites\/1068\/2022\/06\/C152-2048x1536.jpg 2048w\" sizes=\"auto, (max-width: 300px) 100vw, 300px\" \/><\/figure>\n<\/div>\n\n\n<p class=\"wp-block-paragraph\"><\/p>\n\n\n\n<p class=\"wp-block-paragraph\"><strong><span style=\"text-decoration: underline;color: #333333\">HR.200 <\/span>(VFR jour et Nuit)<\/strong><\/p>\n\n\n\n<p class=\"wp-block-paragraph\">2 places 108HP &#8211; Formations<br><strong>Formations ABL-LAPL-PPL-Nuit <\/strong>\/ Double commandes \/<\/p>\n\n\n<div class=\"wp-block-image\">\n<figure class=\"aligncenter\"><img loading=\"lazy\" decoding=\"async\" width=\"300\" height=\"159\" src=\"https:\/\/www.kananas.com\/vudenhaut-france\/wp-content\/uploads\/sites\/1068\/2026\/02\/HR-300x159.jpg\" alt=\"HR 200\" class=\"wp-image-2797\" srcset=\"https:\/\/www.kananas.com\/vudenhaut-france\/wp-content\/uploads\/sites\/1068\/2026\/02\/HR-300x159.jpg 300w, https:\/\/www.kananas.com\/vudenhaut-france\/wp-content\/uploads\/sites\/1068\/2026\/02\/HR-768x408.jpg 768w, https:\/\/www.kananas.com\/vudenhaut-france\/wp-content\/uploads\/sites\/1068\/2026\/02\/HR-50x27.jpg 50w, https:\/\/www.kananas.com\/vudenhaut-france\/wp-content\/uploads\/sites\/1068\/2026\/02\/HR.jpg 1024w\" sizes=\"auto, (max-width: 300px) 100vw, 300px\" \/><\/figure>\n<\/div>\n\n\n<p class=\"wp-block-paragraph\"><\/p>\n\n\n\n<p class=\"has-text-align-left wp-block-paragraph\"><strong><span style=\"text-decoration: underline\"><span style=\"color: #333333;text-decoration: underline\">CESSNA 172 Skyhawk<\/span><\/span><\/strong><\/p>\n\n\n\n<p class=\"has-text-align-left wp-block-paragraph\">4 Places 180HP Injection &#8211; Voyages &#8211; <strong>VFR de nuit<\/strong> &#8211; Formations en Bin\u00f4me&#8230; &nbsp; &nbsp; &nbsp; &nbsp; &nbsp; &nbsp; &nbsp; &nbsp;<strong> \u00c9quip\u00e9 d&rsquo;un silencieux !<\/strong><em><strong><br><\/strong><\/em><\/p>\n\n\n<div class=\"wp-block-image\">\n<figure class=\"alignleft\"><img loading=\"lazy\" decoding=\"async\" width=\"275\" height=\"183\" src=\"http:\/\/www.kananas.com\/vudenhaut-france\/wp-content\/uploads\/sites\/1068\/2019\/08\/11C172.jpg\" alt=\"C172 Skyhawk\" class=\"wp-image-2268\" \/><\/figure>\n<\/div>\n\n<div class=\"wp-block-image\">\n<figure class=\"alignleft\"><img loading=\"lazy\" decoding=\"async\" width=\"264\" height=\"191\" src=\"http:\/\/www.kananas.com\/vudenhaut-france\/wp-content\/uploads\/sites\/1068\/2019\/08\/22C172.jpg\" alt=\"\" class=\"wp-image-2269\" \/><\/figure>\n<\/div>\n\n\n<p class=\"wp-block-paragraph\"><\/p>\n\n\n\n<p class=\"wp-block-paragraph\"><em><br><\/em><\/p>\n\n\n\n<p class=\"wp-block-paragraph\"><\/p>\n\n\n\n\n\n<p class=\"wp-block-paragraph\"><strong><span style=\"color: #808080\"><span style=\"color: #333333\"><span style=\"text-decoration: underline\">CESSNA 182T Glass Cockpit \/ PA.28.R<\/span><\/span><\/span><span style=\"text-decoration: underline;color: #333333\"><br><\/span><\/strong><\/p>\n\n\n\n<p class=\"wp-block-paragraph\">Perfectionnement &#8211; VFR de Nuit &#8211; Voyages&nbsp; &#8230;<\/p>\n\n\n\n<p class=\"wp-block-paragraph\"><strong>Initiation Vol aux Instruments ou\/et Glass Cockpit &#8230;<br><\/strong><\/p>\n\n\n\n<p class=\"wp-block-paragraph\"><strong>Entrainements &#8211; Renouvellements &#8211; Prorogations IFR &#8230;<br><\/strong><\/p>\n\n\n\n<p class=\"wp-block-paragraph\"><em><span style=\"color: #000000\">Double-commande uniquement (Pas d&rsquo;utilisation en CdB)<\/span><\/em><\/p>\n\n\n<div class=\"wp-block-image\">\n<figure class=\"aligncenter\"><a href=\"http:\/\/www.kananas.com\/vudenhaut-france4021\/wp-content\/uploads\/sites\/1068\/2012\/10\/2.jpg\" rel=\"attachment wp-att-1576\"><img loading=\"lazy\" decoding=\"async\" width=\"300\" height=\"168\" src=\"http:\/\/www.kananas.com\/vudenhaut-france4021\/wp-content\/uploads\/sites\/1068\/2012\/10\/2-300x168.jpg\" alt=\"2\" class=\"wp-image-1576\" \/><\/a><\/figure>\n<\/div>\n\n\n<p class=\"has-text-align-center wp-block-paragraph\"><em>Photo non contractuelle.<\/em><\/p>\n\n\n\n<p class=\"wp-block-paragraph\"><span style=\"color: #ffffff\"><span style=\"color: #000000\"><span style=\"color: #ffffff\">..<\/span><\/span><\/span><\/p>\n\n\n\n<figure class=\"wp-block-gallery has-nested-images columns-default is-cropped wp-block-gallery-1 is-layout-flex wp-block-gallery-is-layout-flex\">\n<figure class=\"wp-block-image size-large\"><img loading=\"lazy\" decoding=\"async\" width=\"1920\" height=\"1080\" data-id=\"2763\" src=\"https:\/\/www.kananas.com\/vudenhaut-france\/wp-content\/uploads\/sites\/1068\/2025\/10\/TB-GC-182-edited-1.jpg\" alt=\"\" class=\"wp-image-2763\" srcset=\"https:\/\/www.kananas.com\/vudenhaut-france\/wp-content\/uploads\/sites\/1068\/2025\/10\/TB-GC-182-edited-1.jpg 1920w, https:\/\/www.kananas.com\/vudenhaut-france\/wp-content\/uploads\/sites\/1068\/2025\/10\/TB-GC-182-edited-1-300x169.jpg 300w, https:\/\/www.kananas.com\/vudenhaut-france\/wp-content\/uploads\/sites\/1068\/2025\/10\/TB-GC-182-edited-1-1024x576.jpg 1024w, https:\/\/www.kananas.com\/vudenhaut-france\/wp-content\/uploads\/sites\/1068\/2025\/10\/TB-GC-182-edited-1-768x432.jpg 768w, https:\/\/www.kananas.com\/vudenhaut-france\/wp-content\/uploads\/sites\/1068\/2025\/10\/TB-GC-182-edited-1-1536x864.jpg 1536w, https:\/\/www.kananas.com\/vudenhaut-france\/wp-content\/uploads\/sites\/1068\/2025\/10\/TB-GC-182-edited-1-50x28.jpg 50w, https:\/\/www.kananas.com\/vudenhaut-france\/wp-content\/uploads\/sites\/1068\/2025\/10\/TB-GC-182-edited-1-1600x900.jpg 1600w\" sizes=\"auto, (max-width: 1920px) 100vw, 1920px\" \/><\/figure>\n<\/figure>\n","protected":false},"excerpt":{"rendered":"<p>\u00c9cole de pilotage avion &#8211; D\u00e9couvertes du vol &#8211; Bapt\u00eames de l&rsquo;air Initiation au Pilotage VSV \/ VFR de jour et de nuit \/ Loisir \/ Initiation IFR Prorogations et Renouvellements LAPL \/ PPL &#8211; Prorogations IR ME Tourisme \u00c9cologique &hellip; <a href=\"https:\/\/www.kananas.com\/vudenhaut-france\/flotte-brouillon\/\">Continuer la lecture <span class=\"meta-nav\">&rarr;<\/span><\/a><\/p>\n","protected":false},"author":1102,"featured_media":0,"parent":0,"menu_order":3,"comment_status":"closed","ping_status":"closed","template":"","meta":{"_crdt_document":"","footnotes":""},"class_list":["post-918","page","type-page","status-publish","hentry"],"_links":{"self":[{"href":"https:\/\/www.kananas.com\/vudenhaut-france\/wp-json\/wp\/v2\/pages\/918","targetHints":{"allow":["GET"]}}],"collection":[{"href":"https:\/\/www.kananas.com\/vudenhaut-france\/wp-json\/wp\/v2\/pages"}],"about":[{"href":"https:\/\/www.kananas.com\/vudenhaut-france\/wp-json\/wp\/v2\/types\/page"}],"author":[{"embeddable":true,"href":"https:\/\/www.kananas.com\/vudenhaut-france\/wp-json\/wp\/v2\/users\/1102"}],"replies":[{"embeddable":true,"href":"https:\/\/www.kananas.com\/vudenhaut-france\/wp-json\/wp\/v2\/comments?post=918"}],"version-history":[{"count":10,"href":"https:\/\/www.kananas.com\/vudenhaut-france\/wp-json\/wp\/v2\/pages\/918\/revisions"}],"predecessor-version":[{"id":2804,"href":"https:\/\/www.kananas.com\/vudenhaut-france\/wp-json\/wp\/v2\/pages\/918\/revisions\/2804"}],"wp:attachment":[{"href":"https:\/\/www.kananas.com\/vudenhaut-france\/wp-json\/wp\/v2\/media?parent=918"}],"curies":[{"name":"wp","href":"https:\/\/api.w.org\/{rel}","templated":true}]}}